{"id":20754,"date":"2025-08-22T18:22:19","date_gmt":"2025-08-22T16:22:19","guid":{"rendered":"https:\/\/www.lautre-maison.com\/descansar\/las-habitaciones\/africaine\/"},"modified":"2025-08-22T18:23:12","modified_gmt":"2025-08-22T16:23:12","slug":"africaine","status":"publish","type":"page","link":"https:\/\/www.lautre-maison.com\/es\/descansar\/las-habitaciones\/africaine\/","title":{"rendered":"Africaine"},"content":{"rendered":"<div class=\"wpb-content-wrapper\"><p>[vc_row css_animation=\u00bb\u00bb row_type=\u00bbrow\u00bb use_row_as_full_screen_section=\u00bbno\u00bb type=\u00bbfull_width\u00bb angled_section=\u00bbno\u00bb text_align=\u00bbleft\u00bb background_image_as_pattern=\u00bbwithout_pattern\u00bb][vc_column][qode_elements_holder background_color=\u00bbrgba(0,0,0,0.04)\u00bb number_of_columns=\u00bbtwo_columns\u00bb switch_to_one_column=\u00bb1000&#8243;][qode_elements_holder_item advanced_animations=\u00bbno\u00bb][vc_gallery interval=\u00bb3&#8243; images=\u00bb20704,20700,20748,20728,20696,20708,20724,20720,20736,20740,20712&#8243; img_size=\u00bb960&#215;1100&#8243; css=\u00bb.vc_custom_1755876872680{margin-bottom: -60px !important;}\u00bb][\/qode_elements_holder_item][qode_elements_holder_item vertical_alignment=\u00bbtop\u00bb advanced_animations=\u00bbno\u00bb item_padding=\u00bb20% 5% 5% 5%\u00bb][vc_column_text]<\/p>\n<h3>Africaine<\/h3>\n<p>[\/vc_column_text][vc_empty_space height=\u00bb20&#8243;][vc_column_text]<\/p>\n<h2>Un esp\u00edritu n\u00f3mada, con influencias \u00e9tnicas.<\/h2>\n<p>[\/vc_column_text][vc_empty_space height=\u00bb20&#8243;][vc_column_text css=\u00bb\u00bb]<\/p>\n<table>\n<tbody>\n<tr>\n<td style=\"text-align: center; vertical-align: middle;\" width=\"25\"><span data-type=\"normal\"  class=\"qode_icon_shortcode  q_font_awsome_icon fa-lg  \" style=\" \"><i class=\"qode_icon_font_awesome fa fa-male qode_icon_element\" style=\"color: #8a8c88;\" ><\/i><\/span><\/td>\n<td style=\"text-align: left; vertical-align: middle;\" width=\"121\">2 pers.<\/td>\n<td style=\"text-align: center; vertical-align: middle; border-left: 1px solid #8a8c88;\" colspan=\"3\" width=\"25\"><span data-type=\"normal\"  class=\"qode_icon_shortcode  q_font_awsome_icon fa-lg  \" style=\" \"><i class=\"qode_icon_font_awesome fa fa-bed qode_icon_element\" style=\"color: #8a8c88;\" ><\/i><\/span><\/td>\n<td style=\"text-align: left; vertical-align: middle;\" width=\"101\">Double (140)<\/td>\n<td style=\"text-align: center; vertical-align: middle; border-left: 1px solid #8a8c88;\" colspan=\"3\" width=\"25\"><span data-type=\"normal\"  class=\"qode_icon_shortcode  q_font_awsome_icon fa-lg  \" style=\" \"><i class=\"qode_icon_font_awesome fa fa-arrows-alt qode_icon_element\" style=\"color: #8a8c88;\" ><\/i><\/span><\/td>\n<td style=\"text-align: left; vertical-align: middle;\" width=\"81\">12 m<sup>2<\/sup><\/td>\n<td style=\"text-align: center; vertical-align: middle; border-left: 1px solid #8a8c88;\" colspan=\"3\" width=\"25\"><span data-type=\"normal\"  class=\"qode_icon_shortcode  q_font_awsome_icon fa-lg  \" style=\" \"><i class=\"qode_icon_font_awesome fa fa-snowflake-o qode_icon_element\" style=\"color: #8a8c88;\" ><\/i><\/span><\/td>\n<td style=\"text-align: left; vertical-align: middle;\" width=\"101\">A\/C<\/td>\n<\/tr>\n<\/tbody>\n<\/table>\n<p>[\/vc_column_text][vc_empty_space height=\u00bb20&#8243;][vc_column_text]Rel\u00e1jese en esta c\u00e1lida habitaci\u00f3n con decoraci\u00f3n tribal.<\/p>\n<p>Ubicada en la primera planta del edificio principal, esta habitaci\u00f3n de 12 m\u00b2 cuenta con una cama grande de 140 x 200 cm. El ba\u00f1o est\u00e1 ubicado fuera del dormitorio y cuenta con ducha y lavabo, el sanitario esta separado al otro lado del pasillo.<\/p>\n<p>[\/vc_column_text][\/qode_elements_holder_item][\/qode_elements_holder][\/vc_column][\/vc_row]<\/p>\n<\/div>","protected":false},"excerpt":{"rendered":"<p>[vc_row css_animation=\u00bb\u00bb row_type=\u00bbrow\u00bb use_row_as_full_screen_section=\u00bbno\u00bb type=\u00bbfull_width\u00bb angled_section=\u00bbno\u00bb text_align=\u00bbleft\u00bb background_image_as_pattern=\u00bbwithout_pattern\u00bb][vc_column][qode_elements_holder background_color=\u00bbrgba(0,0,0,0.04)\u00bb number_of_columns=\u00bbtwo_columns\u00bb switch_to_one_column=\u00bb1000&#8243;][qode_elements_holder_item advanced_animations=\u00bbno\u00bb][vc_gallery&#8230;<\/p>\n","protected":false},"author":1,"featured_media":0,"parent":18549,"menu_order":0,"comment_status":"closed","ping_status":"closed","template":"full_width.php","meta":{"_monsterinsights_skip_tracking":false,"_monsterinsights_sitenote_active":false,"_monsterinsights_sitenote_note":"","_monsterinsights_sitenote_category":0,"footnotes":""},"class_list":["post-20754","page","type-page","status-publish","hentry"],"yoast_head":"<!-- This site is optimized with the Yoast SEO plugin v27.4 - https:\/\/yoast.com\/product\/yoast-seo-wordpress\/ -->\n<title>Africaine - L&#039;Autre Maison<\/title>\n<meta name=\"robots\" content=\"index, follow, max-snippet:-1, max-image-preview:large, max-video-preview:-1\" \/>\n<link rel=\"canonical\" href=\"https:\/\/www.lautre-maison.com\/es\/descansar\/las-habitaciones\/africaine\/\" \/>\n<meta property=\"og:locale\" content=\"es_ES\" \/>\n<meta property=\"og:type\" content=\"article\" \/>\n<meta property=\"og:title\" content=\"Africaine - L&#039;Autre Maison\" \/>\n<meta property=\"og:description\" content=\"[vc_row css_animation=\u00bb\u00bb row_type=\u00bbrow\u00bb use_row_as_full_screen_section=\u00bbno\u00bb type=\u00bbfull_width\u00bb angled_section=\u00bbno\u00bb text_align=\u00bbleft\u00bb background_image_as_pattern=\u00bbwithout_pattern\u00bb][vc_column][qode_elements_holder background_color=\u00bbrgba(0,0,0,0.04)\u00bb number_of_columns=\u00bbtwo_columns\u00bb switch_to_one_column=\u00bb1000&#8243;][qode_elements_holder_item advanced_animations=\u00bbno\u00bb][vc_gallery...\" \/>\n<meta property=\"og:url\" content=\"https:\/\/www.lautre-maison.com\/es\/descansar\/las-habitaciones\/africaine\/\" \/>\n<meta property=\"og:site_name\" content=\"L&#039;Autre Maison\" \/>\n<meta property=\"article:publisher\" content=\"https:\/\/www.facebook.com\/lautremaison.StJean\/\" \/>\n<meta property=\"article:modified_time\" content=\"2025-08-22T16:23:12+00:00\" \/>\n<meta property=\"og:image\" content=\"https:\/\/www.lautre-maison.com\/wp-content\/uploads\/2025\/08\/IMG_4546.jpeg\" \/>\n\t<meta property=\"og:image:width\" content=\"1200\" \/>\n\t<meta property=\"og:image:height\" content=\"960\" \/>\n\t<meta property=\"og:image:type\" content=\"image\/jpeg\" \/>\n<meta name=\"twitter:card\" content=\"summary_large_image\" \/>\n<meta name=\"twitter:label1\" content=\"Tiempo de lectura\" \/>\n\t<meta name=\"twitter:data1\" content=\"2 minutos\" \/>\n<script type=\"application\/ld+json\" class=\"yoast-schema-graph\">{\"@context\":\"https:\\\/\\\/schema.org\",\"@graph\":[{\"@type\":\"WebPage\",\"@id\":\"https:\\\/\\\/www.lautre-maison.com\\\/es\\\/descansar\\\/las-habitaciones\\\/africaine\\\/\",\"url\":\"https:\\\/\\\/www.lautre-maison.com\\\/es\\\/descansar\\\/las-habitaciones\\\/africaine\\\/\",\"name\":\"Africaine - L&#039;Autre Maison\",\"isPartOf\":{\"@id\":\"https:\\\/\\\/www.lautre-maison.com\\\/es\\\/#website\"},\"datePublished\":\"2025-08-22T16:22:19+00:00\",\"dateModified\":\"2025-08-22T16:23:12+00:00\",\"breadcrumb\":{\"@id\":\"https:\\\/\\\/www.lautre-maison.com\\\/es\\\/descansar\\\/las-habitaciones\\\/africaine\\\/#breadcrumb\"},\"inLanguage\":\"es\",\"potentialAction\":[{\"@type\":\"ReadAction\",\"target\":[\"https:\\\/\\\/www.lautre-maison.com\\\/es\\\/descansar\\\/las-habitaciones\\\/africaine\\\/\"]}]},{\"@type\":\"BreadcrumbList\",\"@id\":\"https:\\\/\\\/www.lautre-maison.com\\\/es\\\/descansar\\\/las-habitaciones\\\/africaine\\\/#breadcrumb\",\"itemListElement\":[{\"@type\":\"ListItem\",\"position\":1,\"name\":\"Accueil\",\"item\":\"https:\\\/\\\/www.lautre-maison.com\\\/es\\\/\"},{\"@type\":\"ListItem\",\"position\":2,\"name\":\"Descansar\",\"item\":\"https:\\\/\\\/www.lautre-maison.com\\\/es\\\/sejourner\\\/\"},{\"@type\":\"ListItem\",\"position\":3,\"name\":\"Las habitaciones\",\"item\":\"https:\\\/\\\/www.lautre-maison.com\\\/es\\\/sejourner\\\/les-chambres\\\/\"},{\"@type\":\"ListItem\",\"position\":4,\"name\":\"Africaine\"}]},{\"@type\":\"WebSite\",\"@id\":\"https:\\\/\\\/www.lautre-maison.com\\\/es\\\/#website\",\"url\":\"https:\\\/\\\/www.lautre-maison.com\\\/es\\\/\",\"name\":\"L'Autre Maison\",\"description\":\"G\u00eetes et Chambres d&#039;H\u00f4tes de Charme\",\"publisher\":{\"@id\":\"https:\\\/\\\/www.lautre-maison.com\\\/es\\\/#organization\"},\"potentialAction\":[{\"@type\":\"SearchAction\",\"target\":{\"@type\":\"EntryPoint\",\"urlTemplate\":\"https:\\\/\\\/www.lautre-maison.com\\\/es\\\/?s={search_term_string}\"},\"query-input\":{\"@type\":\"PropertyValueSpecification\",\"valueRequired\":true,\"valueName\":\"search_term_string\"}}],\"inLanguage\":\"es\"},{\"@type\":\"Organization\",\"@id\":\"https:\\\/\\\/www.lautre-maison.com\\\/es\\\/#organization\",\"name\":\"L'Autre Maison\",\"url\":\"https:\\\/\\\/www.lautre-maison.com\\\/es\\\/\",\"logo\":{\"@type\":\"ImageObject\",\"inLanguage\":\"es\",\"@id\":\"https:\\\/\\\/www.lautre-maison.com\\\/es\\\/#\\\/schema\\\/logo\\\/image\\\/\",\"url\":\"https:\\\/\\\/www.lautre-maison.com\\\/wp-content\\\/uploads\\\/2020\\\/01\\\/cropped-Logo-Simple.jpg\",\"contentUrl\":\"https:\\\/\\\/www.lautre-maison.com\\\/wp-content\\\/uploads\\\/2020\\\/01\\\/cropped-Logo-Simple.jpg\",\"width\":512,\"height\":512,\"caption\":\"L'Autre Maison\"},\"image\":{\"@id\":\"https:\\\/\\\/www.lautre-maison.com\\\/es\\\/#\\\/schema\\\/logo\\\/image\\\/\"},\"sameAs\":[\"https:\\\/\\\/www.facebook.com\\\/lautremaison.StJean\\\/\",\"https:\\\/\\\/www.instagram.com\\\/lautremaison\\\/\",\"https:\\\/\\\/www.pinterest.fr\\\/lautremaison\\\/\"]}]}<\/script>\n<!-- \/ Yoast SEO plugin. -->","yoast_head_json":{"title":"Africaine - L&#039;Autre Maison","robots":{"index":"index","follow":"follow","max-snippet":"max-snippet:-1","max-image-preview":"max-image-preview:large","max-video-preview":"max-video-preview:-1"},"canonical":"https:\/\/www.lautre-maison.com\/es\/descansar\/las-habitaciones\/africaine\/","og_locale":"es_ES","og_type":"article","og_title":"Africaine - L&#039;Autre Maison","og_description":"[vc_row css_animation=\u00bb\u00bb row_type=\u00bbrow\u00bb use_row_as_full_screen_section=\u00bbno\u00bb type=\u00bbfull_width\u00bb angled_section=\u00bbno\u00bb text_align=\u00bbleft\u00bb background_image_as_pattern=\u00bbwithout_pattern\u00bb][vc_column][qode_elements_holder background_color=\u00bbrgba(0,0,0,0.04)\u00bb number_of_columns=\u00bbtwo_columns\u00bb switch_to_one_column=\u00bb1000&#8243;][qode_elements_holder_item advanced_animations=\u00bbno\u00bb][vc_gallery...","og_url":"https:\/\/www.lautre-maison.com\/es\/descansar\/las-habitaciones\/africaine\/","og_site_name":"L&#039;Autre Maison","article_publisher":"https:\/\/www.facebook.com\/lautremaison.StJean\/","article_modified_time":"2025-08-22T16:23:12+00:00","og_image":[{"width":1200,"height":960,"url":"https:\/\/www.lautre-maison.com\/wp-content\/uploads\/2025\/08\/IMG_4546.jpeg","type":"image\/jpeg"}],"twitter_card":"summary_large_image","twitter_misc":{"Tiempo de lectura":"2 minutos"},"schema":{"@context":"https:\/\/schema.org","@graph":[{"@type":"WebPage","@id":"https:\/\/www.lautre-maison.com\/es\/descansar\/las-habitaciones\/africaine\/","url":"https:\/\/www.lautre-maison.com\/es\/descansar\/las-habitaciones\/africaine\/","name":"Africaine - L&#039;Autre Maison","isPartOf":{"@id":"https:\/\/www.lautre-maison.com\/es\/#website"},"datePublished":"2025-08-22T16:22:19+00:00","dateModified":"2025-08-22T16:23:12+00:00","breadcrumb":{"@id":"https:\/\/www.lautre-maison.com\/es\/descansar\/las-habitaciones\/africaine\/#breadcrumb"},"inLanguage":"es","potentialAction":[{"@type":"ReadAction","target":["https:\/\/www.lautre-maison.com\/es\/descansar\/las-habitaciones\/africaine\/"]}]},{"@type":"BreadcrumbList","@id":"https:\/\/www.lautre-maison.com\/es\/descansar\/las-habitaciones\/africaine\/#breadcrumb","itemListElement":[{"@type":"ListItem","position":1,"name":"Accueil","item":"https:\/\/www.lautre-maison.com\/es\/"},{"@type":"ListItem","position":2,"name":"Descansar","item":"https:\/\/www.lautre-maison.com\/es\/sejourner\/"},{"@type":"ListItem","position":3,"name":"Las habitaciones","item":"https:\/\/www.lautre-maison.com\/es\/sejourner\/les-chambres\/"},{"@type":"ListItem","position":4,"name":"Africaine"}]},{"@type":"WebSite","@id":"https:\/\/www.lautre-maison.com\/es\/#website","url":"https:\/\/www.lautre-maison.com\/es\/","name":"L'Autre Maison","description":"G\u00eetes et Chambres d&#039;H\u00f4tes de Charme","publisher":{"@id":"https:\/\/www.lautre-maison.com\/es\/#organization"},"potentialAction":[{"@type":"SearchAction","target":{"@type":"EntryPoint","urlTemplate":"https:\/\/www.lautre-maison.com\/es\/?s={search_term_string}"},"query-input":{"@type":"PropertyValueSpecification","valueRequired":true,"valueName":"search_term_string"}}],"inLanguage":"es"},{"@type":"Organization","@id":"https:\/\/www.lautre-maison.com\/es\/#organization","name":"L'Autre Maison","url":"https:\/\/www.lautre-maison.com\/es\/","logo":{"@type":"ImageObject","inLanguage":"es","@id":"https:\/\/www.lautre-maison.com\/es\/#\/schema\/logo\/image\/","url":"https:\/\/www.lautre-maison.com\/wp-content\/uploads\/2020\/01\/cropped-Logo-Simple.jpg","contentUrl":"https:\/\/www.lautre-maison.com\/wp-content\/uploads\/2020\/01\/cropped-Logo-Simple.jpg","width":512,"height":512,"caption":"L'Autre Maison"},"image":{"@id":"https:\/\/www.lautre-maison.com\/es\/#\/schema\/logo\/image\/"},"sameAs":["https:\/\/www.facebook.com\/lautremaison.StJean\/","https:\/\/www.instagram.com\/lautremaison\/","https:\/\/www.pinterest.fr\/lautremaison\/"]}]}},"_links":{"self":[{"href":"https:\/\/www.lautre-maison.com\/es\/wp-json\/wp\/v2\/pages\/20754","targetHints":{"allow":["GET"]}}],"collection":[{"href":"https:\/\/www.lautre-maison.com\/es\/wp-json\/wp\/v2\/pages"}],"about":[{"href":"https:\/\/www.lautre-maison.com\/es\/wp-json\/wp\/v2\/types\/page"}],"author":[{"embeddable":true,"href":"https:\/\/www.lautre-maison.com\/es\/wp-json\/wp\/v2\/users\/1"}],"replies":[{"embeddable":true,"href":"https:\/\/www.lautre-maison.com\/es\/wp-json\/wp\/v2\/comments?post=20754"}],"version-history":[{"count":4,"href":"https:\/\/www.lautre-maison.com\/es\/wp-json\/wp\/v2\/pages\/20754\/revisions"}],"predecessor-version":[{"id":20758,"href":"https:\/\/www.lautre-maison.com\/es\/wp-json\/wp\/v2\/pages\/20754\/revisions\/20758"}],"up":[{"embeddable":true,"href":"https:\/\/www.lautre-maison.com\/es\/wp-json\/wp\/v2\/pages\/18549"}],"wp:attachment":[{"href":"https:\/\/www.lautre-maison.com\/es\/wp-json\/wp\/v2\/media?parent=20754"}],"curies":[{"name":"wp","href":"https:\/\/api.w.org\/{rel}","templated":true}]}}