{"id":18782,"date":"2023-08-08T16:12:30","date_gmt":"2023-08-08T14:12:30","guid":{"rendered":"https:\/\/www.lautre-maison.com\/descansar\/la-casa\/"},"modified":"2025-11-06T11:06:50","modified_gmt":"2025-11-06T10:06:50","slug":"la-casa","status":"publish","type":"page","link":"https:\/\/www.lautre-maison.com\/es\/descansar\/la-casa\/","title":{"rendered":"La Casa"},"content":{"rendered":"<div class=\"wpb-content-wrapper\"><p>[vc_row css_animation=\u00bb\u00bb row_type=\u00bbrow\u00bb use_row_as_full_screen_section=\u00bbno\u00bb type=\u00bbfull_width\u00bb angled_section=\u00bbno\u00bb text_align=\u00bbleft\u00bb background_image_as_pattern=\u00bbwithout_pattern\u00bb][vc_column][vc_empty_space height=\u00bb30&#8243; css=\u00bb.vc_custom_1587812631488{background-color: #ffffff !important;}\u00bb][\/vc_column][\/vc_row][vc_row css_animation=\u00bb\u00bb row_type=\u00bbrow\u00bb use_row_as_full_screen_section=\u00bbno\u00bb type=\u00bbfull_width\u00bb angled_section=\u00bbno\u00bb text_align=\u00bbleft\u00bb background_image_as_pattern=\u00bbwithout_pattern\u00bb][vc_column][qode_elements_holder number_of_columns=\u00bbtwo_columns\u00bb switch_to_one_column=\u00bb1000&#8243;][qode_elements_holder_item advanced_animations=\u00bbno\u00bb item_padding=\u00bb20px 9% 30px 9%\u00bb][vc_column_text]<\/p>\n<h1>La casa<\/h1>\n<p>[\/vc_column_text][vc_empty_space height=\u00bb20&#8243;][vc_column_text]<\/p>\n<h2>Quedense en esta preciosa granja de seda convertida en alojamiento para grupos<\/h2>\n<p>[\/vc_column_text][vc_empty_space height=\u00bb20&#8243;][vc_column_text]L&#8217;Autre Maison le ofrece la posibilidad de encontrarse en total autonom\u00eda para una estancia en grupo, con amigos, durante una reuni\u00f3n familiar o para una reuni\u00f3n profesional.<\/p>\n<p>Alquile toda la casa entera para un m\u00e1ximo de 18 personas. Disfruta de 7 dormitorios, 7 ba\u00f1os, una gran cocina bien equipada, un amplio comedor, un sal\u00f3n de TV y un sal\u00f3n con chimenea y biblioteca.<\/p>\n<p>La casa est\u00e1 adaptada para alojar a personas con movilidad reducida: toda la planta principal con las zonas de estar es accesible, el dormitorio <a href=\"https:\/\/www.lautre-maison.com\/es\/descansar\/las-habitaciones\/#capitelle\">Capitelle<\/a> con su ba\u00f1o est\u00e1 totalmente adaptado. Un ascensor exterior da acceso al patio con piscina.<\/p>\n<p>Para pasar un buen rato al aire libre dispones de un gran patio con piscina, un sal\u00f3n de verano con futbol\u00edn, ping-pong y varias terrazas soleadas. Sin olvidar un amplio garaje para albergar de 2 a 3 coches.[\/vc_column_text][vc_empty_space height=\u00bb20&#8243;]<a  itemprop=\"url\" href=\"https:\/\/www.lautre-maison.com\/es\/contact-reservas\/tarifas-y-reservas\/#la_maison\" target=\"_self\"  class=\"qbutton  default\" style=\"\">Reservar<\/a>[\/qode_elements_holder_item][qode_elements_holder_item advanced_animations=\u00bbno\u00bb][vc_gallery interval=\u00bb3&#8243; images=\u00bb20012,20008,19257&#8243; img_size=\u00bb960&#215;1100&#8243; css=\u00bb.vc_custom_1755158690119{margin-bottom: -60px !important;}\u00bb][\/qode_elements_holder_item][\/qode_elements_holder][\/vc_column][\/vc_row][vc_row css_animation=\u00bb\u00bb row_type=\u00bbrow\u00bb use_row_as_full_screen_section=\u00bbno\u00bb type=\u00bbfull_width\u00bb angled_section=\u00bbno\u00bb text_align=\u00bbleft\u00bb background_image_as_pattern=\u00bbwithout_pattern\u00bb][vc_column][vc_empty_space height=\u00bb20&#8243; css=\u00bb.vc_custom_1587814526926{background-color: #ffffff !important;}\u00bb][\/vc_column][\/vc_row][vc_row css_animation=\u00bb\u00bb row_type=\u00bbrow\u00bb use_row_as_full_screen_section=\u00bbno\u00bb type=\u00bbfull_width\u00bb angled_section=\u00bbno\u00bb text_align=\u00bbleft\u00bb background_image_as_pattern=\u00bbwithout_pattern\u00bb][vc_column][qode_elements_holder number_of_columns=\u00bbtwo_columns\u00bb switch_to_one_column=\u00bb1000&#8243;][qode_elements_holder_item advanced_animations=\u00bbno\u00bb][vc_gallery interval=\u00bb3&#8243; images=\u00bb20017,20025,20029&#8243; img_size=\u00bb960&#215;1100&#8243; css=\u00bb.vc_custom_1755159059438{margin-bottom: -60px !important;}\u00bb][\/qode_elements_holder_item][qode_elements_holder_item advanced_animations=\u00bbno\u00bb item_padding=\u00bb20px 9% 30px 9%\u00bb][vc_column_text css=\u00bb\u00bb]<b>La casa rural est\u00e1 abierta todo el a\u00f1o, para alquiler semanal o de fin de semana.<\/b><\/p>\n<p>&nbsp;<\/p>\n<p>La casa se alquila a partir de 2 noches. Nuestras tarifas var\u00edan seg\u00fan la temporada e incluyen el alquiler de s\u00e1banas, toallas de ba\u00f1o y acceso a internet. Se cobrar\u00e1 un suplemento de 250 \u20ac por la limpieza de final de estancia.<br \/><b>Consulte nuestras tarifas y disponibilidad en la p\u00e1gina\u00a0<a href=\"https:\/\/www.lautre-maison.com\/es\/contact-reservas\/tarifas-y-reservas\/#la_maison\">reservas<\/a>\u00a0o simplemente <a href=\"https:\/\/www.lautre-maison.com\/es\/contact-reservas\/\">cont\u00e1ctenos<\/a> directemente, estaremos encantados de ayudarle a planificar su pr\u00f3xima estancia con nosotros.<\/b><\/p>\n<p>&nbsp;<\/p>\n<p>Se admiten mascotas, p\u00f3ngase en contacto con nosotros con antelaci\u00f3n para informarnos de la presencia de su animal de compa\u00f1ia.[\/vc_column_text][vc_empty_space height=\u00bb20&#8243;]<a  itemprop=\"url\" href=\"https:\/\/www.lautre-maison.com\/es\/contact-reservas\/tarifas-y-reservas\/#la_maison\" target=\"_self\"  class=\"qbutton  default\" style=\"\">Reservar<\/a>[\/qode_elements_holder_item][\/qode_elements_holder][\/vc_column][\/vc_row][vc_row css_animation=\u00bb\u00bb row_type=\u00bbrow\u00bb use_row_as_full_screen_section=\u00bbno\u00bb type=\u00bbfull_width\u00bb angled_section=\u00bbno\u00bb text_align=\u00bbleft\u00bb background_image_as_pattern=\u00bbwithout_pattern\u00bb][vc_column][vc_empty_space height=\u00bb20&#8243; css=\u00bb.vc_custom_1587908100487{background-color: #ffffff !important;}\u00bb][\/vc_column][\/vc_row][vc_row css_animation=\u00bb\u00bb row_type=\u00bbrow\u00bb use_row_as_full_screen_section=\u00bbno\u00bb type=\u00bbfull_width\u00bb angled_section=\u00bbno\u00bb text_align=\u00bbleft\u00bb background_image_as_pattern=\u00bbwithout_pattern\u00bb][vc_column][qode_elements_holder number_of_columns=\u00bbtwo_columns\u00bb switch_to_one_column=\u00bb1000&#8243;][qode_elements_holder_item advanced_animations=\u00bbno\u00bb item_padding=\u00bb20px 9% 30px 9%\u00bb][vc_column_text]<\/p>\n<h2>Un lugar para cada ocasi\u00f3n<\/h2>\n<p>&nbsp;<\/p>\n<p>Ya sea para una buena comida, para un momento de relax o para entretenerse, <strong>L\u2019Autre Maison se adapta a cada ocasi\u00f3n<\/strong>.<\/p>\n<p>&nbsp;<\/p>\n<p><strong>Del\u00e9itese<\/strong> y disfrute de una cocina espaciosa y bien equipada. As\u00ed como un comedor con una gran mesa de 4 metros de largo y hermosas terrazas para sus comidas gourmet y de convivencia.<\/p>\n<p>&nbsp;<\/p>\n<p><strong>Rel\u00e1jese<\/strong> en la piscina o en uno de los c\u00f3modos salones.<\/p>\n<p>&nbsp;<\/p>\n<p><strong>Divi\u00e9rtese<\/strong> y p\u00e1salo bien alrededor del futbol\u00edn. O divi\u00e9rtese con juegos de mesa en la terraza o en la sala de estar para un momento de amistad.<\/p>\n<p>&nbsp;<\/p>\n<p>O bien <strong>esc\u00e1pese<\/strong>, y tambi\u00e9n disfrute de un momento de deporte y naturaleza explorando el campo a 2 pasos de la casa.[\/vc_column_text][vc_empty_space height=\u00bb20&#8243;]<a  itemprop=\"url\" href=\"https:\/\/www.lautre-maison.com\/es\/contact-reservas\/tarifas-y-reservas\/#la_maison\" target=\"_self\"  class=\"qbutton  default\" style=\"\">Reservar<\/a>[\/qode_elements_holder_item][qode_elements_holder_item advanced_animations=\u00bbno\u00bb][vc_gallery interval=\u00bb3&#8243; images=\u00bb19621,20042,20034&#8243; img_size=\u00bb960&#215;1100&#8243; css=\u00bb.vc_custom_1755159715988{margin-bottom: -60px !important;}\u00bb][\/qode_elements_holder_item][\/qode_elements_holder][\/vc_column][\/vc_row][vc_row css_animation=\u00bb\u00bb row_type=\u00bbrow\u00bb use_row_as_full_screen_section=\u00bbno\u00bb type=\u00bbfull_width\u00bb angled_section=\u00bbno\u00bb text_align=\u00bbleft\u00bb background_image_as_pattern=\u00bbwithout_pattern\u00bb][vc_column][vc_empty_space height=\u00bb20&#8243; css=\u00bb.vc_custom_1587908100487{background-color: #ffffff !important;}\u00bb][\/vc_column][\/vc_row][vc_row css_animation=\u00bb\u00bb row_type=\u00bbrow\u00bb use_row_as_full_screen_section=\u00bbno\u00bb type=\u00bbfull_width\u00bb angled_section=\u00bbno\u00bb text_align=\u00bbleft\u00bb background_image_as_pattern=\u00bbwithout_pattern\u00bb][vc_column][qode_elements_holder number_of_columns=\u00bbtwo_columns\u00bb switch_to_one_column=\u00bb1000&#8243;][qode_elements_holder_item advanced_animations=\u00bbno\u00bb][vc_gallery interval=\u00bb3&#8243; images=\u00bb20057,20061,19853,19885&#8243; img_size=\u00bb960&#215;1100&#8243; css=\u00bb.vc_custom_1755162095769{margin-bottom: -60px !important;}\u00bb][\/qode_elements_holder_item][qode_elements_holder_item advanced_animations=\u00bbno\u00bb item_padding=\u00bb20px 9% 30px 9%\u00bb][vc_column_text]<\/p>\n<h2>Respeto a la privacidad de cada uno<\/h2>\n<p>&nbsp;<\/p>\n<p>L\u2019Autre Maison le ofrece la oportunidad de pasar un buen rato en grupo mientras <strong>respeta la privacidad <\/strong>de todos.<\/p>\n<p>&nbsp;<\/p>\n<p><strong>La Casa le ofrece 7 dormitorios<\/strong>. Dispone de 5 habitaciones dobles: <a href=\"https:\/\/www.lautre-maison.com\/es\/descansar\/las-habitaciones\/#capitelle\">Capitelle<\/a>, <a href=\"http:\/\/www.lautre-maison.com\/sejourner\/les-chambres\/chambre-africaine\/\">Africaine<\/a>, <a href=\"https:\/\/www.lautre-maison.com\/es\/descansar\/las-habitaciones\/#pintade\">Pintade<\/a>, <a href=\"https:\/\/www.lautre-maison.com\/es\/descansar\/la-vieille-ferme\/#Petanque\">P\u00e9tanque<\/a> et <a href=\"https:\/\/www.lautre-maison.com\/es\/descansar\/la-vieille-ferme\/#Pigeonnier\">Pigeonnier<\/a>, as\u00ed como una habitaci\u00f3n triple: <a href=\"https:\/\/www.lautre-maison.com\/es\/descansar\/la-vieille-ferme\/#Figoulade\">Figoulade<\/a>; y tambi\u00e9n una habitaci\u00f3n familiar para 5 personas: <a href=\"https:\/\/www.lautre-maison.com\/es\/descansar\/las-habitaciones\/#poulailler\">Poulailler<\/a>.<\/p>\n<p>&nbsp;<\/p>\n<p>Para que se respete la comodidad de todos. <strong>Cada habitaci\u00f3n tiene su propio ba\u00f1o<\/strong>.<\/p>\n<p>&nbsp;<\/p>\n<p>As\u00ed, incluso estando en grupo, todos encontrar\u00e1n <strong>un lugar tranquilo<\/strong> para descansar.[\/vc_column_text][vc_empty_space height=\u00bb20&#8243;]<a  itemprop=\"url\" href=\"https:\/\/www.lautre-maison.com\/es\/contact-reservas\/tarifas-y-reservas\/#la_maison\" target=\"_self\"  class=\"qbutton  default\" style=\"\">Reservar<\/a>[\/qode_elements_holder_item][\/qode_elements_holder][vc_empty_space height=\u00bb20&#8243; css=\u00bb.vc_custom_1587908100487{background-color: #ffffff !important;}\u00bb][\/vc_column][\/vc_row][vc_row css_animation=\u00bb\u00bb row_type=\u00bbrow\u00bb use_row_as_full_screen_section=\u00bbno\u00bb type=\u00bbfull_width\u00bb angled_section=\u00bbno\u00bb text_align=\u00bbleft\u00bb background_image_as_pattern=\u00bbwithout_pattern\u00bb][vc_column][qode_elements_holder number_of_columns=\u00bbtwo_columns\u00bb][qode_elements_holder_item advanced_animations=\u00bbno\u00bb item_padding=\u00bb20px 9% 30px 9%\u00bb][vc_column_text]<\/p>\n<h2>Equipamentos como en casa<\/h2>\n<p>[\/vc_column_text][vc_empty_space height=\u00bb40&#8243;]<div class=\"qode-accordion-holder clearfix qode-toggle qode-initial \">\n\t<h4 class=\"clearfix qode-title-holder\">\n<span class=\"qode-tab-title\">\n\t    <span class=\"qode-tab-title-inner\">\n        General    <\/span>\n<\/span>\n<span class=\"qode-accordion-mark\">\n    <span class=\"qode-accordion-mark-icon\">\n        <span class=\"icon_plus\"><\/span>\n        <span class=\"icon_minus-06\"><\/span>\n    <\/span>\n<\/span>\n<\/h4>\n<div  class=\"qode-accordion-content \" >\n    <div class=\"qode-accordion-content-inner\">\n        [vc_column_text css=\u00bb\u00bb]S\u00e1banas y toallas de ba\u00f1o proporcionadas &#8211; Ropa de hogar &#8211; Secador de pelo &#8211; Cuna (bajo petici\u00f3n) &#8211; Silla alta de beb\u00e9 (bajo petici\u00f3n) &#8211; Acceso WiFi &#8211; Lavadora &#8211; Aspirador &#8211; Tabla de planchar y plancha &#8211; Tel\u00e9fono &#8211; Calefacci\u00f3n &#8211; Garaje &#8211; Estufa de le\u00f1a &#8211; Ventilador &#8211; Aire acondicionado (5 dormitorios) &#8211; Ascensor[\/vc_column_text]    <\/div>\n<\/div><h4 class=\"clearfix qode-title-holder\">\n<span class=\"qode-tab-title\">\n\t    <span class=\"qode-tab-title-inner\">\n        Cocina    <\/span>\n<\/span>\n<span class=\"qode-accordion-mark\">\n    <span class=\"qode-accordion-mark-icon\">\n        <span class=\"icon_plus\"><\/span>\n        <span class=\"icon_minus-06\"><\/span>\n    <\/span>\n<\/span>\n<\/h4>\n<div  class=\"qode-accordion-content \" >\n    <div class=\"qode-accordion-content-inner\">\n        [vc_column_text]Frigor\u00edfico combi americano &#8211; M\u00e1quina de hielo &#8211; Lavavajillas &#8211; Cocina de gas SMEG de 5 fuegos &#8211; Horno grande &#8211; Horno microondas &#8211; Cafetera de filtro &#8211; Cafetera de c\u00e1psulas Nespresso &#8211; Hervidor de agua &#8211; Tostador &#8211; Batidora de inmersi\u00f3n &#8211; Robot de cocina &#8211; Equipamiento de cocina completo &#8211; Vajilla y cubiertos para 18 &#8211; Raclette grill (bajo petici\u00f3n)[\/vc_column_text]    <\/div>\n<\/div><h4 class=\"clearfix qode-title-holder\">\n<span class=\"qode-tab-title\">\n\t    <span class=\"qode-tab-title-inner\">\n        Ocio    <\/span>\n<\/span>\n<span class=\"qode-accordion-mark\">\n    <span class=\"qode-accordion-mark-icon\">\n        <span class=\"icon_plus\"><\/span>\n        <span class=\"icon_minus-06\"><\/span>\n    <\/span>\n<\/span>\n<\/h4>\n<div  class=\"qode-accordion-content \" >\n    <div class=\"qode-accordion-content-inner\">\n        [vc_column_text css=\u00bb\u00bb]Televisi\u00f3n con acceso a Netflix &#8211; CD\/DVD\/Bluray &#8211; Videoteca (DVD) &#8211; Altavoz bluetooth &#8211; Libros &#8211; Juguetes &#8211; Juegos de mesa &#8211; Futbol\u00edn &#8211; Mesa de ping-pong[\/vc_column_text]    <\/div>\n<\/div><h4 class=\"clearfix qode-title-holder\">\n<span class=\"qode-tab-title\">\n\t    <span class=\"qode-tab-title-inner\">\n        Exteriores    <\/span>\n<\/span>\n<span class=\"qode-accordion-mark\">\n    <span class=\"qode-accordion-mark-icon\">\n        <span class=\"icon_plus\"><\/span>\n        <span class=\"icon_minus-06\"><\/span>\n    <\/span>\n<\/span>\n<\/h4>\n<div  class=\"qode-accordion-content \" >\n    <div class=\"qode-accordion-content-inner\">\n        [vc_column_text]Piscina 7 x 4 m\u00e8tres &#8211; Tumbonas &#8211; Sal\u00f3n de jard\u00edn &#8211; sombrilla de playa &#8211; Barbacoa Weber[\/vc_column_text]    <\/div>\n<\/div><\/div>[\/qode_elements_holder_item][qode_elements_holder_item advanced_animations=\u00bbno\u00bb][vc_gallery interval=\u00bb3&#8243; images=\u00bb20073,20069&#8243; img_size=\u00bb960&#215;1100&#8243; css=\u00bb.vc_custom_1755162720309{margin-bottom: -60px !important;}\u00bb][\/qode_elements_holder_item][\/qode_elements_holder][\/vc_column][\/vc_row][vc_row css_animation=\u00bb\u00bb row_type=\u00bbrow\u00bb use_row_as_full_screen_section=\u00bbno\u00bb type=\u00bbfull_width\u00bb angled_section=\u00bbno\u00bb text_align=\u00bbleft\u00bb background_image_as_pattern=\u00bbwithout_pattern\u00bb][vc_column][vc_empty_space height=\u00bb20&#8243; css=\u00bb.vc_custom_1587975016558{background-color: #ffffff !important;}\u00bb][\/vc_column][\/vc_row][vc_row css_animation=\u00bb\u00bb row_type=\u00bbrow\u00bb use_row_as_full_screen_section=\u00bbno\u00bb type=\u00bbfull_width\u00bb angled_section=\u00bbno\u00bb text_align=\u00bbleft\u00bb background_image_as_pattern=\u00bbwithout_pattern\u00bb][vc_column][vc_empty_space height=\u00bb20px\u00bb][vc_column_text css=\u00bb\u00bb]<\/p>\n<h3 style=\"text-align: center;\">Plano de la casa<\/h3>\n<p><\/p>\n<h2 style=\"text-align: center;\">Para navegar mejor<\/h2>\n<p>&nbsp;<\/p>\n<p style=\"text-align: center;\">\n<p>[\/vc_column_text][vc_empty_space height=\u00bb20px\u00bb][\/vc_column][\/vc_row][vc_row css_animation=\u00bb\u00bb row_type=\u00bbrow\u00bb use_row_as_full_screen_section=\u00bbno\u00bb type=\u00bbfull_width\u00bb angled_section=\u00bbno\u00bb text_align=\u00bbcenter\u00bb background_image_as_pattern=\u00bbwithout_pattern\u00bb z_index=\u00bb\u00bb][vc_column]<a  itemprop=\"url\" href=\"https:\/\/www.lautre-maison.com\/wp-content\/uploads\/2025\/08\/Plan-LAutre-Maison.pdf\" target=\"_blank\"  class=\"qbutton  default\" style=\"\">ver los planes de la casa<i class=\"qode_icon_font_awesome fa fa-home qode_button_icon_element\"><\/i><\/a>[vc_empty_space height=\u00bb20px\u00bb][\/vc_column][\/vc_row][vc_row css_animation=\u00bb\u00bb row_type=\u00bbrow\u00bb use_row_as_full_screen_section=\u00bbno\u00bb type=\u00bbfull_width\u00bb angled_section=\u00bbno\u00bb text_align=\u00bbleft\u00bb background_image_as_pattern=\u00bbwithout_pattern\u00bb][vc_column][vc_empty_space height=\u00bb20&#8243; css=\u00bb.vc_custom_1587975016558{background-color: #ffffff !important;}\u00bb][\/vc_column][\/vc_row]<\/p>\n<\/div>","protected":false},"excerpt":{"rendered":"<p>[vc_row css_animation=\u00bb\u00bb row_type=\u00bbrow\u00bb use_row_as_full_screen_section=\u00bbno\u00bb type=\u00bbfull_width\u00bb angled_section=\u00bbno\u00bb text_align=\u00bbleft\u00bb background_image_as_pattern=\u00bbwithout_pattern\u00bb][vc_column][vc_empty_space height=\u00bb30&#8243; css=\u00bb.vc_custom_1587812631488{background-color: #ffffff !important;}\u00bb][\/vc_column][\/vc_row][vc_row&#8230;<\/p>\n","protected":false},"author":1,"featured_media":0,"parent":18462,"menu_order":3,"comment_status":"closed","ping_status":"closed","template":"full_width.php","meta":{"_monsterinsights_skip_tracking":false,"_monsterinsights_sitenote_active":false,"_monsterinsights_sitenote_note":"","_monsterinsights_sitenote_category":0,"footnotes":""},"class_list":["post-18782","page","type-page","status-publish","hentry"],"yoast_head":"<!-- This site is optimized with the Yoast SEO plugin v27.4 - https:\/\/yoast.com\/product\/yoast-seo-wordpress\/ -->\n<title>La Casa - L&#039;Autre Maison<\/title>\n<meta name=\"robots\" content=\"index, follow, max-snippet:-1, max-image-preview:large, max-video-preview:-1\" \/>\n<link rel=\"canonical\" href=\"https:\/\/www.lautre-maison.com\/es\/descansar\/la-casa\/\" \/>\n<meta property=\"og:locale\" content=\"es_ES\" \/>\n<meta property=\"og:type\" content=\"article\" \/>\n<meta property=\"og:title\" content=\"La Casa - L&#039;Autre Maison\" \/>\n<meta property=\"og:description\" content=\"[vc_row css_animation=\u00bb\u00bb row_type=\u00bbrow\u00bb use_row_as_full_screen_section=\u00bbno\u00bb type=\u00bbfull_width\u00bb angled_section=\u00bbno\u00bb text_align=\u00bbleft\u00bb background_image_as_pattern=\u00bbwithout_pattern\u00bb][vc_column][vc_empty_space height=\u00bb30&#8243; css=\u00bb.vc_custom_1587812631488{background-color: #ffffff !important;}\u00bb][\/vc_column][\/vc_row][vc_row...\" \/>\n<meta property=\"og:url\" content=\"https:\/\/www.lautre-maison.com\/es\/descansar\/la-casa\/\" \/>\n<meta property=\"og:site_name\" content=\"L&#039;Autre Maison\" \/>\n<meta property=\"article:publisher\" content=\"https:\/\/www.facebook.com\/lautremaison.StJean\/\" \/>\n<meta property=\"article:modified_time\" content=\"2025-11-06T10:06:50+00:00\" \/>\n<meta property=\"og:image\" content=\"https:\/\/www.lautre-maison.com\/wp-content\/uploads\/2025\/08\/IMG_4546.jpeg\" \/>\n\t<meta property=\"og:image:width\" content=\"1200\" \/>\n\t<meta property=\"og:image:height\" content=\"960\" \/>\n\t<meta property=\"og:image:type\" content=\"image\/jpeg\" \/>\n<meta name=\"twitter:card\" content=\"summary_large_image\" \/>\n<meta name=\"twitter:label1\" content=\"Tiempo de lectura\" \/>\n\t<meta name=\"twitter:data1\" content=\"9 minutos\" \/>\n<script type=\"application\/ld+json\" class=\"yoast-schema-graph\">{\"@context\":\"https:\\\/\\\/schema.org\",\"@graph\":[{\"@type\":\"WebPage\",\"@id\":\"https:\\\/\\\/www.lautre-maison.com\\\/es\\\/descansar\\\/la-casa\\\/\",\"url\":\"https:\\\/\\\/www.lautre-maison.com\\\/es\\\/descansar\\\/la-casa\\\/\",\"name\":\"La Casa - L&#039;Autre Maison\",\"isPartOf\":{\"@id\":\"https:\\\/\\\/www.lautre-maison.com\\\/es\\\/#website\"},\"datePublished\":\"2023-08-08T14:12:30+00:00\",\"dateModified\":\"2025-11-06T10:06:50+00:00\",\"breadcrumb\":{\"@id\":\"https:\\\/\\\/www.lautre-maison.com\\\/es\\\/descansar\\\/la-casa\\\/#breadcrumb\"},\"inLanguage\":\"es\",\"potentialAction\":[{\"@type\":\"ReadAction\",\"target\":[\"https:\\\/\\\/www.lautre-maison.com\\\/es\\\/descansar\\\/la-casa\\\/\"]}]},{\"@type\":\"BreadcrumbList\",\"@id\":\"https:\\\/\\\/www.lautre-maison.com\\\/es\\\/descansar\\\/la-casa\\\/#breadcrumb\",\"itemListElement\":[{\"@type\":\"ListItem\",\"position\":1,\"name\":\"Accueil\",\"item\":\"https:\\\/\\\/www.lautre-maison.com\\\/es\\\/\"},{\"@type\":\"ListItem\",\"position\":2,\"name\":\"Descansar\",\"item\":\"https:\\\/\\\/www.lautre-maison.com\\\/es\\\/sejourner\\\/\"},{\"@type\":\"ListItem\",\"position\":3,\"name\":\"La Casa\"}]},{\"@type\":\"WebSite\",\"@id\":\"https:\\\/\\\/www.lautre-maison.com\\\/es\\\/#website\",\"url\":\"https:\\\/\\\/www.lautre-maison.com\\\/es\\\/\",\"name\":\"L'Autre Maison\",\"description\":\"G\u00eetes et Chambres d&#039;H\u00f4tes de Charme\",\"publisher\":{\"@id\":\"https:\\\/\\\/www.lautre-maison.com\\\/es\\\/#organization\"},\"potentialAction\":[{\"@type\":\"SearchAction\",\"target\":{\"@type\":\"EntryPoint\",\"urlTemplate\":\"https:\\\/\\\/www.lautre-maison.com\\\/es\\\/?s={search_term_string}\"},\"query-input\":{\"@type\":\"PropertyValueSpecification\",\"valueRequired\":true,\"valueName\":\"search_term_string\"}}],\"inLanguage\":\"es\"},{\"@type\":\"Organization\",\"@id\":\"https:\\\/\\\/www.lautre-maison.com\\\/es\\\/#organization\",\"name\":\"L'Autre Maison\",\"url\":\"https:\\\/\\\/www.lautre-maison.com\\\/es\\\/\",\"logo\":{\"@type\":\"ImageObject\",\"inLanguage\":\"es\",\"@id\":\"https:\\\/\\\/www.lautre-maison.com\\\/es\\\/#\\\/schema\\\/logo\\\/image\\\/\",\"url\":\"https:\\\/\\\/www.lautre-maison.com\\\/wp-content\\\/uploads\\\/2020\\\/01\\\/cropped-Logo-Simple.jpg\",\"contentUrl\":\"https:\\\/\\\/www.lautre-maison.com\\\/wp-content\\\/uploads\\\/2020\\\/01\\\/cropped-Logo-Simple.jpg\",\"width\":512,\"height\":512,\"caption\":\"L'Autre Maison\"},\"image\":{\"@id\":\"https:\\\/\\\/www.lautre-maison.com\\\/es\\\/#\\\/schema\\\/logo\\\/image\\\/\"},\"sameAs\":[\"https:\\\/\\\/www.facebook.com\\\/lautremaison.StJean\\\/\",\"https:\\\/\\\/www.instagram.com\\\/lautremaison\\\/\",\"https:\\\/\\\/www.pinterest.fr\\\/lautremaison\\\/\"]}]}<\/script>\n<!-- \/ Yoast SEO plugin. -->","yoast_head_json":{"title":"La Casa - L&#039;Autre Maison","robots":{"index":"index","follow":"follow","max-snippet":"max-snippet:-1","max-image-preview":"max-image-preview:large","max-video-preview":"max-video-preview:-1"},"canonical":"https:\/\/www.lautre-maison.com\/es\/descansar\/la-casa\/","og_locale":"es_ES","og_type":"article","og_title":"La Casa - L&#039;Autre Maison","og_description":"[vc_row css_animation=\u00bb\u00bb row_type=\u00bbrow\u00bb use_row_as_full_screen_section=\u00bbno\u00bb type=\u00bbfull_width\u00bb angled_section=\u00bbno\u00bb text_align=\u00bbleft\u00bb background_image_as_pattern=\u00bbwithout_pattern\u00bb][vc_column][vc_empty_space height=\u00bb30&#8243; css=\u00bb.vc_custom_1587812631488{background-color: #ffffff !important;}\u00bb][\/vc_column][\/vc_row][vc_row...","og_url":"https:\/\/www.lautre-maison.com\/es\/descansar\/la-casa\/","og_site_name":"L&#039;Autre Maison","article_publisher":"https:\/\/www.facebook.com\/lautremaison.StJean\/","article_modified_time":"2025-11-06T10:06:50+00:00","og_image":[{"width":1200,"height":960,"url":"https:\/\/www.lautre-maison.com\/wp-content\/uploads\/2025\/08\/IMG_4546.jpeg","type":"image\/jpeg"}],"twitter_card":"summary_large_image","twitter_misc":{"Tiempo de lectura":"9 minutos"},"schema":{"@context":"https:\/\/schema.org","@graph":[{"@type":"WebPage","@id":"https:\/\/www.lautre-maison.com\/es\/descansar\/la-casa\/","url":"https:\/\/www.lautre-maison.com\/es\/descansar\/la-casa\/","name":"La Casa - L&#039;Autre Maison","isPartOf":{"@id":"https:\/\/www.lautre-maison.com\/es\/#website"},"datePublished":"2023-08-08T14:12:30+00:00","dateModified":"2025-11-06T10:06:50+00:00","breadcrumb":{"@id":"https:\/\/www.lautre-maison.com\/es\/descansar\/la-casa\/#breadcrumb"},"inLanguage":"es","potentialAction":[{"@type":"ReadAction","target":["https:\/\/www.lautre-maison.com\/es\/descansar\/la-casa\/"]}]},{"@type":"BreadcrumbList","@id":"https:\/\/www.lautre-maison.com\/es\/descansar\/la-casa\/#breadcrumb","itemListElement":[{"@type":"ListItem","position":1,"name":"Accueil","item":"https:\/\/www.lautre-maison.com\/es\/"},{"@type":"ListItem","position":2,"name":"Descansar","item":"https:\/\/www.lautre-maison.com\/es\/sejourner\/"},{"@type":"ListItem","position":3,"name":"La Casa"}]},{"@type":"WebSite","@id":"https:\/\/www.lautre-maison.com\/es\/#website","url":"https:\/\/www.lautre-maison.com\/es\/","name":"L'Autre Maison","description":"G\u00eetes et Chambres d&#039;H\u00f4tes de Charme","publisher":{"@id":"https:\/\/www.lautre-maison.com\/es\/#organization"},"potentialAction":[{"@type":"SearchAction","target":{"@type":"EntryPoint","urlTemplate":"https:\/\/www.lautre-maison.com\/es\/?s={search_term_string}"},"query-input":{"@type":"PropertyValueSpecification","valueRequired":true,"valueName":"search_term_string"}}],"inLanguage":"es"},{"@type":"Organization","@id":"https:\/\/www.lautre-maison.com\/es\/#organization","name":"L'Autre Maison","url":"https:\/\/www.lautre-maison.com\/es\/","logo":{"@type":"ImageObject","inLanguage":"es","@id":"https:\/\/www.lautre-maison.com\/es\/#\/schema\/logo\/image\/","url":"https:\/\/www.lautre-maison.com\/wp-content\/uploads\/2020\/01\/cropped-Logo-Simple.jpg","contentUrl":"https:\/\/www.lautre-maison.com\/wp-content\/uploads\/2020\/01\/cropped-Logo-Simple.jpg","width":512,"height":512,"caption":"L'Autre Maison"},"image":{"@id":"https:\/\/www.lautre-maison.com\/es\/#\/schema\/logo\/image\/"},"sameAs":["https:\/\/www.facebook.com\/lautremaison.StJean\/","https:\/\/www.instagram.com\/lautremaison\/","https:\/\/www.pinterest.fr\/lautremaison\/"]}]}},"_links":{"self":[{"href":"https:\/\/www.lautre-maison.com\/es\/wp-json\/wp\/v2\/pages\/18782","targetHints":{"allow":["GET"]}}],"collection":[{"href":"https:\/\/www.lautre-maison.com\/es\/wp-json\/wp\/v2\/pages"}],"about":[{"href":"https:\/\/www.lautre-maison.com\/es\/wp-json\/wp\/v2\/types\/page"}],"author":[{"embeddable":true,"href":"https:\/\/www.lautre-maison.com\/es\/wp-json\/wp\/v2\/users\/1"}],"replies":[{"embeddable":true,"href":"https:\/\/www.lautre-maison.com\/es\/wp-json\/wp\/v2\/comments?post=18782"}],"version-history":[{"count":17,"href":"https:\/\/www.lautre-maison.com\/es\/wp-json\/wp\/v2\/pages\/18782\/revisions"}],"predecessor-version":[{"id":21043,"href":"https:\/\/www.lautre-maison.com\/es\/wp-json\/wp\/v2\/pages\/18782\/revisions\/21043"}],"up":[{"embeddable":true,"href":"https:\/\/www.lautre-maison.com\/es\/wp-json\/wp\/v2\/pages\/18462"}],"wp:attachment":[{"href":"https:\/\/www.lautre-maison.com\/es\/wp-json\/wp\/v2\/media?parent=18782"}],"curies":[{"name":"wp","href":"https:\/\/api.w.org\/{rel}","templated":true}]}}