{"id":18590,"date":"2023-08-04T19:02:27","date_gmt":"2023-08-04T17:02:27","guid":{"rendered":"https:\/\/www.lautre-maison.com\/descansar\/la-vieille-ferme-2\/"},"modified":"2025-08-06T16:35:36","modified_gmt":"2025-08-06T14:35:36","slug":"la-vieille-ferme","status":"publish","type":"page","link":"https:\/\/www.lautre-maison.com\/es\/descansar\/la-vieille-ferme\/","title":{"rendered":"La Vieille Ferme"},"content":{"rendered":"<div class=\"wpb-content-wrapper\"><p>[vc_row css_animation=\u00bb\u00bb row_type=\u00bbrow\u00bb use_row_as_full_screen_section=\u00bbno\u00bb type=\u00bbfull_width\u00bb angled_section=\u00bbno\u00bb text_align=\u00bbleft\u00bb background_image_as_pattern=\u00bbwithout_pattern\u00bb][vc_column][vc_empty_space height=\u00bb30&#8243; css=\u00bb.vc_custom_1587656015100{background-color: #ffffff !important;}\u00bb][\/vc_column][\/vc_row][vc_row css_animation=\u00bb\u00bb row_type=\u00bbrow\u00bb use_row_as_full_screen_section=\u00bbno\u00bb type=\u00bbfull_width\u00bb angled_section=\u00bbno\u00bb text_align=\u00bbleft\u00bb background_image_as_pattern=\u00bbwithout_pattern\u00bb][vc_column][qode_elements_holder number_of_columns=\u00bbtwo_columns\u00bb][qode_elements_holder_item advanced_animations=\u00bbno\u00bb item_padding=\u00bb20px 9% 30px 9%\u00bb][vc_column_text]<\/p>\n<h1>La Vieille Ferme<\/h1>\n<p>[\/vc_column_text][vc_column_text css=\u00bb\u00bb]<\/p>\n<h2>Ideal para una familia numerosa o entre amigos.<\/h2>\n<p>[\/vc_column_text][vc_empty_space height=\u00bb30&#8243;][vc_column_text css=\u00bb\u00bb]Ubicado en el segundo edificio, bajo los tejados del antiguo pajar, el apartamento La Vieille Ferme es un alojamiento at\u00edpico con numerosas escaleras. Con sus <strong>3 dormitorios<\/strong>, puede alojar hasta <strong>7 personas<\/strong> en las salas <a href=\"#Figoulade\">Figoulade<\/a>, <a href=\"#Pigeonnier\">Pigeonnier<\/a> y <a href=\"#Petanque\">P\u00e9tanque<\/a>. Para comodidad de todos, <strong>cada dormitorio cuenta con su propio ba\u00f1o<\/strong>.<br \/>\nEl amplio sal\u00f3n de piedra cuenta con un sof\u00e1 y un rinc\u00f3n de lectura, adem\u00e1s de <strong>un comedor<\/strong> con mesa y sillas. La <strong>peque\u00f1a cocina<\/strong> est\u00e1 equipada con fregadero, nevera, microondas y otros utensilios.<br \/>\nEl apartamento dispone de conexi\u00f3n wifi.<br \/>\nEste alojamiento se ofrece en r\u00e9gimen de alojamiento y desayuno incluido.[\/vc_column_text][vc_empty_space height=\u00bb20&#8243;]<a  itemprop=\"url\" href=\"https:\/\/tinyurl.com\/24jttjt9\" target=\"_self\"  class=\"qbutton  default\" style=\"\">Reservar<\/a>[\/qode_elements_holder_item][qode_elements_holder_item advanced_animations=\u00bbno\u00bb][vc_gallery interval=\u00bb5&#8243; images=\u00bb19536,19477,19497,19481,19489,19501,19566&#8243; img_size=\u00bb960&#215;1100&#8243; css=\u00bb.vc_custom_1754408849187{margin-bottom: -60px !important;padding-bottom: 0px !important;}\u00bb][\/qode_elements_holder_item][\/qode_elements_holder][\/vc_column][\/vc_row][vc_row css_animation=\u00bb\u00bb row_type=\u00bbrow\u00bb use_row_as_full_screen_section=\u00bbno\u00bb type=\u00bbfull_width\u00bb angled_section=\u00bbno\u00bb text_align=\u00bbleft\u00bb background_image_as_pattern=\u00bbwithout_pattern\u00bb][vc_column][vc_empty_space height=\u00bb20&#8243; css=\u00bb.vc_custom_1587661680860{background-color: #ffffff !important;}\u00bb][\/vc_column][\/vc_row][vc_row css_animation=\u00bb\u00bb row_type=\u00bbrow\u00bb use_row_as_full_screen_section=\u00bbno\u00bb type=\u00bbfull_width\u00bb angled_section=\u00bbno\u00bb text_align=\u00bbleft\u00bb background_image_as_pattern=\u00bbwithout_pattern\u00bb][vc_column][qode_elements_holder number_of_columns=\u00bbtwo_columns\u00bb][qode_elements_holder_item advanced_animations=\u00bbno\u00bb][vc_gallery interval=\u00bb5&#8243; images=\u00bb19449,19344,19469,19461,19453&#8243; img_size=\u00bb960&#215;1100&#8243; css=\u00bb.vc_custom_1754405729692{margin-bottom: -60px !important;padding-bottom: 0px !important;}\u00bb][\/qode_elements_holder_item][qode_elements_holder_item advanced_animations=\u00bbno\u00bb item_padding=\u00bb20px 9% 30px 9%\u00bb][vc_empty_space height=\u00bb30&#8243;][vc_column_text css=\u00bb\u00bb]Este alojamiento cuenta con una <strong>hermosa terraza<\/strong> con vistas al patio y a la piscina.<\/p>\n<p>La Vieille Ferme le ofrece el privilegio de disfrutar de una <strong>terraza privada en la azotea con vistas panor\u00e1micas<\/strong> a las monta\u00f1as de C\u00e9vennes, desde donde podr\u00e1 disfrutar de una maravillosa puesta de sol o, al caer la noche, admirar el cielo estrellado.[\/vc_column_text][vc_empty_space height=\u00bb20&#8243;]<a  itemprop=\"url\" href=\"https:\/\/tinyurl.com\/24jttjt9\" target=\"_self\"  class=\"qbutton  default\" style=\"\">Reservar<\/a>[\/qode_elements_holder_item][\/qode_elements_holder][\/vc_column][\/vc_row][vc_row css_animation=\u00bb\u00bb row_type=\u00bbrow\u00bb use_row_as_full_screen_section=\u00bbno\u00bb type=\u00bbfull_width\u00bb angled_section=\u00bbno\u00bb text_align=\u00bbleft\u00bb background_image_as_pattern=\u00bbwithout_pattern\u00bb][vc_column][vc_empty_space height=\u00bb20&#8243; css=\u00bb.vc_custom_1587661680860{background-color: #ffffff !important;}\u00bb][\/vc_column][\/vc_row][vc_row css_animation=\u00bb\u00bb row_type=\u00bbrow\u00bb use_row_as_full_screen_section=\u00bbno\u00bb type=\u00bbfull_width\u00bb angled_section=\u00bbno\u00bb text_align=\u00bbleft\u00bb background_image_as_pattern=\u00bbwithout_pattern\u00bb el_id=\u00bbPetanque\u00bb z_index=\u00bb\u00bb][vc_column][qode_elements_holder number_of_columns=\u00bbtwo_columns\u00bb][qode_elements_holder_item advanced_animations=\u00bbno\u00bb item_padding=\u00bb20px 9% 30px 9%\u00bb][vc_column_text]<\/p>\n<h3>HABITACI\u00d3N P\u00c9TANQUE<\/h3>\n<p>[\/vc_column_text][vc_empty_space height=\u00bb20&#8243;][vc_column_text]<\/p>\n<h2>Homenaje a una antigua tradici\u00f3n de la regi\u00f3n.<\/h2>\n<p>[\/vc_column_text][vc_empty_space height=\u00bb20&#8243;][vc_column_text css=\u00bb\u00bb]<\/p>\n<table>\n<tbody>\n<tr>\n<td style=\"text-align: center; vertical-align: middle;\" width=\"25\"><span data-type=\"normal\"  class=\"qode_icon_shortcode  q_font_awsome_icon fa-lg  \" style=\" \"><i class=\"qode_icon_font_awesome fa fa-male qode_icon_element\" style=\"color: #8a8c88;\" ><\/i><\/span><\/td>\n<td style=\"text-align: left; vertical-align: middle;\" width=\"101\">2 pers.<\/td>\n<td style=\"text-align: center; vertical-align: middle; border-left: 1px solid #8a8c88;\" colspan=\"3\" width=\"25\"><span data-type=\"normal\"  class=\"qode_icon_shortcode  q_font_awsome_icon fa-lg  \" style=\" \"><i class=\"qode_icon_font_awesome fa fa-bed qode_icon_element\" style=\"color: #8a8c88;\" ><\/i><\/span><\/td>\n<td style=\"text-align: left; vertical-align: middle;\" width=\"101\">2 singles<\/td>\n<td style=\"text-align: center; vertical-align: middle; border-left: 1px solid #8a8c88;\" colspan=\"3\" width=\"25\"><span data-type=\"normal\"  class=\"qode_icon_shortcode  q_font_awsome_icon fa-lg  \" style=\" \"><i class=\"qode_icon_font_awesome fa fa-arrows-alt qode_icon_element\" style=\"color: #8a8c88;\" ><\/i><\/span><\/td>\n<td style=\"text-align: left; vertical-align: middle;\" width=\"81\">12 m<sup>2<\/sup><\/td>\n<\/tr>\n<\/tbody>\n<\/table>\n<p>[\/vc_column_text][vc_empty_space height=\u00bb20&#8243;][vc_column_text]Decorada con recuerdos de este popular juego, esta habitaci\u00f3n est\u00e1 a la vez amueblada con un estilo contempor\u00e1neo y con todas las comodidades.<\/p>\n<p>Situado en el primer nivel, a la entrada del apartamento, este dormitorio de <span lang=\"EN-US\">12 m<sup>2<\/sup><\/span> est\u00e1 equipado con 2 camas individuales de 90\u00d7190. El ba\u00f1o del dormitorio est\u00e1 equipado con ducha italiana, lavabo y WC.[\/vc_column_text][\/qode_elements_holder_item][qode_elements_holder_item advanced_animations=\u00bbno\u00bb][vc_gallery interval=\u00bb5&#8243; images=\u00bb19393,19377,19556,19373,19389,19561&#8243; img_size=\u00bb960&#215;1100&#8243; css=\u00bb.vc_custom_1754408635994{margin-bottom: -60px !important;}\u00bb][\/qode_elements_holder_item][\/qode_elements_holder][\/vc_column][\/vc_row][vc_row css_animation=\u00bb\u00bb row_type=\u00bbrow\u00bb use_row_as_full_screen_section=\u00bbno\u00bb type=\u00bbfull_width\u00bb angled_section=\u00bbno\u00bb text_align=\u00bbleft\u00bb background_image_as_pattern=\u00bbwithout_pattern\u00bb][vc_column][vc_empty_space height=\u00bb20&#8243; css=\u00bb.vc_custom_1587661698354{background-color: #ffffff !important;}\u00bb][\/vc_column][\/vc_row][vc_row css_animation=\u00bb\u00bb row_type=\u00bbrow\u00bb use_row_as_full_screen_section=\u00bbno\u00bb type=\u00bbfull_width\u00bb angled_section=\u00bbno\u00bb text_align=\u00bbleft\u00bb background_image_as_pattern=\u00bbwithout_pattern\u00bb el_id=\u00bbFigoulade\u00bb z_index=\u00bb\u00bb][vc_column][qode_elements_holder number_of_columns=\u00bbtwo_columns\u00bb][qode_elements_holder_item advanced_animations=\u00bbno\u00bb][vc_gallery interval=\u00bb5&#8243; images=\u00bb19437,19441,19583,19425,19417,19579,19401&#8243; img_size=\u00bb960&#215;1100&#8243; css=\u00bb.vc_custom_1754409304578{margin-bottom: -60px !important;}\u00bb][\/qode_elements_holder_item][qode_elements_holder_item advanced_animations=\u00bbno\u00bb item_padding=\u00bb20px 9% 30px 9%\u00bb][vc_column_text]<\/p>\n<h3>HABITACI\u00d3N FIGOULADE<\/h3>\n<p>[\/vc_column_text][vc_empty_space height=\u00bb20&#8243;][vc_column_text]<\/p>\n<h2>Inspirado por los colores del higo<\/h2>\n<p>[\/vc_column_text][vc_empty_space height=\u00bb20&#8243;][vc_column_text css=\u00bb.vc_custom_1754490895967{padding-right: 10% !important;}\u00bb]<\/p>\n<table>\n<tbody>\n<tr>\n<td style=\"text-align: center; vertical-align: middle;\" width=\"25\"><span data-type=\"normal\"  class=\"qode_icon_shortcode  q_font_awsome_icon fa-lg  \" style=\" \"><i class=\"qode_icon_font_awesome fa fa-male qode_icon_element\" style=\"color: #8a8c88;\" ><\/i><\/span><\/td>\n<td style=\"text-align: left; vertical-align: middle;\" width=\"121\">2\/3 pers.<\/td>\n<td style=\"text-align: center; vertical-align: middle; border-left: 1px solid #8a8c88;\" colspan=\"3\" width=\"25\"><span data-type=\"normal\"  class=\"qode_icon_shortcode  q_font_awsome_icon fa-lg  \" style=\" \"><i class=\"qode_icon_font_awesome fa fa-bed qode_icon_element\" style=\"color: #8a8c88;\" ><\/i><\/span><\/td>\n<td style=\"text-align: left; vertical-align: middle;\" width=\"101\">Queen + single<\/td>\n<td style=\"text-align: center; vertical-align: middle; border-left: 1px solid #8a8c88;\" colspan=\"3\" width=\"25\"><span data-type=\"normal\"  class=\"qode_icon_shortcode  q_font_awsome_icon fa-lg  \" style=\" \"><i class=\"qode_icon_font_awesome fa fa-arrows-alt qode_icon_element\" style=\"color: #8a8c88;\" ><\/i><\/span><\/td>\n<td style=\"text-align: left; vertical-align: middle;\" width=\"81\">18 m<sup>2<\/sup><\/td>\n<td style=\"text-align: center; vertical-align: middle; border-left: 1px solid #8a8c88;\" colspan=\"3\" width=\"25\"><span data-type=\"normal\"  class=\"qode_icon_shortcode  q_font_awsome_icon fa-lg  \" style=\" \"><i class=\"qode_icon_font_awesome fa fa-snowflake-o qode_icon_element\" style=\"color: #8a8c88;\" ><\/i><\/span><\/td>\n<td style=\"text-align: left; vertical-align: middle;\" width=\"101\">A\/C<\/td>\n<\/tr>\n<\/tbody>\n<\/table>\n<p>[\/vc_column_text][vc_empty_space height=\u00bb20&#8243;][vc_column_text]Inspirada del vecino pueblo medieval V\u00e9z\u00e9nobres con su conservatorio de higueras, La Figoulade le ofrece un lugar amplio y luminoso bajo el techo de La Vieille Ferme con vistas al campo, un gran vestidor y un bonito escritorio de madera.<\/p>\n<p>Esta habitaci\u00f3n de 18<span lang=\"EN-US\">m<sup>2<\/sup><\/span> est\u00e1 equipada con una cama grande de 160\u00d7200 y una cama individual de 90\u00d7190. El ba\u00f1o se encuentra fuera del dormitorio y tiene ba\u00f1era, lavabo y WC.[\/vc_column_text][\/qode_elements_holder_item][\/qode_elements_holder][\/vc_column][\/vc_row][vc_row css_animation=\u00bb\u00bb row_type=\u00bbrow\u00bb use_row_as_full_screen_section=\u00bbno\u00bb type=\u00bbfull_width\u00bb angled_section=\u00bbno\u00bb text_align=\u00bbleft\u00bb background_image_as_pattern=\u00bbwithout_pattern\u00bb][vc_column][vc_empty_space height=\u00bb20&#8243; css=\u00bb.vc_custom_1587661698354{background-color: #ffffff !important;}\u00bb][\/vc_column][\/vc_row][vc_row css_animation=\u00bb\u00bb row_type=\u00bbrow\u00bb use_row_as_full_screen_section=\u00bbno\u00bb type=\u00bbfull_width\u00bb angled_section=\u00bbno\u00bb text_align=\u00bbleft\u00bb background_image_as_pattern=\u00bbwithout_pattern\u00bb el_id=\u00bbPigeonnier\u00bb z_index=\u00bb\u00bb][vc_column][qode_elements_holder number_of_columns=\u00bbtwo_columns\u00bb][qode_elements_holder_item advanced_animations=\u00bbno\u00bb item_padding=\u00bb20px 9% 30px 9%\u00bb][vc_column_text]<\/p>\n<h3>HABITACI\u00d3N PIGEONNIER<\/h3>\n<p>[\/vc_column_text][vc_empty_space height=\u00bb20&#8243;][vc_column_text]<\/p>\n<h2>Peque\u00f1a y tan acogedora.<\/h2>\n<p>[\/vc_column_text][vc_empty_space height=\u00bb20&#8243;][vc_column_text css=\u00bb\u00bb]<\/p>\n<table>\n<tbody>\n<tr>\n<td style=\"text-align: center; vertical-align: middle;\" width=\"25\"><span data-type=\"normal\"  class=\"qode_icon_shortcode  q_font_awsome_icon fa-lg  \" style=\" \"><i class=\"qode_icon_font_awesome fa fa-male qode_icon_element\" style=\"color: #8a8c88;\" ><\/i><\/span><\/td>\n<td style=\"text-align: left; vertical-align: middle;\" width=\"121\">2 pers.<\/td>\n<td style=\"text-align: center; vertical-align: middle; border-left: 1px solid #8a8c88;\" colspan=\"3\" width=\"25\"><span data-type=\"normal\"  class=\"qode_icon_shortcode  q_font_awsome_icon fa-lg  \" style=\" \"><i class=\"qode_icon_font_awesome fa fa-bed qode_icon_element\" style=\"color: #8a8c88;\" ><\/i><\/span><\/td>\n<td style=\"text-align: left; vertical-align: middle;\" width=\"101\">Queen<\/td>\n<td style=\"text-align: center; vertical-align: middle; border-left: 1px solid #8a8c88;\" colspan=\"3\" width=\"25\"><span data-type=\"normal\"  class=\"qode_icon_shortcode  q_font_awsome_icon fa-lg  \" style=\" \"><i class=\"qode_icon_font_awesome fa fa-arrows-alt qode_icon_element\" style=\"color: #8a8c88;\" ><\/i><\/span><\/td>\n<td style=\"text-align: left; vertical-align: middle;\" width=\"81\">10 m<sup>2<\/sup><\/td>\n<td style=\"text-align: center; vertical-align: middle; border-left: 1px solid #8a8c88;\" colspan=\"3\" width=\"25\"><span data-type=\"normal\"  class=\"qode_icon_shortcode  q_font_awsome_icon fa-lg  \" style=\" \"><i class=\"qode_icon_font_awesome fa fa-snowflake-o qode_icon_element\" style=\"color: #8a8c88;\" ><\/i><\/span><\/td>\n<td style=\"text-align: left; vertical-align: middle;\" width=\"101\">A\/C<\/td>\n<\/tr>\n<\/tbody>\n<\/table>\n<p>[\/vc_column_text][vc_empty_space height=\u00bb20&#8243;][vc_column_text]Todo alto, bajo el techo de La Vieille Ferme y accesible por una escalera japonesa empinado, \u00abLe Pigeonnier\u00bb es una habitaci\u00f3n acogedora con grandes armarios de y suelo de madera.<\/p>\n<p>Esta habitaci\u00f3n abuhardillada de 10<span lang=\"EN-US\">m<sup>2<\/sup><\/span>, situada en el punto m\u00e1s alto de la casa, est\u00e1 equipada con una cama grande de 160\u00d7200. Su ba\u00f1o se encuentra fuera del dormitorio en el nivel inferior y tiene ducha italiana, lavabo y WC.[\/vc_column_text][\/qode_elements_holder_item][qode_elements_holder_item advanced_animations=\u00bbno\u00bb item_padding=\u00bb0px 0px 0px 0px\u00bb][vc_gallery interval=\u00bb5&#8243; images=\u00bb19509,19570,19505,19574&#8243; img_size=\u00bb960&#215;1100&#8243; css=\u00bb.vc_custom_1754408986888{margin-bottom: -60px !important;}\u00bb][\/qode_elements_holder_item][\/qode_elements_holder][\/vc_column][\/vc_row][vc_row css_animation=\u00bb\u00bb row_type=\u00bbrow\u00bb use_row_as_full_screen_section=\u00bbno\u00bb type=\u00bbfull_width\u00bb angled_section=\u00bbno\u00bb text_align=\u00bbleft\u00bb background_image_as_pattern=\u00bbwithout_pattern\u00bb][vc_column][vc_empty_space height=\u00bb20&#8243; css=\u00bb.vc_custom_1587661698354{background-color: #ffffff !important;}\u00bb][\/vc_column][\/vc_row][vc_row css_animation=\u00bb\u00bb row_type=\u00bbrow\u00bb use_row_as_full_screen_section=\u00bbno\u00bb type=\u00bbfull_width\u00bb angled_section=\u00bbno\u00bb text_align=\u00bbleft\u00bb background_image_as_pattern=\u00bbwithout_pattern\u00bb][vc_column][vc_column_text]<\/p>\n<p>[\/vc_column_text][\/vc_column][\/vc_row]<\/p>\n<\/div>","protected":false},"excerpt":{"rendered":"<p>[vc_row css_animation=\u00bb\u00bb row_type=\u00bbrow\u00bb use_row_as_full_screen_section=\u00bbno\u00bb type=\u00bbfull_width\u00bb angled_section=\u00bbno\u00bb text_align=\u00bbleft\u00bb background_image_as_pattern=\u00bbwithout_pattern\u00bb][vc_column][vc_empty_space height=\u00bb30&#8243; css=\u00bb.vc_custom_1587656015100{background-color: #ffffff !important;}\u00bb][\/vc_column][\/vc_row][vc_row&#8230;<\/p>\n","protected":false},"author":1,"featured_media":0,"parent":18462,"menu_order":2,"comment_status":"closed","ping_status":"closed","template":"full_width.php","meta":{"_monsterinsights_skip_tracking":false,"_monsterinsights_sitenote_active":false,"_monsterinsights_sitenote_note":"","_monsterinsights_sitenote_category":0,"footnotes":""},"class_list":["post-18590","page","type-page","status-publish","hentry"],"yoast_head":"<!-- This site is optimized with the Yoast SEO plugin v27.4 - https:\/\/yoast.com\/product\/yoast-seo-wordpress\/ -->\n<title>La Vieille Ferme - L&#039;Autre Maison<\/title>\n<meta name=\"robots\" content=\"index, follow, max-snippet:-1, max-image-preview:large, max-video-preview:-1\" \/>\n<link rel=\"canonical\" href=\"https:\/\/www.lautre-maison.com\/es\/descansar\/la-vieille-ferme\/\" \/>\n<meta property=\"og:locale\" content=\"es_ES\" \/>\n<meta property=\"og:type\" content=\"article\" \/>\n<meta property=\"og:title\" content=\"La Vieille Ferme - L&#039;Autre Maison\" \/>\n<meta property=\"og:description\" content=\"[vc_row css_animation=\u00bb\u00bb row_type=\u00bbrow\u00bb use_row_as_full_screen_section=\u00bbno\u00bb type=\u00bbfull_width\u00bb angled_section=\u00bbno\u00bb text_align=\u00bbleft\u00bb background_image_as_pattern=\u00bbwithout_pattern\u00bb][vc_column][vc_empty_space height=\u00bb30&#8243; css=\u00bb.vc_custom_1587656015100{background-color: #ffffff !important;}\u00bb][\/vc_column][\/vc_row][vc_row...\" \/>\n<meta property=\"og:url\" content=\"https:\/\/www.lautre-maison.com\/es\/descansar\/la-vieille-ferme\/\" \/>\n<meta property=\"og:site_name\" content=\"L&#039;Autre Maison\" \/>\n<meta property=\"article:publisher\" content=\"https:\/\/www.facebook.com\/lautremaison.StJean\/\" \/>\n<meta property=\"article:modified_time\" content=\"2025-08-06T14:35:36+00:00\" \/>\n<meta property=\"og:image\" content=\"https:\/\/www.lautre-maison.com\/wp-content\/uploads\/2025\/08\/IMG_4546.jpeg\" \/>\n\t<meta property=\"og:image:width\" content=\"1200\" \/>\n\t<meta property=\"og:image:height\" content=\"960\" \/>\n\t<meta property=\"og:image:type\" content=\"image\/jpeg\" \/>\n<meta name=\"twitter:card\" content=\"summary_large_image\" \/>\n<meta name=\"twitter:label1\" content=\"Tiempo de lectura\" \/>\n\t<meta name=\"twitter:data1\" content=\"10 minutos\" \/>\n<script type=\"application\/ld+json\" class=\"yoast-schema-graph\">{\"@context\":\"https:\\\/\\\/schema.org\",\"@graph\":[{\"@type\":\"WebPage\",\"@id\":\"https:\\\/\\\/www.lautre-maison.com\\\/es\\\/descansar\\\/la-vieille-ferme\\\/\",\"url\":\"https:\\\/\\\/www.lautre-maison.com\\\/es\\\/descansar\\\/la-vieille-ferme\\\/\",\"name\":\"La Vieille Ferme - L&#039;Autre Maison\",\"isPartOf\":{\"@id\":\"https:\\\/\\\/www.lautre-maison.com\\\/es\\\/#website\"},\"datePublished\":\"2023-08-04T17:02:27+00:00\",\"dateModified\":\"2025-08-06T14:35:36+00:00\",\"breadcrumb\":{\"@id\":\"https:\\\/\\\/www.lautre-maison.com\\\/es\\\/descansar\\\/la-vieille-ferme\\\/#breadcrumb\"},\"inLanguage\":\"es\",\"potentialAction\":[{\"@type\":\"ReadAction\",\"target\":[\"https:\\\/\\\/www.lautre-maison.com\\\/es\\\/descansar\\\/la-vieille-ferme\\\/\"]}]},{\"@type\":\"BreadcrumbList\",\"@id\":\"https:\\\/\\\/www.lautre-maison.com\\\/es\\\/descansar\\\/la-vieille-ferme\\\/#breadcrumb\",\"itemListElement\":[{\"@type\":\"ListItem\",\"position\":1,\"name\":\"Accueil\",\"item\":\"https:\\\/\\\/www.lautre-maison.com\\\/es\\\/\"},{\"@type\":\"ListItem\",\"position\":2,\"name\":\"Descansar\",\"item\":\"https:\\\/\\\/www.lautre-maison.com\\\/es\\\/sejourner\\\/\"},{\"@type\":\"ListItem\",\"position\":3,\"name\":\"La Vieille Ferme\"}]},{\"@type\":\"WebSite\",\"@id\":\"https:\\\/\\\/www.lautre-maison.com\\\/es\\\/#website\",\"url\":\"https:\\\/\\\/www.lautre-maison.com\\\/es\\\/\",\"name\":\"L'Autre Maison\",\"description\":\"G\u00eetes et Chambres d&#039;H\u00f4tes de Charme\",\"publisher\":{\"@id\":\"https:\\\/\\\/www.lautre-maison.com\\\/es\\\/#organization\"},\"potentialAction\":[{\"@type\":\"SearchAction\",\"target\":{\"@type\":\"EntryPoint\",\"urlTemplate\":\"https:\\\/\\\/www.lautre-maison.com\\\/es\\\/?s={search_term_string}\"},\"query-input\":{\"@type\":\"PropertyValueSpecification\",\"valueRequired\":true,\"valueName\":\"search_term_string\"}}],\"inLanguage\":\"es\"},{\"@type\":\"Organization\",\"@id\":\"https:\\\/\\\/www.lautre-maison.com\\\/es\\\/#organization\",\"name\":\"L'Autre Maison\",\"url\":\"https:\\\/\\\/www.lautre-maison.com\\\/es\\\/\",\"logo\":{\"@type\":\"ImageObject\",\"inLanguage\":\"es\",\"@id\":\"https:\\\/\\\/www.lautre-maison.com\\\/es\\\/#\\\/schema\\\/logo\\\/image\\\/\",\"url\":\"https:\\\/\\\/www.lautre-maison.com\\\/wp-content\\\/uploads\\\/2020\\\/01\\\/cropped-Logo-Simple.jpg\",\"contentUrl\":\"https:\\\/\\\/www.lautre-maison.com\\\/wp-content\\\/uploads\\\/2020\\\/01\\\/cropped-Logo-Simple.jpg\",\"width\":512,\"height\":512,\"caption\":\"L'Autre Maison\"},\"image\":{\"@id\":\"https:\\\/\\\/www.lautre-maison.com\\\/es\\\/#\\\/schema\\\/logo\\\/image\\\/\"},\"sameAs\":[\"https:\\\/\\\/www.facebook.com\\\/lautremaison.StJean\\\/\",\"https:\\\/\\\/www.instagram.com\\\/lautremaison\\\/\",\"https:\\\/\\\/www.pinterest.fr\\\/lautremaison\\\/\"]}]}<\/script>\n<!-- \/ Yoast SEO plugin. -->","yoast_head_json":{"title":"La Vieille Ferme - L&#039;Autre Maison","robots":{"index":"index","follow":"follow","max-snippet":"max-snippet:-1","max-image-preview":"max-image-preview:large","max-video-preview":"max-video-preview:-1"},"canonical":"https:\/\/www.lautre-maison.com\/es\/descansar\/la-vieille-ferme\/","og_locale":"es_ES","og_type":"article","og_title":"La Vieille Ferme - L&#039;Autre Maison","og_description":"[vc_row css_animation=\u00bb\u00bb row_type=\u00bbrow\u00bb use_row_as_full_screen_section=\u00bbno\u00bb type=\u00bbfull_width\u00bb angled_section=\u00bbno\u00bb text_align=\u00bbleft\u00bb background_image_as_pattern=\u00bbwithout_pattern\u00bb][vc_column][vc_empty_space height=\u00bb30&#8243; css=\u00bb.vc_custom_1587656015100{background-color: #ffffff !important;}\u00bb][\/vc_column][\/vc_row][vc_row...","og_url":"https:\/\/www.lautre-maison.com\/es\/descansar\/la-vieille-ferme\/","og_site_name":"L&#039;Autre Maison","article_publisher":"https:\/\/www.facebook.com\/lautremaison.StJean\/","article_modified_time":"2025-08-06T14:35:36+00:00","og_image":[{"width":1200,"height":960,"url":"https:\/\/www.lautre-maison.com\/wp-content\/uploads\/2025\/08\/IMG_4546.jpeg","type":"image\/jpeg"}],"twitter_card":"summary_large_image","twitter_misc":{"Tiempo de lectura":"10 minutos"},"schema":{"@context":"https:\/\/schema.org","@graph":[{"@type":"WebPage","@id":"https:\/\/www.lautre-maison.com\/es\/descansar\/la-vieille-ferme\/","url":"https:\/\/www.lautre-maison.com\/es\/descansar\/la-vieille-ferme\/","name":"La Vieille Ferme - L&#039;Autre Maison","isPartOf":{"@id":"https:\/\/www.lautre-maison.com\/es\/#website"},"datePublished":"2023-08-04T17:02:27+00:00","dateModified":"2025-08-06T14:35:36+00:00","breadcrumb":{"@id":"https:\/\/www.lautre-maison.com\/es\/descansar\/la-vieille-ferme\/#breadcrumb"},"inLanguage":"es","potentialAction":[{"@type":"ReadAction","target":["https:\/\/www.lautre-maison.com\/es\/descansar\/la-vieille-ferme\/"]}]},{"@type":"BreadcrumbList","@id":"https:\/\/www.lautre-maison.com\/es\/descansar\/la-vieille-ferme\/#breadcrumb","itemListElement":[{"@type":"ListItem","position":1,"name":"Accueil","item":"https:\/\/www.lautre-maison.com\/es\/"},{"@type":"ListItem","position":2,"name":"Descansar","item":"https:\/\/www.lautre-maison.com\/es\/sejourner\/"},{"@type":"ListItem","position":3,"name":"La Vieille Ferme"}]},{"@type":"WebSite","@id":"https:\/\/www.lautre-maison.com\/es\/#website","url":"https:\/\/www.lautre-maison.com\/es\/","name":"L'Autre Maison","description":"G\u00eetes et Chambres d&#039;H\u00f4tes de Charme","publisher":{"@id":"https:\/\/www.lautre-maison.com\/es\/#organization"},"potentialAction":[{"@type":"SearchAction","target":{"@type":"EntryPoint","urlTemplate":"https:\/\/www.lautre-maison.com\/es\/?s={search_term_string}"},"query-input":{"@type":"PropertyValueSpecification","valueRequired":true,"valueName":"search_term_string"}}],"inLanguage":"es"},{"@type":"Organization","@id":"https:\/\/www.lautre-maison.com\/es\/#organization","name":"L'Autre Maison","url":"https:\/\/www.lautre-maison.com\/es\/","logo":{"@type":"ImageObject","inLanguage":"es","@id":"https:\/\/www.lautre-maison.com\/es\/#\/schema\/logo\/image\/","url":"https:\/\/www.lautre-maison.com\/wp-content\/uploads\/2020\/01\/cropped-Logo-Simple.jpg","contentUrl":"https:\/\/www.lautre-maison.com\/wp-content\/uploads\/2020\/01\/cropped-Logo-Simple.jpg","width":512,"height":512,"caption":"L'Autre Maison"},"image":{"@id":"https:\/\/www.lautre-maison.com\/es\/#\/schema\/logo\/image\/"},"sameAs":["https:\/\/www.facebook.com\/lautremaison.StJean\/","https:\/\/www.instagram.com\/lautremaison\/","https:\/\/www.pinterest.fr\/lautremaison\/"]}]}},"_links":{"self":[{"href":"https:\/\/www.lautre-maison.com\/es\/wp-json\/wp\/v2\/pages\/18590","targetHints":{"allow":["GET"]}}],"collection":[{"href":"https:\/\/www.lautre-maison.com\/es\/wp-json\/wp\/v2\/pages"}],"about":[{"href":"https:\/\/www.lautre-maison.com\/es\/wp-json\/wp\/v2\/types\/page"}],"author":[{"embeddable":true,"href":"https:\/\/www.lautre-maison.com\/es\/wp-json\/wp\/v2\/users\/1"}],"replies":[{"embeddable":true,"href":"https:\/\/www.lautre-maison.com\/es\/wp-json\/wp\/v2\/comments?post=18590"}],"version-history":[{"count":38,"href":"https:\/\/www.lautre-maison.com\/es\/wp-json\/wp\/v2\/pages\/18590\/revisions"}],"predecessor-version":[{"id":19631,"href":"https:\/\/www.lautre-maison.com\/es\/wp-json\/wp\/v2\/pages\/18590\/revisions\/19631"}],"up":[{"embeddable":true,"href":"https:\/\/www.lautre-maison.com\/es\/wp-json\/wp\/v2\/pages\/18462"}],"wp:attachment":[{"href":"https:\/\/www.lautre-maison.com\/es\/wp-json\/wp\/v2\/media?parent=18590"}],"curies":[{"name":"wp","href":"https:\/\/api.w.org\/{rel}","templated":true}]}}