{"id":18549,"date":"2023-08-04T08:39:57","date_gmt":"2023-08-04T06:39:57","guid":{"rendered":"https:\/\/www.lautre-maison.com\/descansar\/las-habitaciones-2\/"},"modified":"2025-08-10T19:10:16","modified_gmt":"2025-08-10T17:10:16","slug":"las-habitaciones","status":"publish","type":"page","link":"https:\/\/www.lautre-maison.com\/es\/descansar\/las-habitaciones\/","title":{"rendered":"Las habitaciones"},"content":{"rendered":"<div class=\"wpb-content-wrapper\"><p>[vc_row css_animation=\u00bb\u00bb row_type=\u00bbrow\u00bb use_row_as_full_screen_section=\u00bbno\u00bb type=\u00bbfull_width\u00bb angled_section=\u00bbno\u00bb text_align=\u00bbleft\u00bb background_image_as_pattern=\u00bbwithout_pattern\u00bb z_index=\u00bb\u00bb anchor=\u00bb#capitelle\u00bb][vc_column][qode_elements_holder background_color=\u00bbrgba(0,0,0,0.04)\u00bb number_of_columns=\u00bbtwo_columns\u00bb switch_to_one_column=\u00bb1000&#8243;][qode_elements_holder_item advanced_animations=\u00bbno\u00bb][vc_gallery interval=\u00bb3&#8243; images=\u00bb19723,19284,19743,19739,19747,19731,19735,19751,19727&#8243; img_size=\u00bb960&#215;1100&#8243; css=\u00bb.vc_custom_1754841139642{margin-bottom: -60px !important;}\u00bb][\/qode_elements_holder_item][qode_elements_holder_item vertical_alignment=\u00bbmiddle\u00bb advanced_animations=\u00bbno\u00bb item_padding=\u00bb20px 5% 20px 5%\u00bb][vc_column_text]<\/p>\n<h3>capitelle<\/h3>\n<p>[\/vc_column_text][vc_empty_space height=\u00bb20&#8243;][vc_column_text]<\/p>\n<h2>Vuelta al campo en esta habitaci\u00f3n con colores naturales<\/h2>\n<p>[\/vc_column_text][vc_empty_space height=\u00bb20&#8243;][vc_column_text css=\u00bb\u00bb]<\/p>\n<table>\n<tbody>\n<tr>\n<td style=\"text-align: center; vertical-align: middle;\" width=\"25\"><span data-type=\"normal\"  class=\"qode_icon_shortcode  q_font_awsome_icon fa-lg  \" style=\" \"><i class=\"qode_icon_font_awesome fa fa-male qode_icon_element\" style=\"color: #8a8c88;\" ><\/i><\/span><\/td>\n<td style=\"text-align: left; vertical-align: middle;\" width=\"121\">2 pers.<\/td>\n<td style=\"text-align: center; vertical-align: middle; border-left: 1px solid #8a8c88;\" colspan=\"3\" width=\"25\"><span data-type=\"normal\"  class=\"qode_icon_shortcode  q_font_awsome_icon fa-lg  \" style=\" \"><i class=\"qode_icon_font_awesome fa fa-bed qode_icon_element\" style=\"color: #8a8c88;\" ><\/i><\/span><\/td>\n<td style=\"text-align: left; vertical-align: middle;\" width=\"101\">Queen<\/td>\n<td style=\"text-align: center; vertical-align: middle; border-left: 1px solid #8a8c88;\" colspan=\"3\" width=\"25\"><span data-type=\"normal\"  class=\"qode_icon_shortcode  q_font_awsome_icon fa-lg  \" style=\" \"><i class=\"qode_icon_font_awesome fa fa-arrows-alt qode_icon_element\" style=\"color: #8a8c88;\" ><\/i><\/span><\/td>\n<td style=\"text-align: left; vertical-align: middle;\" width=\"81\">17 m<sup>2<\/sup><\/td>\n<td style=\"text-align: center; vertical-align: middle; border-left: 1px solid #8a8c88;\" colspan=\"3\" width=\"25\"><span data-type=\"normal\"  class=\"qode_icon_shortcode  q_font_awsome_icon fa-lg  \" style=\" \"><i class=\"qode_icon_font_awesome fa fa-wheelchair qode_icon_element\" style=\"color: #8a8c88;\" ><\/i><\/span><\/td>\n<td style=\"text-align: left; vertical-align: middle;\" width=\"101\">PMR<\/td>\n<\/tr>\n<\/tbody>\n<\/table>\n<p>[\/vc_column_text][vc_empty_space height=\u00bb20&#8243;][vc_column_text]Encu\u00e9ntrate en un campo natural, frente a una \u00abcapitelle\u00bb t\u00edpico de la regi\u00f3n.<\/p>\n<p>Situada en la 1\u00aa planta del edificio principal, esta habitaci\u00f3n de 17 m2 es accesible para personas con movilidad reducida, el acceso se realiza mediante un ascensor. Est\u00e1 equipada con una cama grande de 160&#215;200 y dispone de ba\u00f1o con ducha italiana (sin escalones) con barra de apoyo, WC elevado tambi\u00e9n con barra de apoyo y lavabo rebajado.[\/vc_column_text][vc_empty_space height=\u00bb20&#8243;][vc_column_text]Este alojamiento est\u00e1 classificado como 4 espigas en <a href=\"https:\/\/www.gites-de-france.com\/fr\/occitanie\/gard\/lautre-maison-30g20223\" target=\"_blank\" rel=\"noopener noreferrer\">G\u00eetes de France<\/a>.<a href=\"https:\/\/www.gites-de-france.com\/fr\/occitanie\/gard\/lautre-maison-30g20223\"><img loading=\"lazy\" decoding=\"async\" class=\"alignright wp-image-67\" src=\"https:\/\/www.lautre-maison.com\/wp-content\/uploads\/2020\/02\/Gites-de-France-300x300.png\" alt=\"\" width=\"50\" height=\"50\" srcset=\"https:\/\/www.lautre-maison.com\/wp-content\/uploads\/2020\/02\/Gites-de-France-300x300.png 300w, https:\/\/www.lautre-maison.com\/wp-content\/uploads\/2020\/02\/Gites-de-France-1024x1024.png 1024w, https:\/\/www.lautre-maison.com\/wp-content\/uploads\/2020\/02\/Gites-de-France-150x150.png 150w, https:\/\/www.lautre-maison.com\/wp-content\/uploads\/2020\/02\/Gites-de-France-768x767.png 768w, https:\/\/www.lautre-maison.com\/wp-content\/uploads\/2020\/02\/Gites-de-France-1200x1199.png 1200w, https:\/\/www.lautre-maison.com\/wp-content\/uploads\/2020\/02\/Gites-de-France.png 1419w\" sizes=\"auto, (max-width: 50px) 100vw, 50px\" \/><\/a>[\/vc_column_text][vc_empty_space height=\u00bb30&#8243;]<a  itemprop=\"url\" href=\"https:\/\/tinyurl.com\/29us9rob\" target=\"_self\"  class=\"qbutton  right default\" style=\"\">Reservar<\/a>[\/qode_elements_holder_item][\/qode_elements_holder][vc_empty_space css=\u00bb.vc_custom_1619887277071{background-color: #ffffff !important;}\u00bb][\/vc_column][\/vc_row][vc_row css_animation=\u00bb\u00bb row_type=\u00bbrow\u00bb use_row_as_full_screen_section=\u00bbno\u00bb type=\u00bbfull_width\u00bb angled_section=\u00bbno\u00bb text_align=\u00bbleft\u00bb background_image_as_pattern=\u00bbwithout_pattern\u00bb z_index=\u00bb\u00bb anchor=\u00bbpintade\u00bb][vc_column][qode_elements_holder background_color=\u00bbrgba(0,0,0,0.04)\u00bb number_of_columns=\u00bbtwo_columns\u00bb switch_to_one_column=\u00bb1000&#8243;][qode_elements_holder_item vertical_alignment=\u00bbmiddle\u00bb advanced_animations=\u00bbno\u00bb item_padding=\u00bb20px 5% 20px 5%\u00bb][vc_column_text]<\/p>\n<h3>pintade<\/h3>\n<p>[\/vc_column_text][vc_empty_space height=\u00bb20&#8243;][vc_column_text]<\/p>\n<h2>Inspirado de las hermosas \u00abPintades\u00bb de Lussan<\/h2>\n<p>[\/vc_column_text][vc_empty_space height=\u00bb20&#8243;][vc_column_text css=\u00bb\u00bb]<\/p>\n<table>\n<tbody>\n<tr>\n<td style=\"text-align: center; vertical-align: middle;\" width=\"25\"><span data-type=\"normal\"  class=\"qode_icon_shortcode  q_font_awsome_icon fa-lg  \" style=\" \"><i class=\"qode_icon_font_awesome fa fa-male qode_icon_element\" style=\"color: #8a8c88;\" ><\/i><\/span><\/td>\n<td style=\"text-align: left; vertical-align: middle;\" width=\"121\">2 pers.<\/td>\n<td style=\"text-align: center; vertical-align: middle; border-left: 1px solid #8a8c88;\" colspan=\"3\" width=\"25\"><span data-type=\"normal\"  class=\"qode_icon_shortcode  q_font_awsome_icon fa-lg  \" style=\" \"><i class=\"qode_icon_font_awesome fa fa-bed qode_icon_element\" style=\"color: #8a8c88;\" ><\/i><\/span><\/td>\n<td style=\"text-align: left; vertical-align: middle;\" width=\"101\">King<\/p>\n<p>o<\/p>\n<p>2 singles<\/td>\n<td style=\"text-align: center; vertical-align: middle; border-left: 1px solid #8a8c88;\" colspan=\"3\" width=\"25\"><span data-type=\"normal\"  class=\"qode_icon_shortcode  q_font_awsome_icon fa-lg  \" style=\" \"><i class=\"qode_icon_font_awesome fa fa-arrows-alt qode_icon_element\" style=\"color: #8a8c88;\" ><\/i><\/span><\/td>\n<td style=\"text-align: left; vertical-align: middle;\" width=\"81\">24 m<sup>2<\/sup><\/td>\n<td style=\"text-align: center; vertical-align: middle; border-left: 1px solid #8a8c88;\" colspan=\"3\" width=\"25\"><span data-type=\"normal\"  class=\"qode_icon_shortcode  q_font_awsome_icon fa-lg  \" style=\" \"><i class=\"qode_icon_font_awesome fa fa-snowflake-o qode_icon_element\" style=\"color: #8a8c88;\" ><\/i><\/span><\/td>\n<td style=\"text-align: left; vertical-align: middle;\" width=\"101\">A\/C<\/td>\n<\/tr>\n<\/tbody>\n<\/table>\n<p>[\/vc_column_text][vc_empty_space height=\u00bb20&#8243;][vc_column_text]Esta habitaci\u00f3n abuhardillada, con un ambiente rom\u00e1ntico y colores de verano, ha conservado el encanto de la granja con su antigua puerta de madera y sus vigas originales.<\/p>\n<p>Situada en la segunda planta de la casa principal, esta habitaci\u00f3n climatizada de 24 m2 est\u00e1 equipada con una cama doble de 180&#215;200 o 2 camas individuales de 90&#215;200, una zona de lectura, un ba\u00f1o con ducha italiana, inodoro y lavabo.[\/vc_column_text][vc_empty_space height=\u00bb20&#8243;][vc_column_text]Este alojamiento est\u00e1 classificado como 4 espigas en <a href=\"https:\/\/www.gites-de-france.com\/fr\/occitanie\/gard\/lautre-maison-30g20223\" target=\"_blank\" rel=\"noopener noreferrer\">G\u00eetes de France<\/a>.<a href=\"https:\/\/www.gites-de-france.com\/fr\/occitanie\/gard\/lautre-maison-30g20223\"><img loading=\"lazy\" decoding=\"async\" class=\"alignright wp-image-67\" src=\"https:\/\/www.lautre-maison.com\/wp-content\/uploads\/2020\/02\/Gites-de-France-300x300.png\" alt=\"\" width=\"50\" height=\"50\" srcset=\"https:\/\/www.lautre-maison.com\/wp-content\/uploads\/2020\/02\/Gites-de-France-300x300.png 300w, https:\/\/www.lautre-maison.com\/wp-content\/uploads\/2020\/02\/Gites-de-France-1024x1024.png 1024w, https:\/\/www.lautre-maison.com\/wp-content\/uploads\/2020\/02\/Gites-de-France-150x150.png 150w, https:\/\/www.lautre-maison.com\/wp-content\/uploads\/2020\/02\/Gites-de-France-768x767.png 768w, https:\/\/www.lautre-maison.com\/wp-content\/uploads\/2020\/02\/Gites-de-France-1200x1199.png 1200w, https:\/\/www.lautre-maison.com\/wp-content\/uploads\/2020\/02\/Gites-de-France.png 1419w\" sizes=\"auto, (max-width: 50px) 100vw, 50px\" \/><\/a>[\/vc_column_text][vc_empty_space height=\u00bb30&#8243;]<a  itemprop=\"url\" href=\"https:\/\/tinyurl.com\/27xnb4o5\" target=\"_self\"  class=\"qbutton  right default\" style=\"\">Reservar<\/a>[\/qode_elements_holder_item][qode_elements_holder_item advanced_animations=\u00bbno\u00bb][vc_gallery interval=\u00bb3&#8243; images=\u00bb19312,19793,19785,19765,19781,19789,19769,19773,19797,19761,19801&#8243; img_size=\u00bb960&#215;1100&#8243; css=\u00bb.vc_custom_1754842689486{margin-bottom: -60px !important;}\u00bb][\/qode_elements_holder_item][\/qode_elements_holder][vc_empty_space css=\u00bb.vc_custom_1619887277071{background-color: #ffffff !important;}\u00bb][\/vc_column][\/vc_row][vc_row css_animation=\u00bb\u00bb row_type=\u00bbrow\u00bb use_row_as_full_screen_section=\u00bbno\u00bb type=\u00bbfull_width\u00bb angled_section=\u00bbno\u00bb text_align=\u00bbleft\u00bb background_image_as_pattern=\u00bbwithout_pattern\u00bb z_index=\u00bb\u00bb anchor=\u00bbpoulailler\u00bb][vc_column][qode_elements_holder background_color=\u00bbrgba(0,0,0,0.04)\u00bb number_of_columns=\u00bbtwo_columns\u00bb switch_to_one_column=\u00bb1000&#8243;][qode_elements_holder_item advanced_animations=\u00bbno\u00bb][vc_gallery interval=\u00bb3&#8243; images=\u00bb19841,19853,19845,19817,19837,19869,19877,19873,19861,19809,19857,19849,19829&#8243; img_size=\u00bb960&#215;1100&#8243; css=\u00bb.vc_custom_1754844713282{margin-bottom: -60px !important;}\u00bb][\/qode_elements_holder_item][qode_elements_holder_item vertical_alignment=\u00bbmiddle\u00bb advanced_animations=\u00bbno\u00bb item_padding=\u00bb20px 5% 20px 5%\u00bb][vc_column_text]<\/p>\n<h3>poulailler<\/h3>\n<p>[\/vc_column_text][vc_empty_space height=\u00bb20&#8243;][vc_column_text]<\/p>\n<h2>Un nido familiar con azotea privada.<\/h2>\n<p>[\/vc_column_text][vc_empty_space height=\u00bb20&#8243;][vc_column_text css=\u00bb\u00bb]<\/p>\n<table>\n<tbody>\n<tr>\n<td style=\"text-align: center; vertical-align: middle;\" width=\"20\"><span data-type=\"normal\"  class=\"qode_icon_shortcode  q_font_awsome_icon fa-lg  \" style=\" \"><i class=\"qode_icon_font_awesome fa fa-male qode_icon_element\" style=\"color: #8a8c88;\" ><\/i><\/span><\/td>\n<td style=\"text-align: left; vertical-align: middle;\" width=\"101\">5 pers.<\/td>\n<td style=\"text-align: center; vertical-align: middle; border-left: 1px solid #8a8c88;\" colspan=\"3\" width=\"25\"><span data-type=\"normal\"  class=\"qode_icon_shortcode  q_font_awsome_icon fa-lg  \" style=\" \"><i class=\"qode_icon_font_awesome fa fa-bed qode_icon_element\" style=\"color: #8a8c88;\" ><\/i><\/span><\/td>\n<td style=\"text-align: left; vertical-align: middle;\" width=\"130\">1 King + 3 singles o 5 singles<\/td>\n<td style=\"text-align: center; vertical-align: middle; border-left: 1px solid #8a8c88;\" colspan=\"3\" width=\"20\"><span data-type=\"normal\"  class=\"qode_icon_shortcode  q_font_awsome_icon fa-lg  \" style=\" \"><i class=\"qode_icon_font_awesome fa fa-arrows-alt qode_icon_element\" style=\"color: #8a8c88;\" ><\/i><\/span><\/td>\n<td style=\"text-align: left; vertical-align: middle;\" width=\"101\">35 m<sup>2<\/sup><\/td>\n<td style=\"text-align: center; vertical-align: middle; border-left: 1px solid #8a8c88;\" colspan=\"3\" width=\"20\"><span data-type=\"normal\"  class=\"qode_icon_shortcode  q_font_awsome_icon fa-lg  \" style=\" \"><i class=\"qode_icon_font_awesome fa fa-snowflake-o qode_icon_element\" style=\"color: #8a8c88;\" ><\/i><\/span><\/td>\n<td style=\"text-align: left; vertical-align: middle;\" width=\"101\">A\/C<\/td>\n<\/tr>\n<\/tbody>\n<\/table>\n<p>[\/vc_column_text][vc_empty_space height=\u00bb20&#8243;][vc_column_text]Esta amplia habitaci\u00f3n familiar le invita a pasar una estancia juntos bajo el techo de la magnanerie.<\/p>\n<p>Ubicada en la segunda planta de la casa principal, esta habitaci\u00f3n de 34 m2 puede alojar hasta 5 personas. Dependiendo de sus necesidades, esta habitaci\u00f3n se puede configurar con una cama king de 180&#215;200 y 3 camas individuales de 90&#215;190, o con 5 camas separadas. Esta habitaci\u00f3n familiar est\u00e1 equipada un ba\u00f1o con ducha italiana, WC y lavabo. Y para los d\u00edas soleados una terraza privada en la azotea con una hermosa vista al patio y los techos del pueblo.[\/vc_column_text][vc_empty_space height=\u00bb20&#8243;][vc_column_text]Este alojamiento est\u00e1 classificado como 4 espigas en <a href=\"https:\/\/www.gites-de-france.com\/fr\/occitanie\/gard\/lautre-maison-30g20223\" target=\"_blank\" rel=\"noopener noreferrer\">G\u00eetes de France<\/a>.<a href=\"https:\/\/www.gites-de-france.com\/fr\/occitanie\/gard\/lautre-maison-30g20223\"><img loading=\"lazy\" decoding=\"async\" class=\"alignright wp-image-67\" src=\"https:\/\/www.lautre-maison.com\/wp-content\/uploads\/2020\/02\/Gites-de-France-300x300.png\" alt=\"\" width=\"50\" height=\"50\" srcset=\"https:\/\/www.lautre-maison.com\/wp-content\/uploads\/2020\/02\/Gites-de-France-300x300.png 300w, https:\/\/www.lautre-maison.com\/wp-content\/uploads\/2020\/02\/Gites-de-France-1024x1024.png 1024w, https:\/\/www.lautre-maison.com\/wp-content\/uploads\/2020\/02\/Gites-de-France-150x150.png 150w, https:\/\/www.lautre-maison.com\/wp-content\/uploads\/2020\/02\/Gites-de-France-768x767.png 768w, https:\/\/www.lautre-maison.com\/wp-content\/uploads\/2020\/02\/Gites-de-France-1200x1199.png 1200w, https:\/\/www.lautre-maison.com\/wp-content\/uploads\/2020\/02\/Gites-de-France.png 1419w\" sizes=\"auto, (max-width: 50px) 100vw, 50px\" \/><\/a>[\/vc_column_text][vc_empty_space height=\u00bb30&#8243;]<a  itemprop=\"url\" href=\"https:\/\/tinyurl.com\/29j7v96p\" target=\"_self\"  class=\"qbutton  right default\" style=\"\">Reservar<\/a>[\/qode_elements_holder_item][\/qode_elements_holder][\/vc_column][\/vc_row]<\/p>\n<\/div>","protected":false},"excerpt":{"rendered":"<p>[vc_row css_animation=\u00bb\u00bb row_type=\u00bbrow\u00bb use_row_as_full_screen_section=\u00bbno\u00bb type=\u00bbfull_width\u00bb angled_section=\u00bbno\u00bb text_align=\u00bbleft\u00bb background_image_as_pattern=\u00bbwithout_pattern\u00bb z_index=\u00bb\u00bb anchor=\u00bb#capitelle\u00bb][vc_column][qode_elements_holder background_color=\u00bbrgba(0,0,0,0.04)\u00bb number_of_columns=\u00bbtwo_columns\u00bb&#8230;<\/p>\n","protected":false},"author":1,"featured_media":0,"parent":18462,"menu_order":1,"comment_status":"closed","ping_status":"closed","template":"full_width.php","meta":{"_monsterinsights_skip_tracking":false,"_monsterinsights_sitenote_active":false,"_monsterinsights_sitenote_note":"","_monsterinsights_sitenote_category":0,"footnotes":""},"class_list":["post-18549","page","type-page","status-publish","hentry"],"yoast_head":"<!-- This site is optimized with the Yoast SEO plugin v27.5 - https:\/\/yoast.com\/product\/yoast-seo-wordpress\/ -->\n<title>Las habitaciones - L&#039;Autre Maison<\/title>\n<meta name=\"robots\" content=\"index, follow, max-snippet:-1, max-image-preview:large, max-video-preview:-1\" \/>\n<link rel=\"canonical\" href=\"https:\/\/www.lautre-maison.com\/es\/descansar\/las-habitaciones\/\" \/>\n<meta property=\"og:locale\" content=\"es_ES\" \/>\n<meta property=\"og:type\" content=\"article\" \/>\n<meta property=\"og:title\" content=\"Las habitaciones - L&#039;Autre Maison\" \/>\n<meta property=\"og:description\" content=\"[vc_row css_animation=\u00bb\u00bb row_type=\u00bbrow\u00bb use_row_as_full_screen_section=\u00bbno\u00bb type=\u00bbfull_width\u00bb angled_section=\u00bbno\u00bb text_align=\u00bbleft\u00bb background_image_as_pattern=\u00bbwithout_pattern\u00bb z_index=\u00bb\u00bb anchor=\u00bb#capitelle\u00bb][vc_column][qode_elements_holder background_color=\u00bbrgba(0,0,0,0.04)\u00bb number_of_columns=\u00bbtwo_columns\u00bb...\" \/>\n<meta property=\"og:url\" content=\"https:\/\/www.lautre-maison.com\/es\/descansar\/las-habitaciones\/\" \/>\n<meta property=\"og:site_name\" content=\"L&#039;Autre Maison\" \/>\n<meta property=\"article:publisher\" content=\"https:\/\/www.facebook.com\/lautremaison.StJean\/\" \/>\n<meta property=\"article:modified_time\" content=\"2025-08-10T17:10:16+00:00\" \/>\n<meta property=\"og:image\" content=\"https:\/\/www.lautre-maison.com\/wp-content\/uploads\/2020\/02\/Gites-de-France-300x300.png\" \/>\n<meta name=\"twitter:card\" content=\"summary_large_image\" \/>\n<meta name=\"twitter:label1\" content=\"Tiempo de lectura\" \/>\n\t<meta name=\"twitter:data1\" content=\"11 minutos\" \/>\n<script type=\"application\/ld+json\" class=\"yoast-schema-graph\">{\"@context\":\"https:\\\/\\\/schema.org\",\"@graph\":[{\"@type\":\"WebPage\",\"@id\":\"https:\\\/\\\/www.lautre-maison.com\\\/es\\\/descansar\\\/las-habitaciones\\\/\",\"url\":\"https:\\\/\\\/www.lautre-maison.com\\\/es\\\/descansar\\\/las-habitaciones\\\/\",\"name\":\"Las habitaciones - L&#039;Autre Maison\",\"isPartOf\":{\"@id\":\"https:\\\/\\\/www.lautre-maison.com\\\/es\\\/#website\"},\"primaryImageOfPage\":{\"@id\":\"https:\\\/\\\/www.lautre-maison.com\\\/es\\\/descansar\\\/las-habitaciones\\\/#primaryimage\"},\"image\":{\"@id\":\"https:\\\/\\\/www.lautre-maison.com\\\/es\\\/descansar\\\/las-habitaciones\\\/#primaryimage\"},\"thumbnailUrl\":\"https:\\\/\\\/www.lautre-maison.com\\\/wp-content\\\/uploads\\\/2020\\\/02\\\/Gites-de-France-300x300.png\",\"datePublished\":\"2023-08-04T06:39:57+00:00\",\"dateModified\":\"2025-08-10T17:10:16+00:00\",\"breadcrumb\":{\"@id\":\"https:\\\/\\\/www.lautre-maison.com\\\/es\\\/descansar\\\/las-habitaciones\\\/#breadcrumb\"},\"inLanguage\":\"es\",\"potentialAction\":[{\"@type\":\"ReadAction\",\"target\":[\"https:\\\/\\\/www.lautre-maison.com\\\/es\\\/descansar\\\/las-habitaciones\\\/\"]}]},{\"@type\":\"ImageObject\",\"inLanguage\":\"es\",\"@id\":\"https:\\\/\\\/www.lautre-maison.com\\\/es\\\/descansar\\\/las-habitaciones\\\/#primaryimage\",\"url\":\"https:\\\/\\\/www.lautre-maison.com\\\/wp-content\\\/uploads\\\/2020\\\/02\\\/Gites-de-France-300x300.png\",\"contentUrl\":\"https:\\\/\\\/www.lautre-maison.com\\\/wp-content\\\/uploads\\\/2020\\\/02\\\/Gites-de-France-300x300.png\"},{\"@type\":\"BreadcrumbList\",\"@id\":\"https:\\\/\\\/www.lautre-maison.com\\\/es\\\/descansar\\\/las-habitaciones\\\/#breadcrumb\",\"itemListElement\":[{\"@type\":\"ListItem\",\"position\":1,\"name\":\"Accueil\",\"item\":\"https:\\\/\\\/www.lautre-maison.com\\\/es\\\/\"},{\"@type\":\"ListItem\",\"position\":2,\"name\":\"Descansar\",\"item\":\"https:\\\/\\\/www.lautre-maison.com\\\/es\\\/sejourner\\\/\"},{\"@type\":\"ListItem\",\"position\":3,\"name\":\"Las habitaciones\"}]},{\"@type\":\"WebSite\",\"@id\":\"https:\\\/\\\/www.lautre-maison.com\\\/es\\\/#website\",\"url\":\"https:\\\/\\\/www.lautre-maison.com\\\/es\\\/\",\"name\":\"L'Autre Maison\",\"description\":\"G\u00eetes et Chambres d&#039;H\u00f4tes de Charme\",\"publisher\":{\"@id\":\"https:\\\/\\\/www.lautre-maison.com\\\/es\\\/#organization\"},\"potentialAction\":[{\"@type\":\"SearchAction\",\"target\":{\"@type\":\"EntryPoint\",\"urlTemplate\":\"https:\\\/\\\/www.lautre-maison.com\\\/es\\\/?s={search_term_string}\"},\"query-input\":{\"@type\":\"PropertyValueSpecification\",\"valueRequired\":true,\"valueName\":\"search_term_string\"}}],\"inLanguage\":\"es\"},{\"@type\":\"Organization\",\"@id\":\"https:\\\/\\\/www.lautre-maison.com\\\/es\\\/#organization\",\"name\":\"L'Autre Maison\",\"url\":\"https:\\\/\\\/www.lautre-maison.com\\\/es\\\/\",\"logo\":{\"@type\":\"ImageObject\",\"inLanguage\":\"es\",\"@id\":\"https:\\\/\\\/www.lautre-maison.com\\\/es\\\/#\\\/schema\\\/logo\\\/image\\\/\",\"url\":\"https:\\\/\\\/www.lautre-maison.com\\\/wp-content\\\/uploads\\\/2020\\\/01\\\/cropped-Logo-Simple.jpg\",\"contentUrl\":\"https:\\\/\\\/www.lautre-maison.com\\\/wp-content\\\/uploads\\\/2020\\\/01\\\/cropped-Logo-Simple.jpg\",\"width\":512,\"height\":512,\"caption\":\"L'Autre Maison\"},\"image\":{\"@id\":\"https:\\\/\\\/www.lautre-maison.com\\\/es\\\/#\\\/schema\\\/logo\\\/image\\\/\"},\"sameAs\":[\"https:\\\/\\\/www.facebook.com\\\/lautremaison.StJean\\\/\",\"https:\\\/\\\/www.instagram.com\\\/lautremaison\\\/\",\"https:\\\/\\\/www.pinterest.fr\\\/lautremaison\\\/\"]}]}<\/script>\n<!-- \/ Yoast SEO plugin. -->","yoast_head_json":{"title":"Las habitaciones - L&#039;Autre Maison","robots":{"index":"index","follow":"follow","max-snippet":"max-snippet:-1","max-image-preview":"max-image-preview:large","max-video-preview":"max-video-preview:-1"},"canonical":"https:\/\/www.lautre-maison.com\/es\/descansar\/las-habitaciones\/","og_locale":"es_ES","og_type":"article","og_title":"Las habitaciones - L&#039;Autre Maison","og_description":"[vc_row css_animation=\u00bb\u00bb row_type=\u00bbrow\u00bb use_row_as_full_screen_section=\u00bbno\u00bb type=\u00bbfull_width\u00bb angled_section=\u00bbno\u00bb text_align=\u00bbleft\u00bb background_image_as_pattern=\u00bbwithout_pattern\u00bb z_index=\u00bb\u00bb anchor=\u00bb#capitelle\u00bb][vc_column][qode_elements_holder background_color=\u00bbrgba(0,0,0,0.04)\u00bb number_of_columns=\u00bbtwo_columns\u00bb...","og_url":"https:\/\/www.lautre-maison.com\/es\/descansar\/las-habitaciones\/","og_site_name":"L&#039;Autre Maison","article_publisher":"https:\/\/www.facebook.com\/lautremaison.StJean\/","article_modified_time":"2025-08-10T17:10:16+00:00","og_image":[{"url":"https:\/\/www.lautre-maison.com\/wp-content\/uploads\/2020\/02\/Gites-de-France-300x300.png","type":"","width":"","height":""}],"twitter_card":"summary_large_image","twitter_misc":{"Tiempo de lectura":"11 minutos"},"schema":{"@context":"https:\/\/schema.org","@graph":[{"@type":"WebPage","@id":"https:\/\/www.lautre-maison.com\/es\/descansar\/las-habitaciones\/","url":"https:\/\/www.lautre-maison.com\/es\/descansar\/las-habitaciones\/","name":"Las habitaciones - L&#039;Autre Maison","isPartOf":{"@id":"https:\/\/www.lautre-maison.com\/es\/#website"},"primaryImageOfPage":{"@id":"https:\/\/www.lautre-maison.com\/es\/descansar\/las-habitaciones\/#primaryimage"},"image":{"@id":"https:\/\/www.lautre-maison.com\/es\/descansar\/las-habitaciones\/#primaryimage"},"thumbnailUrl":"https:\/\/www.lautre-maison.com\/wp-content\/uploads\/2020\/02\/Gites-de-France-300x300.png","datePublished":"2023-08-04T06:39:57+00:00","dateModified":"2025-08-10T17:10:16+00:00","breadcrumb":{"@id":"https:\/\/www.lautre-maison.com\/es\/descansar\/las-habitaciones\/#breadcrumb"},"inLanguage":"es","potentialAction":[{"@type":"ReadAction","target":["https:\/\/www.lautre-maison.com\/es\/descansar\/las-habitaciones\/"]}]},{"@type":"ImageObject","inLanguage":"es","@id":"https:\/\/www.lautre-maison.com\/es\/descansar\/las-habitaciones\/#primaryimage","url":"https:\/\/www.lautre-maison.com\/wp-content\/uploads\/2020\/02\/Gites-de-France-300x300.png","contentUrl":"https:\/\/www.lautre-maison.com\/wp-content\/uploads\/2020\/02\/Gites-de-France-300x300.png"},{"@type":"BreadcrumbList","@id":"https:\/\/www.lautre-maison.com\/es\/descansar\/las-habitaciones\/#breadcrumb","itemListElement":[{"@type":"ListItem","position":1,"name":"Accueil","item":"https:\/\/www.lautre-maison.com\/es\/"},{"@type":"ListItem","position":2,"name":"Descansar","item":"https:\/\/www.lautre-maison.com\/es\/sejourner\/"},{"@type":"ListItem","position":3,"name":"Las habitaciones"}]},{"@type":"WebSite","@id":"https:\/\/www.lautre-maison.com\/es\/#website","url":"https:\/\/www.lautre-maison.com\/es\/","name":"L'Autre Maison","description":"G\u00eetes et Chambres d&#039;H\u00f4tes de Charme","publisher":{"@id":"https:\/\/www.lautre-maison.com\/es\/#organization"},"potentialAction":[{"@type":"SearchAction","target":{"@type":"EntryPoint","urlTemplate":"https:\/\/www.lautre-maison.com\/es\/?s={search_term_string}"},"query-input":{"@type":"PropertyValueSpecification","valueRequired":true,"valueName":"search_term_string"}}],"inLanguage":"es"},{"@type":"Organization","@id":"https:\/\/www.lautre-maison.com\/es\/#organization","name":"L'Autre Maison","url":"https:\/\/www.lautre-maison.com\/es\/","logo":{"@type":"ImageObject","inLanguage":"es","@id":"https:\/\/www.lautre-maison.com\/es\/#\/schema\/logo\/image\/","url":"https:\/\/www.lautre-maison.com\/wp-content\/uploads\/2020\/01\/cropped-Logo-Simple.jpg","contentUrl":"https:\/\/www.lautre-maison.com\/wp-content\/uploads\/2020\/01\/cropped-Logo-Simple.jpg","width":512,"height":512,"caption":"L'Autre Maison"},"image":{"@id":"https:\/\/www.lautre-maison.com\/es\/#\/schema\/logo\/image\/"},"sameAs":["https:\/\/www.facebook.com\/lautremaison.StJean\/","https:\/\/www.instagram.com\/lautremaison\/","https:\/\/www.pinterest.fr\/lautremaison\/"]}]}},"_links":{"self":[{"href":"https:\/\/www.lautre-maison.com\/es\/wp-json\/wp\/v2\/pages\/18549","targetHints":{"allow":["GET"]}}],"collection":[{"href":"https:\/\/www.lautre-maison.com\/es\/wp-json\/wp\/v2\/pages"}],"about":[{"href":"https:\/\/www.lautre-maison.com\/es\/wp-json\/wp\/v2\/types\/page"}],"author":[{"embeddable":true,"href":"https:\/\/www.lautre-maison.com\/es\/wp-json\/wp\/v2\/users\/1"}],"replies":[{"embeddable":true,"href":"https:\/\/www.lautre-maison.com\/es\/wp-json\/wp\/v2\/comments?post=18549"}],"version-history":[{"count":48,"href":"https:\/\/www.lautre-maison.com\/es\/wp-json\/wp\/v2\/pages\/18549\/revisions"}],"predecessor-version":[{"id":19909,"href":"https:\/\/www.lautre-maison.com\/es\/wp-json\/wp\/v2\/pages\/18549\/revisions\/19909"}],"up":[{"embeddable":true,"href":"https:\/\/www.lautre-maison.com\/es\/wp-json\/wp\/v2\/pages\/18462"}],"wp:attachment":[{"href":"https:\/\/www.lautre-maison.com\/es\/wp-json\/wp\/v2\/media?parent=18549"}],"curies":[{"name":"wp","href":"https:\/\/api.w.org\/{rel}","templated":true}]}}