{"id":18504,"date":"2023-08-02T15:37:56","date_gmt":"2023-08-02T13:37:56","guid":{"rendered":"https:\/\/www.lautre-maison.com\/contact-reservas\/info-contacto\/"},"modified":"2025-11-06T11:07:46","modified_gmt":"2025-11-06T10:07:46","slug":"info-contacto","status":"publish","type":"page","link":"https:\/\/www.lautre-maison.com\/es\/contact-reservas\/info-contacto\/","title":{"rendered":"Informaci\u00f3n &#038; Contacto"},"content":{"rendered":"<div class=\"wpb-content-wrapper\"><p>[vc_row css_animation=\u00bb\u00bb row_type=\u00bbrow\u00bb use_row_as_full_screen_section=\u00bbno\u00bb type=\u00bbfull_width\u00bb angled_section=\u00bbno\u00bb text_align=\u00bbleft\u00bb background_image_as_pattern=\u00bbwithout_pattern\u00bb z_index=\u00bb\u00bb anchor=\u00bb#aproposdenous\u00bb][vc_column][vc_empty_space height=\u00bb30&#8243; css=\u00bb.vc_custom_1588514753760{background-color: #ffffff !important;}\u00bb][qode_elements_holder number_of_columns=\u00bbtwo_columns\u00bb columns_proportion=\u00bb75_25&#8243;][qode_elements_holder_item advanced_animations=\u00bbno\u00bb][vc_column_text css=\u00bb.vc_custom_1619560966034{border-top-width: 10px !important;border-bottom-width: 10px !important;border-left-width: 10px !important;padding-top: 5% !important;padding-bottom: 5% !important;padding-left: 5% !important;border-left-color: #ffffff !important;border-top-color: #ffffff !important;border-bottom-color: #ffffff !important;}\u00bb]<\/p>\n<h3>Qui\u00e9nes somos<\/h3>\n<p>&nbsp;<\/p>\n<h2>Nuestra historia<\/h2>\n<p>Le damos la bienvenida a esta magn\u00edfica regi\u00f3n, despu\u00e9s de haber viajado juntos por el mundo.<\/p>\n<h2>De vuelta en el Gard<\/h2>\n<p>Benoit volvi\u00f3 al Gard, el pa\u00eds de su infancia junto a su mujer Annelie, de origen alem\u00e1n y con nuestro peque\u00f1o rayo de sol: Nils. Somos un tr\u00edo de mosqueteros amantes de la vida, de los visitantes y sus historias, de las delicias gastron\u00f3micas de todos los rincones del mundo y de los viajes ins\u00f3litos.<\/p>\n<div>\n<h2>Desde las cadenas de lujo hasta L&#8217;Autre Maison<\/h2>\n<p>Nos conocimos en Par\u00eds en 2000 despu\u00e9s de estudiar en escuelas de gestion hotelera en Marsella y Hamburgo. Nuestra primera experiencia en la hoteler\u00eda de lujo as\u00ed como nuestra historia de amor comenz\u00f3 en la Ciudad de la Luz, seguida de una aventura nevada en las Monta\u00f1as de Estados Unidos, una fiesta catalana en Barcelona, unos a\u00f1os m\u00edticos en la isla esmeralda y el nacimiento de nuestro hijo en Dubl\u00edn. Un \u00faltimo cap\u00edtulo \u201cmuy brit\u00e1nico\u201d en Londres y la decisi\u00f3n de dejar las grandes cadenas de lujo para empezar una nueva vida.<\/p>\n<p>En 2014 nos enamoramos de este hermoso edificio que se ha convertido para nosotros en \u201cL\u2019Autre Maison\u201d, en definitiva, el lugar con el que siempre hemos so\u00f1ado para crear nuestra casa rural.<\/p>\n<p>Esperamos darle la bienvenida en el sur de Francia, ofrecerle una estancia inolvidable y compartir nuestra experiencia con usted en nuestra encantadora y aut\u00e9ntica casa.<\/p>\n<\/div>\n<p>[\/vc_column_text][\/qode_elements_holder_item][qode_elements_holder_item advanced_animations=\u00bbno\u00bb item_padding=\u00bb5% 5% 5% 5%\u00bb][vc_single_image image=\u00bb20769&#8243; img_size=\u00bblarge\u00bb style=\u00bbvc_box_circle_2&#8243; css=\u00bb\u00bb qode_css_animation=\u00bb\u00bb][\/qode_elements_holder_item][\/qode_elements_holder][vc_separator type=\u00bbsmall\u00bb position=\u00bbcenter\u00bb][vc_row_inner row_type=\u00bbrow\u00bb type=\u00bbfull_width\u00bb text_align=\u00bbleft\u00bb css_animation=\u00bb\u00bb anchor=\u00bbeco\u00bb][vc_column_inner][vc_empty_space height=\u00bb10px\u00bb][\/vc_column_inner][\/vc_row_inner][qode_elements_holder number_of_columns=\u00bbtwo_columns\u00bb columns_proportion=\u00bb25_75&#8243;][qode_elements_holder_item advanced_animations=\u00bbno\u00bb item_padding=\u00bb5% 5% 5% 5%\u00bb][vc_single_image image=\u00bb19340&#8243; img_size=\u00bbmedium\u00bb alignment=\u00bbcenter\u00bb style=\u00bbvc_box_circle\u00bb css=\u00bb\u00bb qode_css_animation=\u00bb\u00bb][\/qode_elements_holder_item][qode_elements_holder_item advanced_animations=\u00bbno\u00bb item_padding=\u00bb5% 5% 5% 5%\u00bb][vc_column_text]<\/p>\n<h2 style=\"text-align: left;\">Nuestro compromiso ecol\u00f3gico por un turismo sostenible<\/h2>\n<p>[\/vc_column_text][vc_column_text css=\u00bb\u00bb]Porque estamos construyendo el mundo del ma\u00f1ana y tenemos la responsabilidad de lo que vamos a dejar a nuestras futuras generaciones. Es importante para nosotros ser cada vez m\u00e1s respetuosos con el medio ambiente y, por lo tanto, ser socios de un turismo sostenible.[\/vc_column_text][vc_empty_space height=\u00bb30px\u00bb]<a  itemprop=\"url\" href=\"https:\/\/www.lautre-maison.com\/encore-plus\/eco-responsabilite\/\" target=\"_self\"  class=\"qbutton  default\" style=\"\">nuestro compromiso<\/a>[\/qode_elements_holder_item][\/qode_elements_holder][\/vc_column][\/vc_row][vc_row css_animation=\u00bb\u00bb row_type=\u00bbrow\u00bb use_row_as_full_screen_section=\u00bbno\u00bb type=\u00bbfull_width\u00bb angled_section=\u00bbno\u00bb text_align=\u00bbleft\u00bb background_image_as_pattern=\u00bbwithout_pattern\u00bb z_index=\u00bb\u00bb][vc_column][vc_empty_space height=\u00bb20&#8243; css=\u00bb.vc_custom_1588492693379{background-color: #ffffff !important;}\u00bb][qode_elements_holder number_of_columns=\u00bbtwo_columns\u00bb columns_proportion=\u00bb33_66&#8243; switch_to_one_column=\u00bb1000&#8243;][qode_elements_holder_item vertical_alignment=\u00bbtop\u00bb advanced_animations=\u00bbno\u00bb][vc_column_text css=\u00bb.vc_custom_1607350460672{border-top-width: 10px !important;border-right-width: 10px !important;border-bottom-width: 10px !important;border-left-width: 10px !important;padding-top: 15px !important;padding-right: 5% !important;padding-bottom: 10% !important;padding-left: 5% !important;border-left-color: #ffffff !important;border-left-style: solid !important;border-right-color: #ffffff !important;border-right-style: solid !important;border-top-color: #ffffff !important;border-top-style: solid !important;border-bottom-color: #ffffff !important;border-bottom-style: solid !important;}\u00bb]<\/p>\n<h3>Contacta con nosotros<\/h3>\n<p>&nbsp;<\/p>\n<p><strong>L&#8217;Autre Maison<\/strong><\/p>\n<p><a href=\"https:\/\/www.google.com\/maps\/d\/drive?state=%7B%22ids%22%3A%5B%221lk5DEJvSi6KYw5uGZBFlluxzSBBFyXR9%22%5D%2C%22action%22%3A%22open%22%2C%22userId%22%3A%22110111596078333760733%22%7D&amp;usp=sharing\" target=\"_blank\" rel=\"noopener noreferrer\">18 rue de la fontaine<\/a><\/p>\n<p><a href=\"https:\/\/www.google.com\/maps\/d\/drive?state=%7B%22ids%22%3A%5B%221lk5DEJvSi6KYw5uGZBFlluxzSBBFyXR9%22%5D%2C%22action%22%3A%22open%22%2C%22userId%22%3A%22110111596078333760733%22%7D&amp;usp=sharing\" target=\"_blank\" rel=\"noopener noreferrer\">30360 St Jean de Ceyrargues<\/a><\/p>\n<p>&nbsp;<\/p>\n<p><span data-type=\"normal\"  class=\"qode_icon_shortcode  q_font_awsome_icon   \" style=\" \"><i class=\"qode_icon_font_awesome fa fa-phone qode_icon_element\" style=\"font-size: 20px;color: #8a8c88;\" ><\/i><\/span> +33 (0)4 66 55 12 06<\/p>\n<p><span data-type=\"normal\"  class=\"qode_icon_shortcode  q_font_awsome_icon   \" style=\" \"><i class=\"qode_icon_font_awesome fa fa-mobile qode_icon_element\" style=\"font-size: 23px;color: #8a8c88;\" ><\/i><\/span> \u00a0+33 (0)6 82 55 48 89<\/p>\n<p><a href=\"https:\/\/api.whatsapp.com\/send?phone=33682554889\" target=\"_blank\" rel=\"noopener noreferrer\"><span data-type=\"normal\"  class=\"qode_icon_shortcode  q_font_awsome_icon   \" style=\" \"><i class=\"qode_icon_font_awesome fa fa-whatsapp qode_icon_element\" style=\"font-size: 22px;color: #8a8c88;\" ><\/i><\/span> \u00a0WhatsApp<\/a><\/p>\n<p><span data-type=\"normal\"  class=\"qode_icon_shortcode  q_font_awsome_icon   \" style=\" \"><i class=\"qode_icon_font_awesome fa fa-envelope qode_icon_element\" style=\"font-size: 20px;color: #8a8c88;\" ><\/i><\/span> <a href=\"mailto:contact@lautre-maison.com\">contact@lautre-maison.com<\/a>[\/vc_column_text]\n<div class=\"wpcf7 no-js\" id=\"wpcf7-f18522-o1\" lang=\"es-ES\" dir=\"ltr\" data-wpcf7-id=\"18522\">\n<div class=\"screen-reader-response\"><p role=\"status\" aria-live=\"polite\" aria-atomic=\"true\"><\/p> <ul><\/ul><\/div>\n<form action=\"\/es\/wp-json\/wp\/v2\/pages\/18504#wpcf7-f18522-o1\" method=\"post\" class=\"wpcf7-form init cf7_custom_style_1\" aria-label=\"Formulario de contacto\" novalidate=\"novalidate\" data-status=\"init\">\n<fieldset class=\"hidden-fields-container\"><input type=\"hidden\" name=\"_wpcf7\" value=\"18522\" \/><input type=\"hidden\" name=\"_wpcf7_version\" value=\"6.1.5\" \/><input type=\"hidden\" name=\"_wpcf7_locale\" value=\"es_ES\" \/><input type=\"hidden\" name=\"_wpcf7_unit_tag\" value=\"wpcf7-f18522-o1\" \/><input type=\"hidden\" name=\"_wpcf7_container_post\" value=\"0\" \/><input type=\"hidden\" name=\"_wpcf7_posted_data_hash\" value=\"\" \/><input type=\"hidden\" name=\"_wpcf7_recaptcha_response\" value=\"\" \/>\n<\/fieldset>\n<h3 style=\"text-align: left;\">contacta nos aqu\u00ed...\n<\/h3>\n<p><span class=\"wpcf7-form-control-wrap\" data-name=\"Nom\"><input size=\"40\" maxlength=\"400\" class=\"wpcf7-form-control wpcf7-text wpcf7-validates-as-required\" aria-required=\"true\" aria-invalid=\"false\" placeholder=\"Su Apellido\" value=\"\" type=\"text\" name=\"Nom\" \/><\/span>\n<\/p>\n<p><span class=\"wpcf7-form-control-wrap\" data-name=\"email-674\"><input size=\"40\" maxlength=\"400\" class=\"wpcf7-form-control wpcf7-email wpcf7-validates-as-required wpcf7-text wpcf7-validates-as-email\" aria-required=\"true\" aria-invalid=\"false\" placeholder=\"Correo electr\u00f3nico\" value=\"\" type=\"email\" name=\"email-674\" \/><\/span>\n<\/p>\n<p><span class=\"wpcf7-form-control-wrap\" data-name=\"tel-834\"><input size=\"40\" maxlength=\"400\" class=\"wpcf7-form-control wpcf7-tel wpcf7-text wpcf7-validates-as-tel\" aria-invalid=\"false\" placeholder=\"Tel\u00e9fono\" value=\"\" type=\"tel\" name=\"tel-834\" \/><\/span>\n<\/p>\n<p><span class=\"wpcf7-form-control-wrap\" data-name=\"Objet\"><input size=\"40\" maxlength=\"400\" class=\"wpcf7-form-control wpcf7-text\" aria-invalid=\"false\" placeholder=\"Asunto\" value=\"\" type=\"text\" name=\"Objet\" \/><\/span>\n<\/p>\n<p><span class=\"wpcf7-form-control-wrap\" data-name=\"Message\"><textarea cols=\"40\" rows=\"10\" maxlength=\"2000\" class=\"wpcf7-form-control wpcf7-textarea\" aria-invalid=\"false\" placeholder=\"D\u00ednos c\u00f3mo podemos ayudarle...\" name=\"Message\"><\/textarea><\/span>\n<\/p>\n<p><input class=\"wpcf7-form-control wpcf7-submit has-spinner\" type=\"submit\" value=\"Enviar\" \/>\n<\/p><p style=\"display: none !important;\" class=\"akismet-fields-container\" data-prefix=\"_wpcf7_ak_\"><label>&#916;<textarea name=\"_wpcf7_ak_hp_textarea\" cols=\"45\" rows=\"8\" maxlength=\"100\"><\/textarea><\/label><input type=\"hidden\" id=\"ak_js_1\" name=\"_wpcf7_ak_js\" value=\"87\"\/><script>document.getElementById( \"ak_js_1\" ).setAttribute( \"value\", ( new Date() ).getTime() );<\/script><\/p><div class=\"wpcf7-response-output\" aria-hidden=\"true\"><\/div>\n<\/form>\n<\/div>\n[\/qode_elements_holder_item][qode_elements_holder_item vertical_alignment=\u00bbtop\u00bb advanced_animations=\u00bbno\u00bb background_color=\u00bb#ffffff\u00bb][vc_column_text css=\u00bb.vc_custom_1755883710801{border-top-width: 10px !important;border-right-width: 10px !important;border-bottom-width: 10px !important;border-left-width: 10px !important;padding-top: 5% !important;padding-right: 10% !important;padding-bottom: 5% !important;padding-left: 45% !important;background: #ffffff url(https:\/\/www.lautre-maison.com\/wp-content\/uploads\/2025\/08\/Boite-aux-lettres-scaled.jpg?id=20775) !important;background-position: center !important;background-repeat: no-repeat !important;background-size: cover !important;border-left-style: solid !important;border-right-style: solid !important;border-top-style: solid !important;border-bottom-style: solid !important;border-color: #ffffff !important;}\u00bb]<\/p>\n<h3 style=\"text-align: center;\">NEWSLETTER<\/h3>\n<p><\/p>\n<h2 style=\"text-align: center;\"><\/h2>\n<p><\/p>\n<h2 style=\"text-align: center;\">Ap\u00fantate para tener noticias nuestras, no mas de 2 veces al a\u00f1o&#8230;<\/h2>\n<p>&nbsp;<\/p>\n<p style=\"text-align: center;\">\n<a  itemprop=\"url\" href=\"http:\/\/eepurl.com\/gj7tcL\" target=\"_self\"  class=\"qbutton  center default\" style=\"\">Ap\u00fantate<\/a>\n<p>[\/vc_column_text][vc_column_text css=\u00bb.vc_custom_1619560998694{border-top-width: 10px !important;border-right-width: 10px !important;border-bottom-width: 10px !important;border-left-width: 10px !important;padding-top: 4% !important;padding-right: 8% !important;padding-bottom: 2% !important;padding-left: 8% !important;background-color: #f7f7f7 !important;border-left-color: #ffffff !important;border-left-style: solid !important;border-right-color: #ffffff !important;border-right-style: solid !important;border-top-color: #ffffff !important;border-top-style: solid !important;border-bottom-color: #ffffff !important;border-bottom-style: solid !important;}\u00bb]<\/p>\n<h3 style=\"text-align: center;\">D\u00f3nde estamos<\/h3>\n<p><\/p>\n<h2 style=\"text-align: center;\">como llegar en nuestra casa<\/h2>\n<p>&nbsp;<\/p>\n<p style=\"text-align: center;\">St Jean de Ceyrargues se encuentra al pie de los C\u00e9vennes, y cerca de Uz\u00e8s, una encantadora regi\u00f3n \u00a0en el sur de Francia.<br \/>\nEl pueblo est\u00e1 situado en un eje muy interesante, entre Uz\u00e8s, Al\u00e8s y N\u00eemes. A solo 20 min de Uz\u00e8s (18 km), 20 min de Al\u00e8s (16 km),<br \/>\n30 min de Anduze (27 km), 35 min de Nimes (30 km), 1 hora de Avignon (57 km), 1 hora de Montpellier (67 km) y 1 hora de la costa mediterr\u00e1nea (60 km).<br \/>\nEl encantador pueblo medieval de V\u00e9z\u00e9nobres est\u00e1 a 10 km.<br \/>\nEl acceso internacional es posible a trav\u00e9s de los aeropuertos de N\u00eemes-Garons (30 min), con vuelos desde Londres Luton, Liverpool, Bruselas Charleroi y Fez.<br \/>\nHay destinos adicionales disponibles en los aeropuertos de Montpellier (1 h) y Marsella-Provenza (1 h 45).<br \/>\nLos trenes de alta velocidad (TGV) salen con frecuencia desde el aeropuerto de Par\u00eds Charles de Gaulle o Gare de Lyon hacia las estaciones de Avignon TGV o N\u00eemes \u2013 Pont du Gard.<br \/>\nDurante el per\u00edodo de verano, un servicio especial de Eurostar sale desde Londres St. Pancras directamente a Avignon TGV.<br \/>\nLa estaci\u00f3n de tren Nozi\u00e8re\/Brignon se encuentra a 10 minutos en coche de L\u2019Autre Maison con trenes desde Nimes y Al\u00e8s.<\/p>\n<p>&nbsp;<\/p>\n<p style=\"text-align: center;\"><a href=\"https:\/\/www.google.com\/maps\/dir\/\/L'Autre+Maison,+30360+Saint-Jean-de-Ceyrargues\/@44.050949,4.22673,15z\/data=!4m8!4m7!1m0!1m5!1m1!1s0x12b447d16136d82b:0x44a36b8b931683e9!2m2!1d4.22673!2d44.050949\" target=\"_blank\" rel=\"noopener noreferrer\"><strong>Coordenadas GPS: Latitud : 44.050727 | Longitud : 4.227197<\/strong><\/a><\/p>\n<p>[\/vc_column_text][\/qode_elements_holder_item][\/qode_elements_holder][vc_empty_space height=\u00bb20&#8243; css=\u00bb.vc_custom_1588492194167{background-color: #ffffff !important;}\u00bb][\/vc_column][\/vc_row][vc_row css_animation=\u00bb\u00bb row_type=\u00bbrow\u00bb use_row_as_full_screen_section=\u00bbno\u00bb type=\u00bbfull_width\u00bb angled_section=\u00bbno\u00bb text_align=\u00bbleft\u00bb background_image_as_pattern=\u00bbwithout_pattern\u00bb z_index=\u00bb\u00bb anchor=\u00bb#emplacement\u00bb el_id=\u00bbemplacement\u00bb][vc_column]<div class='google_map_shortcode_holder' style='height:600px;'><div class='qode_google_map' style='height:600px;' id='map_canvas_44185' data-addresses='[\"44.05098111519155, 4.226710261057766\"]' data-custom-map-style='false' data-color-overlay='#393939' data-saturation='-100' data-lightness='-60' data-zoom='8' data-pin='https:\/\/www.lautre-maison.com\/wp-content\/uploads\/2020\/12\/drawpin_114724.png' data-unique-id='44185' data-google-maps-scroll-wheel='true' data-snazzy-map-style='yes' data-map-height='600'><\/div><input type=\"hidden\" class=\"qode-snazzy-map\" value=\"`{`{``featureType``: ``landscape``,``elementType``: ``all``,``stylers``: `{`{``hue``: ``#FFA800``},{``gamma``: 1}`}`},{``featureType``: ``poi``,``elementType``: ``all``,``stylers``: `{`{``hue``: ``#679714``},{``saturation``: 33.4},{``lightness``: -25.4},{``gamma``: 1}`}`},{``featureType``: ``road.highway``,``elementType``: ``all``,``stylers``: `{`{``hue``: ``#53FF00``},{``saturation``: -73},{``lightness``: 40},{``gamma``: 1}`}`},{``featureType``: ``road.arterial``,``elementType``: ``all``,``stylers``: `{`{``hue``: ``#FBFF00``},{``gamma``: 1}`}`},{``featureType``: ``road.local``,``elementType``: ``all``,``stylers``: `{`{``hue``: ``#00FFFD``},{``lightness``: 30},{``gamma``: 1}`}`},{``featureType``: ``water``,``elementType``: ``all``,``stylers``: `{`{``hue``: ``#00BFFF``},{``saturation``: 6},{``lightness``: 8},{``gamma``: 1}`}`}`}`\" \/><\/div>[\/vc_column][\/vc_row]<\/p>\n<\/div>","protected":false},"excerpt":{"rendered":"<p>[vc_row css_animation=\u00bb\u00bb row_type=\u00bbrow\u00bb use_row_as_full_screen_section=\u00bbno\u00bb type=\u00bbfull_width\u00bb angled_section=\u00bbno\u00bb text_align=\u00bbleft\u00bb background_image_as_pattern=\u00bbwithout_pattern\u00bb z_index=\u00bb\u00bb anchor=\u00bb#aproposdenous\u00bb][vc_column][vc_empty_space height=\u00bb30&#8243; css=\u00bb.vc_custom_1588514753760{background-color:&#8230;<\/p>\n","protected":false},"author":1,"featured_media":0,"parent":18495,"menu_order":2,"comment_status":"closed","ping_status":"closed","template":"full_width.php","meta":{"_monsterinsights_skip_tracking":false,"_monsterinsights_sitenote_active":false,"_monsterinsights_sitenote_note":"","_monsterinsights_sitenote_category":0,"footnotes":""},"class_list":["post-18504","page","type-page","status-publish","hentry"],"yoast_head":"<!-- This site is optimized with the Yoast SEO plugin v27.4 - https:\/\/yoast.com\/product\/yoast-seo-wordpress\/ -->\n<title>Informaci\u00f3n &amp; Contacto - L&#039;Autre Maison<\/title>\n<meta name=\"robots\" content=\"index, follow, max-snippet:-1, max-image-preview:large, max-video-preview:-1\" \/>\n<link rel=\"canonical\" href=\"https:\/\/www.lautre-maison.com\/es\/contact-reservas\/info-contacto\/\" \/>\n<meta property=\"og:locale\" content=\"es_ES\" \/>\n<meta property=\"og:type\" content=\"article\" \/>\n<meta property=\"og:title\" content=\"Informaci\u00f3n &amp; Contacto - L&#039;Autre Maison\" \/>\n<meta property=\"og:description\" content=\"[vc_row css_animation=\u00bb\u00bb row_type=\u00bbrow\u00bb use_row_as_full_screen_section=\u00bbno\u00bb type=\u00bbfull_width\u00bb angled_section=\u00bbno\u00bb text_align=\u00bbleft\u00bb background_image_as_pattern=\u00bbwithout_pattern\u00bb z_index=\u00bb\u00bb anchor=\u00bb#aproposdenous\u00bb][vc_column][vc_empty_space height=\u00bb30&#8243; css=\u00bb.vc_custom_1588514753760{background-color:...\" \/>\n<meta property=\"og:url\" content=\"https:\/\/www.lautre-maison.com\/es\/contact-reservas\/info-contacto\/\" \/>\n<meta property=\"og:site_name\" content=\"L&#039;Autre Maison\" \/>\n<meta property=\"article:publisher\" content=\"https:\/\/www.facebook.com\/lautremaison.StJean\/\" \/>\n<meta property=\"article:modified_time\" content=\"2025-11-06T10:07:46+00:00\" \/>\n<meta property=\"og:image\" content=\"https:\/\/www.lautre-maison.com\/wp-content\/uploads\/2025\/08\/IMG_4546.jpeg\" \/>\n\t<meta property=\"og:image:width\" content=\"1200\" \/>\n\t<meta property=\"og:image:height\" content=\"960\" \/>\n\t<meta property=\"og:image:type\" content=\"image\/jpeg\" \/>\n<meta name=\"twitter:card\" content=\"summary_large_image\" \/>\n<meta name=\"twitter:label1\" content=\"Tiempo de lectura\" \/>\n\t<meta name=\"twitter:data1\" content=\"7 minutos\" \/>\n<script type=\"application\/ld+json\" class=\"yoast-schema-graph\">{\"@context\":\"https:\\\/\\\/schema.org\",\"@graph\":[{\"@type\":\"WebPage\",\"@id\":\"https:\\\/\\\/www.lautre-maison.com\\\/es\\\/contact-reservas\\\/info-contacto\\\/\",\"url\":\"https:\\\/\\\/www.lautre-maison.com\\\/es\\\/contact-reservas\\\/info-contacto\\\/\",\"name\":\"Informaci\u00f3n & Contacto - L&#039;Autre Maison\",\"isPartOf\":{\"@id\":\"https:\\\/\\\/www.lautre-maison.com\\\/es\\\/#website\"},\"datePublished\":\"2023-08-02T13:37:56+00:00\",\"dateModified\":\"2025-11-06T10:07:46+00:00\",\"breadcrumb\":{\"@id\":\"https:\\\/\\\/www.lautre-maison.com\\\/es\\\/contact-reservas\\\/info-contacto\\\/#breadcrumb\"},\"inLanguage\":\"es\",\"potentialAction\":[{\"@type\":\"ReadAction\",\"target\":[\"https:\\\/\\\/www.lautre-maison.com\\\/es\\\/contact-reservas\\\/info-contacto\\\/\"]}]},{\"@type\":\"BreadcrumbList\",\"@id\":\"https:\\\/\\\/www.lautre-maison.com\\\/es\\\/contact-reservas\\\/info-contacto\\\/#breadcrumb\",\"itemListElement\":[{\"@type\":\"ListItem\",\"position\":1,\"name\":\"Accueil\",\"item\":\"https:\\\/\\\/www.lautre-maison.com\\\/es\\\/\"},{\"@type\":\"ListItem\",\"position\":2,\"name\":\"Contacto &#038; reservas\",\"item\":\"https:\\\/\\\/www.lautre-maison.com\\\/es\\\/contact-reservas\\\/\"},{\"@type\":\"ListItem\",\"position\":3,\"name\":\"Informaci\u00f3n &#038; Contacto\"}]},{\"@type\":\"WebSite\",\"@id\":\"https:\\\/\\\/www.lautre-maison.com\\\/es\\\/#website\",\"url\":\"https:\\\/\\\/www.lautre-maison.com\\\/es\\\/\",\"name\":\"L'Autre Maison\",\"description\":\"G\u00eetes et Chambres d&#039;H\u00f4tes de Charme\",\"publisher\":{\"@id\":\"https:\\\/\\\/www.lautre-maison.com\\\/es\\\/#organization\"},\"potentialAction\":[{\"@type\":\"SearchAction\",\"target\":{\"@type\":\"EntryPoint\",\"urlTemplate\":\"https:\\\/\\\/www.lautre-maison.com\\\/es\\\/?s={search_term_string}\"},\"query-input\":{\"@type\":\"PropertyValueSpecification\",\"valueRequired\":true,\"valueName\":\"search_term_string\"}}],\"inLanguage\":\"es\"},{\"@type\":\"Organization\",\"@id\":\"https:\\\/\\\/www.lautre-maison.com\\\/es\\\/#organization\",\"name\":\"L'Autre Maison\",\"url\":\"https:\\\/\\\/www.lautre-maison.com\\\/es\\\/\",\"logo\":{\"@type\":\"ImageObject\",\"inLanguage\":\"es\",\"@id\":\"https:\\\/\\\/www.lautre-maison.com\\\/es\\\/#\\\/schema\\\/logo\\\/image\\\/\",\"url\":\"https:\\\/\\\/www.lautre-maison.com\\\/wp-content\\\/uploads\\\/2020\\\/01\\\/cropped-Logo-Simple.jpg\",\"contentUrl\":\"https:\\\/\\\/www.lautre-maison.com\\\/wp-content\\\/uploads\\\/2020\\\/01\\\/cropped-Logo-Simple.jpg\",\"width\":512,\"height\":512,\"caption\":\"L'Autre Maison\"},\"image\":{\"@id\":\"https:\\\/\\\/www.lautre-maison.com\\\/es\\\/#\\\/schema\\\/logo\\\/image\\\/\"},\"sameAs\":[\"https:\\\/\\\/www.facebook.com\\\/lautremaison.StJean\\\/\",\"https:\\\/\\\/www.instagram.com\\\/lautremaison\\\/\",\"https:\\\/\\\/www.pinterest.fr\\\/lautremaison\\\/\"]}]}<\/script>\n<!-- \/ Yoast SEO plugin. -->","yoast_head_json":{"title":"Informaci\u00f3n & Contacto - L&#039;Autre Maison","robots":{"index":"index","follow":"follow","max-snippet":"max-snippet:-1","max-image-preview":"max-image-preview:large","max-video-preview":"max-video-preview:-1"},"canonical":"https:\/\/www.lautre-maison.com\/es\/contact-reservas\/info-contacto\/","og_locale":"es_ES","og_type":"article","og_title":"Informaci\u00f3n & Contacto - L&#039;Autre Maison","og_description":"[vc_row css_animation=\u00bb\u00bb row_type=\u00bbrow\u00bb use_row_as_full_screen_section=\u00bbno\u00bb type=\u00bbfull_width\u00bb angled_section=\u00bbno\u00bb text_align=\u00bbleft\u00bb background_image_as_pattern=\u00bbwithout_pattern\u00bb z_index=\u00bb\u00bb anchor=\u00bb#aproposdenous\u00bb][vc_column][vc_empty_space height=\u00bb30&#8243; css=\u00bb.vc_custom_1588514753760{background-color:...","og_url":"https:\/\/www.lautre-maison.com\/es\/contact-reservas\/info-contacto\/","og_site_name":"L&#039;Autre Maison","article_publisher":"https:\/\/www.facebook.com\/lautremaison.StJean\/","article_modified_time":"2025-11-06T10:07:46+00:00","og_image":[{"width":1200,"height":960,"url":"https:\/\/www.lautre-maison.com\/wp-content\/uploads\/2025\/08\/IMG_4546.jpeg","type":"image\/jpeg"}],"twitter_card":"summary_large_image","twitter_misc":{"Tiempo de lectura":"7 minutos"},"schema":{"@context":"https:\/\/schema.org","@graph":[{"@type":"WebPage","@id":"https:\/\/www.lautre-maison.com\/es\/contact-reservas\/info-contacto\/","url":"https:\/\/www.lautre-maison.com\/es\/contact-reservas\/info-contacto\/","name":"Informaci\u00f3n & Contacto - L&#039;Autre Maison","isPartOf":{"@id":"https:\/\/www.lautre-maison.com\/es\/#website"},"datePublished":"2023-08-02T13:37:56+00:00","dateModified":"2025-11-06T10:07:46+00:00","breadcrumb":{"@id":"https:\/\/www.lautre-maison.com\/es\/contact-reservas\/info-contacto\/#breadcrumb"},"inLanguage":"es","potentialAction":[{"@type":"ReadAction","target":["https:\/\/www.lautre-maison.com\/es\/contact-reservas\/info-contacto\/"]}]},{"@type":"BreadcrumbList","@id":"https:\/\/www.lautre-maison.com\/es\/contact-reservas\/info-contacto\/#breadcrumb","itemListElement":[{"@type":"ListItem","position":1,"name":"Accueil","item":"https:\/\/www.lautre-maison.com\/es\/"},{"@type":"ListItem","position":2,"name":"Contacto &#038; reservas","item":"https:\/\/www.lautre-maison.com\/es\/contact-reservas\/"},{"@type":"ListItem","position":3,"name":"Informaci\u00f3n &#038; Contacto"}]},{"@type":"WebSite","@id":"https:\/\/www.lautre-maison.com\/es\/#website","url":"https:\/\/www.lautre-maison.com\/es\/","name":"L'Autre Maison","description":"G\u00eetes et Chambres d&#039;H\u00f4tes de Charme","publisher":{"@id":"https:\/\/www.lautre-maison.com\/es\/#organization"},"potentialAction":[{"@type":"SearchAction","target":{"@type":"EntryPoint","urlTemplate":"https:\/\/www.lautre-maison.com\/es\/?s={search_term_string}"},"query-input":{"@type":"PropertyValueSpecification","valueRequired":true,"valueName":"search_term_string"}}],"inLanguage":"es"},{"@type":"Organization","@id":"https:\/\/www.lautre-maison.com\/es\/#organization","name":"L'Autre Maison","url":"https:\/\/www.lautre-maison.com\/es\/","logo":{"@type":"ImageObject","inLanguage":"es","@id":"https:\/\/www.lautre-maison.com\/es\/#\/schema\/logo\/image\/","url":"https:\/\/www.lautre-maison.com\/wp-content\/uploads\/2020\/01\/cropped-Logo-Simple.jpg","contentUrl":"https:\/\/www.lautre-maison.com\/wp-content\/uploads\/2020\/01\/cropped-Logo-Simple.jpg","width":512,"height":512,"caption":"L'Autre Maison"},"image":{"@id":"https:\/\/www.lautre-maison.com\/es\/#\/schema\/logo\/image\/"},"sameAs":["https:\/\/www.facebook.com\/lautremaison.StJean\/","https:\/\/www.instagram.com\/lautremaison\/","https:\/\/www.pinterest.fr\/lautremaison\/"]}]}},"_links":{"self":[{"href":"https:\/\/www.lautre-maison.com\/es\/wp-json\/wp\/v2\/pages\/18504","targetHints":{"allow":["GET"]}}],"collection":[{"href":"https:\/\/www.lautre-maison.com\/es\/wp-json\/wp\/v2\/pages"}],"about":[{"href":"https:\/\/www.lautre-maison.com\/es\/wp-json\/wp\/v2\/types\/page"}],"author":[{"embeddable":true,"href":"https:\/\/www.lautre-maison.com\/es\/wp-json\/wp\/v2\/users\/1"}],"replies":[{"embeddable":true,"href":"https:\/\/www.lautre-maison.com\/es\/wp-json\/wp\/v2\/comments?post=18504"}],"version-history":[{"count":34,"href":"https:\/\/www.lautre-maison.com\/es\/wp-json\/wp\/v2\/pages\/18504\/revisions"}],"predecessor-version":[{"id":21062,"href":"https:\/\/www.lautre-maison.com\/es\/wp-json\/wp\/v2\/pages\/18504\/revisions\/21062"}],"up":[{"embeddable":true,"href":"https:\/\/www.lautre-maison.com\/es\/wp-json\/wp\/v2\/pages\/18495"}],"wp:attachment":[{"href":"https:\/\/www.lautre-maison.com\/es\/wp-json\/wp\/v2\/media?parent=18504"}],"curies":[{"name":"wp","href":"https:\/\/api.w.org\/{rel}","templated":true}]}}