{"id":17235,"date":"2021-04-30T10:11:21","date_gmt":"2021-04-30T08:11:21","guid":{"rendered":"https:\/\/www.lautre-maison.com\/contact-booking\/info-contact\/"},"modified":"2025-11-06T11:07:46","modified_gmt":"2025-11-06T10:07:46","slug":"info-contact","status":"publish","type":"page","link":"https:\/\/www.lautre-maison.com\/en\/contact-booking\/info-contact\/","title":{"rendered":"Info &amp; Contact"},"content":{"rendered":"<div class=\"wpb-content-wrapper\"><p>[vc_row css_animation=&#8221;&#8221; row_type=&#8221;row&#8221; use_row_as_full_screen_section=&#8221;no&#8221; type=&#8221;full_width&#8221; angled_section=&#8221;no&#8221; text_align=&#8221;left&#8221; background_image_as_pattern=&#8221;without_pattern&#8221; z_index=&#8221;&#8221; anchor=&#8221;#aproposdenous&#8221;][vc_column][vc_empty_space height=&#8221;30&#8243; css=&#8221;.vc_custom_1588514753760{background-color: #ffffff !important;}&#8221;][qode_elements_holder number_of_columns=&#8221;two_columns&#8221; columns_proportion=&#8221;75_25&#8243;][qode_elements_holder_item advanced_animations=&#8221;no&#8221;][vc_column_text css=&#8221;.vc_custom_1619560966034{border-top-width: 10px !important;border-bottom-width: 10px !important;border-left-width: 10px !important;padding-top: 5% !important;padding-bottom: 5% !important;padding-left: 5% !important;border-left-color: #ffffff !important;border-top-color: #ffffff !important;border-bottom-color: #ffffff !important;}&#8221;]<\/p>\n<h3>Who we are<\/h3>\n<p>&nbsp;<\/p>\n<h2>Our story<\/h2>\n<p>After taking the time to travel the world we&#8217;ve now settled in this beautiful region where we are delighted to welcoming you.<\/p>\n<h2>Back in the Gard region<\/h2>\n<p>We returned in the Gard region in South of France, were Benoit grew up in his childhood. Accompanied with Annelie from Germany and our ray of sunshine: Nils. We love life, visitors and their stories, delicacies from every corner of the world and unusual trips.<\/p>\n<div>\n<h2>From Luxury hotels to L&#8217;Autre Maison<\/h2>\n<p>We met in Paris in 2000 after studying at hotel management schools in Marseille and Hamburg. Our first experience in the luxury hotel industry as well as our love story began in the City of Light, followed by a snowy adventure in the Rockies in the United States, a Catalan fiesta in Barcelona, a few mythical years in the emerald island and the birth of our son in Dublin. A final \u201cvery British\u201d chapter in London and the decision to leave the big luxury chains to start a new life.<\/p>\n<p>In 2014 we fell in love with this beautiful building which has become <strong>&#8220;L\u2019Autre Maison&#8221;<\/strong> for us, ultimately the place we have always dreamed of to create our guest house.<\/p>\n<p>We are looking forward to welcoming you in South of France, to offer you an unforgettable stay, and to share our experience with you in our charming and authentic Guest House.<\/p>\n<\/div>\n<p>\n[\/vc_column_text][\/qode_elements_holder_item][qode_elements_holder_item advanced_animations=&#8221;no&#8221; item_padding=&#8221;5% 5% 5% 5%&#8221;][vc_single_image image=&#8221;20767&#8243; img_size=&#8221;large&#8221; style=&#8221;vc_box_circle_2&#8243; css=&#8221;&#8221; qode_css_animation=&#8221;&#8221;][\/qode_elements_holder_item][\/qode_elements_holder][vc_separator type=&#8221;small&#8221; position=&#8221;center&#8221;][vc_row_inner row_type=&#8221;row&#8221; type=&#8221;full_width&#8221; text_align=&#8221;left&#8221; css_animation=&#8221;&#8221; anchor=&#8221;eco&#8221;][vc_column_inner][vc_empty_space height=&#8221;10px&#8221;][\/vc_column_inner][\/vc_row_inner][qode_elements_holder number_of_columns=&#8221;two_columns&#8221; columns_proportion=&#8221;25_75&#8243;][qode_elements_holder_item advanced_animations=&#8221;no&#8221; item_padding=&#8221;5% 5% 5% 5%&#8221;][vc_single_image image=&#8221;19338&#8243; img_size=&#8221;medium&#8221; alignment=&#8221;center&#8221; style=&#8221;vc_box_circle&#8221; css=&#8221;&#8221; qode_css_animation=&#8221;&#8221;][\/qode_elements_holder_item][qode_elements_holder_item advanced_animations=&#8221;no&#8221; item_padding=&#8221;5% 5% 5% 5%&#8221;][vc_column_text]<\/p>\n<h2 style=\"text-align: left;\">Our ecological commitment for sustainable tourism<\/h2>\n<p>\n[\/vc_column_text][vc_column_text css=&#8221;&#8221;]Because we are building the world of tomorrow and have a responsibility for what we will leave to our future generations. It is important for us to always be more respectful of our environment and therefore to be a partner in sustainable tourism.[\/vc_column_text][vc_empty_space height=&#8221;30px&#8221;]<a  itemprop=\"url\" href=\"https:\/\/www.lautre-maison.com\/en\/more\/eco-responsibility\/\" target=\"_self\"  class=\"qbutton  default\" style=\"\">our commitments<\/a>[\/qode_elements_holder_item][\/qode_elements_holder][\/vc_column][\/vc_row][vc_row css_animation=&#8221;&#8221; row_type=&#8221;row&#8221; use_row_as_full_screen_section=&#8221;no&#8221; type=&#8221;full_width&#8221; angled_section=&#8221;no&#8221; text_align=&#8221;left&#8221; background_image_as_pattern=&#8221;without_pattern&#8221; z_index=&#8221;&#8221;][vc_column][vc_empty_space height=&#8221;20&#8243; css=&#8221;.vc_custom_1588492693379{background-color: #ffffff !important;}&#8221;][qode_elements_holder number_of_columns=&#8221;two_columns&#8221; columns_proportion=&#8221;33_66&#8243; switch_to_one_column=&#8221;1000&#8243;][qode_elements_holder_item vertical_alignment=&#8221;top&#8221; advanced_animations=&#8221;no&#8221;][vc_column_text css=&#8221;.vc_custom_1607350460672{border-top-width: 10px !important;border-right-width: 10px !important;border-bottom-width: 10px !important;border-left-width: 10px !important;padding-top: 15px !important;padding-right: 5% !important;padding-bottom: 10% !important;padding-left: 5% !important;border-left-color: #ffffff !important;border-left-style: solid !important;border-right-color: #ffffff !important;border-right-style: solid !important;border-top-color: #ffffff !important;border-top-style: solid !important;border-bottom-color: #ffffff !important;border-bottom-style: solid !important;}&#8221;]<\/p>\n<h3>OUR CONTACT DETAILS<\/h3>\n<p>&nbsp;<\/p>\n<p><strong>L&#8217;Autre Maison<\/strong><\/p>\n<p><a href=\"https:\/\/www.google.com\/maps\/d\/drive?state=%7B%22ids%22%3A%5B%221lk5DEJvSi6KYw5uGZBFlluxzSBBFyXR9%22%5D%2C%22action%22%3A%22open%22%2C%22userId%22%3A%22110111596078333760733%22%7D&amp;usp=sharing\" target=\"_blank\" rel=\"noopener noreferrer\">18 rue de la fontaine<\/a><\/p>\n<p><a href=\"https:\/\/www.google.com\/maps\/d\/drive?state=%7B%22ids%22%3A%5B%221lk5DEJvSi6KYw5uGZBFlluxzSBBFyXR9%22%5D%2C%22action%22%3A%22open%22%2C%22userId%22%3A%22110111596078333760733%22%7D&amp;usp=sharing\" target=\"_blank\" rel=\"noopener noreferrer\">30360 St Jean de Ceyrargues<\/a><\/p>\n<p>&nbsp;<\/p>\n<p><span data-type=\"normal\"  class=\"qode_icon_shortcode  q_font_awsome_icon   \" style=\" \"><i class=\"qode_icon_font_awesome fa fa-phone qode_icon_element\" style=\"font-size: 20px;color: #8a8c88;\" ><\/i><\/span> +33 (0)4 66 55 12 06<\/p>\n<p><span data-type=\"normal\"  class=\"qode_icon_shortcode  q_font_awsome_icon   \" style=\" \"><i class=\"qode_icon_font_awesome fa fa-mobile qode_icon_element\" style=\"font-size: 23px;color: #8a8c88;\" ><\/i><\/span> \u00a0+33 (0)6 82 55 48 89<\/p>\n<p><a href=\"https:\/\/api.whatsapp.com\/send?phone=33682554889\" target=\"_blank\" rel=\"noopener noreferrer\"><span data-type=\"normal\"  class=\"qode_icon_shortcode  q_font_awsome_icon   \" style=\" \"><i class=\"qode_icon_font_awesome fa fa-whatsapp qode_icon_element\" style=\"font-size: 22px;color: #8a8c88;\" ><\/i><\/span> \u00a0WhatsApp<\/a><\/p>\n<p><span data-type=\"normal\"  class=\"qode_icon_shortcode  q_font_awsome_icon   \" style=\" \"><i class=\"qode_icon_font_awesome fa fa-envelope qode_icon_element\" style=\"font-size: 20px;color: #8a8c88;\" ><\/i><\/span> <a href=\"mailto:contact@lautre-maison.com\">contact@lautre-maison.com<\/a>[\/vc_column_text]\n<div class=\"wpcf7 no-js\" id=\"wpcf7-f17249-o1\" lang=\"en-US\" dir=\"ltr\" data-wpcf7-id=\"17249\">\n<div class=\"screen-reader-response\"><p role=\"status\" aria-live=\"polite\" aria-atomic=\"true\"><\/p> <ul><\/ul><\/div>\n<form action=\"\/en\/wp-json\/wp\/v2\/pages\/17235#wpcf7-f17249-o1\" method=\"post\" class=\"wpcf7-form init cf7_custom_style_1\" aria-label=\"Contact form\" novalidate=\"novalidate\" data-status=\"init\">\n<fieldset class=\"hidden-fields-container\"><input type=\"hidden\" name=\"_wpcf7\" value=\"17249\" \/><input type=\"hidden\" name=\"_wpcf7_version\" value=\"6.1.5\" \/><input type=\"hidden\" name=\"_wpcf7_locale\" value=\"en_US\" \/><input type=\"hidden\" name=\"_wpcf7_unit_tag\" value=\"wpcf7-f17249-o1\" \/><input type=\"hidden\" name=\"_wpcf7_container_post\" value=\"0\" \/><input type=\"hidden\" name=\"_wpcf7_posted_data_hash\" value=\"\" \/><input type=\"hidden\" name=\"_wpcf7_recaptcha_response\" value=\"\" \/>\n<\/fieldset>\n<h3 style=\"text-align: left;\">Contact us here...\n<\/h3>\n<p><span class=\"wpcf7-form-control-wrap\" data-name=\"Nom\"><input size=\"40\" maxlength=\"400\" class=\"wpcf7-form-control wpcf7-text wpcf7-validates-as-required\" aria-required=\"true\" aria-invalid=\"false\" placeholder=\"Your name\" value=\"\" type=\"text\" name=\"Nom\" \/><\/span>\n<\/p>\n<p><span class=\"wpcf7-form-control-wrap\" data-name=\"email-674\"><input size=\"40\" maxlength=\"400\" class=\"wpcf7-form-control wpcf7-email wpcf7-validates-as-required wpcf7-text wpcf7-validates-as-email\" aria-required=\"true\" aria-invalid=\"false\" placeholder=\"e-mail adress\" value=\"\" type=\"email\" name=\"email-674\" \/><\/span>\n<\/p>\n<p><span class=\"wpcf7-form-control-wrap\" data-name=\"tel-834\"><input size=\"40\" maxlength=\"400\" class=\"wpcf7-form-control wpcf7-tel wpcf7-text wpcf7-validates-as-tel\" aria-invalid=\"false\" placeholder=\"Phone\" value=\"\" type=\"tel\" name=\"tel-834\" \/><\/span>\n<\/p>\n<p><span class=\"wpcf7-form-control-wrap\" data-name=\"Objet\"><input size=\"40\" maxlength=\"400\" class=\"wpcf7-form-control wpcf7-text\" aria-invalid=\"false\" placeholder=\"Subject\" value=\"\" type=\"text\" name=\"Objet\" \/><\/span>\n<\/p>\n<p><span class=\"wpcf7-form-control-wrap\" data-name=\"Message\"><textarea cols=\"40\" rows=\"10\" maxlength=\"2000\" class=\"wpcf7-form-control wpcf7-textarea\" aria-invalid=\"false\" placeholder=\"Tell us ...\" name=\"Message\"><\/textarea><\/span>\n<\/p>\n<p style=\"text-align: left; font-size: 11px\"><a href=\"localhost:8888\/wordpress\/politique-de-confidentialite\/\" target=\"_blank\" rel=\"noopener noreferrer\">Privacy Policy<\/a>\n<\/p>\n<p><input class=\"wpcf7-form-control wpcf7-submit has-spinner\" type=\"submit\" value=\"Send\" \/>\n<\/p><p style=\"display: none !important;\" class=\"akismet-fields-container\" data-prefix=\"_wpcf7_ak_\"><label>&#916;<textarea name=\"_wpcf7_ak_hp_textarea\" cols=\"45\" rows=\"8\" maxlength=\"100\"><\/textarea><\/label><input type=\"hidden\" id=\"ak_js_1\" name=\"_wpcf7_ak_js\" value=\"156\"\/><script>document.getElementById( \"ak_js_1\" ).setAttribute( \"value\", ( new Date() ).getTime() );<\/script><\/p><div class=\"wpcf7-response-output\" aria-hidden=\"true\"><\/div>\n<\/form>\n<\/div>\n[\/qode_elements_holder_item][qode_elements_holder_item vertical_alignment=&#8221;top&#8221; advanced_animations=&#8221;no&#8221; background_color=&#8221;#ffffff&#8221;][vc_column_text css=&#8221;.vc_custom_1755883710801{border-top-width: 10px !important;border-right-width: 10px !important;border-bottom-width: 10px !important;border-left-width: 10px !important;padding-top: 5% !important;padding-right: 10% !important;padding-bottom: 5% !important;padding-left: 45% !important;background: #ffffff url(https:\/\/www.lautre-maison.com\/wp-content\/uploads\/2025\/08\/Boite-aux-lettres-scaled.jpg?id=20775) !important;background-position: center !important;background-repeat: no-repeat !important;background-size: cover !important;border-left-style: solid !important;border-right-style: solid !important;border-top-style: solid !important;border-bottom-style: solid !important;border-color: #ffffff !important;}&#8221;]<\/p>\n<h3 style=\"text-align: center;\">OUR NEWSLETTER<\/h3>\n<p><\/p>\n<h2 style=\"text-align: center;\"><\/h2>\n<p><\/p>\n<h2>To receive our fresh news twice a year\u2026<\/h2>\n<p>&nbsp;<\/p>\n<p style=\"text-align: center;\">\n<a  itemprop=\"url\" href=\"http:\/\/eepurl.com\/gj7tcL\" target=\"_self\"  class=\"qbutton  center default\" style=\"\">subscribe<\/a>\n<p>[\/vc_column_text][vc_column_text css=&#8221;.vc_custom_1619560998694{border-top-width: 10px !important;border-right-width: 10px !important;border-bottom-width: 10px !important;border-left-width: 10px !important;padding-top: 4% !important;padding-right: 8% !important;padding-bottom: 2% !important;padding-left: 8% !important;background-color: #f7f7f7 !important;border-left-color: #ffffff !important;border-left-style: solid !important;border-right-color: #ffffff !important;border-right-style: solid !important;border-top-color: #ffffff !important;border-top-style: solid !important;border-bottom-color: #ffffff !important;border-bottom-style: solid !important;}&#8221;]<\/p>\n<h3 style=\"text-align: center;\">Where we are<\/h3>\n<p><\/p>\n<h2 style=\"text-align: center;\">How to come<\/h2>\n<p>&nbsp;<\/p>\n<p style=\"text-align: center;\">St Jean de Ceyrargues is located in Piedmont C\u00e9venol, a charming region of Gard in the south of France.<br \/>\nOur small village has a great location between Uz\u00e8s, Al\u00e8s and N\u00eemes in proximity of Avignon, Provence and the mediterranean coast. Only 20 mins from Uz\u00e8s (18 km), 20 mins from Al\u00e8s (16 km),<br \/>\n30 mins from Anduze (27 km), 35 mins from Nimes (30 km), 1 hr from Avignon (57 km) and 1hr10 from Montpellier (67 km).<br \/>\nThe beautiful medieval village of V\u00e9z\u00e9nobres is just 10 km away from L\u2019Autre Maison.<br \/>\nInternational access is possible via the airports of N\u00eemes-Garons (30 mins), with flights from London Luton, Liverpool, Brussels Charleroi and Fez.<br \/>\nAdditional destinations are available at the airports of Montpellier (1 hr) and Marseille-Provence (1hr45).<br \/>\nFrequent High Speed trains (TGV) are leaving from the airport of Paris Charles de Gaulle or Gare de Lyon to Avignon TGV or N\u00eemes &#8211; Pont du Gard stations.<br \/>\nDuring the summer period a special Eurostar service leaves from London St. Pancras directly to Avignon TGV.<br \/>\nThe train station Nozi\u00e8re\/Brignon is located 10 mins by car from L\u2019Autre Maison with trains from Nimes and Al\u00e8s.<\/p>\n<p>&nbsp;<\/p>\n<p style=\"text-align: center;\"><a href=\"https:\/\/www.google.com\/maps\/dir\/\/L'Autre+Maison,+30360+Saint-Jean-de-Ceyrargues\/@44.050949,4.22673,15z\/data=!4m8!4m7!1m0!1m5!1m1!1s0x12b447d16136d82b:0x44a36b8b931683e9!2m2!1d4.22673!2d44.050949\" target=\"_blank\" rel=\"noopener noreferrer\"><strong>GPS coordinates: Latitude : 44.050727 | Longitude : 4.227197<\/strong><\/a><\/p>\n<p>\n[\/vc_column_text][\/qode_elements_holder_item][\/qode_elements_holder][vc_empty_space height=&#8221;20&#8243; css=&#8221;.vc_custom_1588492194167{background-color: #ffffff !important;}&#8221;][\/vc_column][\/vc_row][vc_row css_animation=&#8221;&#8221; row_type=&#8221;row&#8221; use_row_as_full_screen_section=&#8221;no&#8221; type=&#8221;full_width&#8221; angled_section=&#8221;no&#8221; text_align=&#8221;left&#8221; background_image_as_pattern=&#8221;without_pattern&#8221; z_index=&#8221;&#8221; anchor=&#8221;#emplacement&#8221; el_id=&#8221;emplacement&#8221;][vc_column]<div class='google_map_shortcode_holder' style='height:600px;'><div class='qode_google_map' style='height:600px;' id='map_canvas_81168' data-addresses='[\"44.05098111519155, 4.226710261057766\"]' data-custom-map-style='false' data-color-overlay='#393939' data-saturation='-100' data-lightness='-60' data-zoom='8' data-pin='https:\/\/www.lautre-maison.com\/wp-content\/uploads\/2020\/12\/drawpin_114724.png' data-unique-id='81168' data-google-maps-scroll-wheel='true' data-snazzy-map-style='yes' data-map-height='600'><\/div><input type=\"hidden\" class=\"qode-snazzy-map\" value=\"`{` { ``featureType``: ``landscape``, ``elementType``: ``all``, ``stylers``: `{` { ``hue``: ``#FFA800`` }, { ``gamma``: 1 } `}` }, { ``featureType``: ``poi``, ``elementType``: ``all``, ``stylers``: `{` { ``hue``: ``#679714`` }, { ``saturation``: 33.4 }, { ``lightness``: -25.4 }, { ``gamma``: 1 } `}` }, { ``featureType``: ``road.highway``, ``elementType``: ``all``, ``stylers``: `{` { ``hue``: ``#53FF00`` }, { ``saturation``: -73 }, { ``lightness``: 40 }, { ``gamma``: 1 } `}` }, { ``featureType``: ``road.arterial``, ``elementType``: ``all``, ``stylers``: `{` { ``hue``: ``#FBFF00`` }, { ``gamma``: 1 } `}` }, { ``featureType``: ``road.local``, ``elementType``: ``all``, ``stylers``: `{` { ``hue``: ``#00FFFD`` }, { ``lightness``: 30 }, { ``gamma``: 1 } `}` }, { ``featureType``: ``water``, ``elementType``: ``all``, ``stylers``: `{` { ``hue``: ``#00BFFF`` }, { ``saturation``: 6 }, { ``lightness``: 8 }, { ``gamma``: 1 } `}` } `}`\" \/><\/div>[\/vc_column][\/vc_row]<\/p>\n<\/div>","protected":false},"excerpt":{"rendered":"<p>[vc_row css_animation=&#8221;&#8221; row_type=&#8221;row&#8221; use_row_as_full_screen_section=&#8221;no&#8221; type=&#8221;full_width&#8221; angled_section=&#8221;no&#8221; text_align=&#8221;left&#8221; background_image_as_pattern=&#8221;without_pattern&#8221; z_index=&#8221;&#8221; anchor=&#8221;#aproposdenous&#8221;][vc_column][vc_empty_space height=&#8221;30&#8243; css=&#8221;.vc_custom_1588514753760{background-color:&#8230;<\/p>\n","protected":false},"author":1,"featured_media":0,"parent":17215,"menu_order":2,"comment_status":"closed","ping_status":"closed","template":"full_width.php","meta":{"_monsterinsights_skip_tracking":false,"_monsterinsights_sitenote_active":false,"_monsterinsights_sitenote_note":"","_monsterinsights_sitenote_category":0,"footnotes":""},"class_list":["post-17235","page","type-page","status-publish","hentry"],"yoast_head":"<!-- This site is optimized with the Yoast SEO plugin v27.4 - https:\/\/yoast.com\/product\/yoast-seo-wordpress\/ -->\n<title>Info &amp; Contact - L&#039;Autre Maison<\/title>\n<meta name=\"robots\" content=\"index, follow, max-snippet:-1, max-image-preview:large, max-video-preview:-1\" \/>\n<link rel=\"canonical\" href=\"https:\/\/www.lautre-maison.com\/en\/contact-booking\/info-contact\/\" \/>\n<meta property=\"og:locale\" content=\"en_US\" \/>\n<meta property=\"og:type\" content=\"article\" \/>\n<meta property=\"og:title\" content=\"Info &amp; Contact - L&#039;Autre Maison\" \/>\n<meta property=\"og:description\" content=\"[vc_row css_animation=&#8221;&#8221; row_type=&#8221;row&#8221; use_row_as_full_screen_section=&#8221;no&#8221; type=&#8221;full_width&#8221; angled_section=&#8221;no&#8221; text_align=&#8221;left&#8221; background_image_as_pattern=&#8221;without_pattern&#8221; z_index=&#8221;&#8221; anchor=&#8221;#aproposdenous&#8221;][vc_column][vc_empty_space height=&#8221;30&#8243; css=&#8221;.vc_custom_1588514753760{background-color:...\" \/>\n<meta property=\"og:url\" content=\"https:\/\/www.lautre-maison.com\/en\/contact-booking\/info-contact\/\" \/>\n<meta property=\"og:site_name\" content=\"L&#039;Autre Maison\" \/>\n<meta property=\"article:publisher\" content=\"https:\/\/www.facebook.com\/lautremaison.StJean\/\" \/>\n<meta property=\"article:modified_time\" content=\"2025-11-06T10:07:46+00:00\" \/>\n<meta property=\"og:image\" content=\"https:\/\/www.lautre-maison.com\/wp-content\/uploads\/2025\/08\/IMG_4546.jpeg\" \/>\n\t<meta property=\"og:image:width\" content=\"1200\" \/>\n\t<meta property=\"og:image:height\" content=\"960\" \/>\n\t<meta property=\"og:image:type\" content=\"image\/jpeg\" \/>\n<meta name=\"twitter:card\" content=\"summary_large_image\" \/>\n<meta name=\"twitter:label1\" content=\"Est. reading time\" \/>\n\t<meta name=\"twitter:data1\" content=\"5 minutes\" \/>\n<script type=\"application\/ld+json\" class=\"yoast-schema-graph\">{\"@context\":\"https:\\\/\\\/schema.org\",\"@graph\":[{\"@type\":\"WebPage\",\"@id\":\"https:\\\/\\\/www.lautre-maison.com\\\/en\\\/contact-booking\\\/info-contact\\\/\",\"url\":\"https:\\\/\\\/www.lautre-maison.com\\\/en\\\/contact-booking\\\/info-contact\\\/\",\"name\":\"Info &amp; Contact - L&#039;Autre Maison\",\"isPartOf\":{\"@id\":\"https:\\\/\\\/www.lautre-maison.com\\\/en\\\/#website\"},\"datePublished\":\"2021-04-30T08:11:21+00:00\",\"dateModified\":\"2025-11-06T10:07:46+00:00\",\"breadcrumb\":{\"@id\":\"https:\\\/\\\/www.lautre-maison.com\\\/en\\\/contact-booking\\\/info-contact\\\/#breadcrumb\"},\"inLanguage\":\"en-US\",\"potentialAction\":[{\"@type\":\"ReadAction\",\"target\":[\"https:\\\/\\\/www.lautre-maison.com\\\/en\\\/contact-booking\\\/info-contact\\\/\"]}]},{\"@type\":\"BreadcrumbList\",\"@id\":\"https:\\\/\\\/www.lautre-maison.com\\\/en\\\/contact-booking\\\/info-contact\\\/#breadcrumb\",\"itemListElement\":[{\"@type\":\"ListItem\",\"position\":1,\"name\":\"Accueil\",\"item\":\"https:\\\/\\\/www.lautre-maison.com\\\/en\\\/\"},{\"@type\":\"ListItem\",\"position\":2,\"name\":\"Contact &#038; booking\",\"item\":\"https:\\\/\\\/www.lautre-maison.com\\\/en\\\/contact-booking\\\/\"},{\"@type\":\"ListItem\",\"position\":3,\"name\":\"Info &amp; Contact\"}]},{\"@type\":\"WebSite\",\"@id\":\"https:\\\/\\\/www.lautre-maison.com\\\/en\\\/#website\",\"url\":\"https:\\\/\\\/www.lautre-maison.com\\\/en\\\/\",\"name\":\"L'Autre Maison\",\"description\":\"G\u00eetes et Chambres d&#039;H\u00f4tes de Charme\",\"publisher\":{\"@id\":\"https:\\\/\\\/www.lautre-maison.com\\\/en\\\/#organization\"},\"potentialAction\":[{\"@type\":\"SearchAction\",\"target\":{\"@type\":\"EntryPoint\",\"urlTemplate\":\"https:\\\/\\\/www.lautre-maison.com\\\/en\\\/?s={search_term_string}\"},\"query-input\":{\"@type\":\"PropertyValueSpecification\",\"valueRequired\":true,\"valueName\":\"search_term_string\"}}],\"inLanguage\":\"en-US\"},{\"@type\":\"Organization\",\"@id\":\"https:\\\/\\\/www.lautre-maison.com\\\/en\\\/#organization\",\"name\":\"L'Autre Maison\",\"url\":\"https:\\\/\\\/www.lautre-maison.com\\\/en\\\/\",\"logo\":{\"@type\":\"ImageObject\",\"inLanguage\":\"en-US\",\"@id\":\"https:\\\/\\\/www.lautre-maison.com\\\/en\\\/#\\\/schema\\\/logo\\\/image\\\/\",\"url\":\"https:\\\/\\\/www.lautre-maison.com\\\/wp-content\\\/uploads\\\/2020\\\/01\\\/cropped-Logo-Simple.jpg\",\"contentUrl\":\"https:\\\/\\\/www.lautre-maison.com\\\/wp-content\\\/uploads\\\/2020\\\/01\\\/cropped-Logo-Simple.jpg\",\"width\":512,\"height\":512,\"caption\":\"L'Autre Maison\"},\"image\":{\"@id\":\"https:\\\/\\\/www.lautre-maison.com\\\/en\\\/#\\\/schema\\\/logo\\\/image\\\/\"},\"sameAs\":[\"https:\\\/\\\/www.facebook.com\\\/lautremaison.StJean\\\/\",\"https:\\\/\\\/www.instagram.com\\\/lautremaison\\\/\",\"https:\\\/\\\/www.pinterest.fr\\\/lautremaison\\\/\"]}]}<\/script>\n<!-- \/ Yoast SEO plugin. -->","yoast_head_json":{"title":"Info &amp; Contact - L&#039;Autre Maison","robots":{"index":"index","follow":"follow","max-snippet":"max-snippet:-1","max-image-preview":"max-image-preview:large","max-video-preview":"max-video-preview:-1"},"canonical":"https:\/\/www.lautre-maison.com\/en\/contact-booking\/info-contact\/","og_locale":"en_US","og_type":"article","og_title":"Info &amp; Contact - L&#039;Autre Maison","og_description":"[vc_row css_animation=&#8221;&#8221; row_type=&#8221;row&#8221; use_row_as_full_screen_section=&#8221;no&#8221; type=&#8221;full_width&#8221; angled_section=&#8221;no&#8221; text_align=&#8221;left&#8221; background_image_as_pattern=&#8221;without_pattern&#8221; z_index=&#8221;&#8221; anchor=&#8221;#aproposdenous&#8221;][vc_column][vc_empty_space height=&#8221;30&#8243; css=&#8221;.vc_custom_1588514753760{background-color:...","og_url":"https:\/\/www.lautre-maison.com\/en\/contact-booking\/info-contact\/","og_site_name":"L&#039;Autre Maison","article_publisher":"https:\/\/www.facebook.com\/lautremaison.StJean\/","article_modified_time":"2025-11-06T10:07:46+00:00","og_image":[{"width":1200,"height":960,"url":"https:\/\/www.lautre-maison.com\/wp-content\/uploads\/2025\/08\/IMG_4546.jpeg","type":"image\/jpeg"}],"twitter_card":"summary_large_image","twitter_misc":{"Est. reading time":"5 minutes"},"schema":{"@context":"https:\/\/schema.org","@graph":[{"@type":"WebPage","@id":"https:\/\/www.lautre-maison.com\/en\/contact-booking\/info-contact\/","url":"https:\/\/www.lautre-maison.com\/en\/contact-booking\/info-contact\/","name":"Info &amp; Contact - L&#039;Autre Maison","isPartOf":{"@id":"https:\/\/www.lautre-maison.com\/en\/#website"},"datePublished":"2021-04-30T08:11:21+00:00","dateModified":"2025-11-06T10:07:46+00:00","breadcrumb":{"@id":"https:\/\/www.lautre-maison.com\/en\/contact-booking\/info-contact\/#breadcrumb"},"inLanguage":"en-US","potentialAction":[{"@type":"ReadAction","target":["https:\/\/www.lautre-maison.com\/en\/contact-booking\/info-contact\/"]}]},{"@type":"BreadcrumbList","@id":"https:\/\/www.lautre-maison.com\/en\/contact-booking\/info-contact\/#breadcrumb","itemListElement":[{"@type":"ListItem","position":1,"name":"Accueil","item":"https:\/\/www.lautre-maison.com\/en\/"},{"@type":"ListItem","position":2,"name":"Contact &#038; booking","item":"https:\/\/www.lautre-maison.com\/en\/contact-booking\/"},{"@type":"ListItem","position":3,"name":"Info &amp; Contact"}]},{"@type":"WebSite","@id":"https:\/\/www.lautre-maison.com\/en\/#website","url":"https:\/\/www.lautre-maison.com\/en\/","name":"L'Autre Maison","description":"G\u00eetes et Chambres d&#039;H\u00f4tes de Charme","publisher":{"@id":"https:\/\/www.lautre-maison.com\/en\/#organization"},"potentialAction":[{"@type":"SearchAction","target":{"@type":"EntryPoint","urlTemplate":"https:\/\/www.lautre-maison.com\/en\/?s={search_term_string}"},"query-input":{"@type":"PropertyValueSpecification","valueRequired":true,"valueName":"search_term_string"}}],"inLanguage":"en-US"},{"@type":"Organization","@id":"https:\/\/www.lautre-maison.com\/en\/#organization","name":"L'Autre Maison","url":"https:\/\/www.lautre-maison.com\/en\/","logo":{"@type":"ImageObject","inLanguage":"en-US","@id":"https:\/\/www.lautre-maison.com\/en\/#\/schema\/logo\/image\/","url":"https:\/\/www.lautre-maison.com\/wp-content\/uploads\/2020\/01\/cropped-Logo-Simple.jpg","contentUrl":"https:\/\/www.lautre-maison.com\/wp-content\/uploads\/2020\/01\/cropped-Logo-Simple.jpg","width":512,"height":512,"caption":"L'Autre Maison"},"image":{"@id":"https:\/\/www.lautre-maison.com\/en\/#\/schema\/logo\/image\/"},"sameAs":["https:\/\/www.facebook.com\/lautremaison.StJean\/","https:\/\/www.instagram.com\/lautremaison\/","https:\/\/www.pinterest.fr\/lautremaison\/"]}]}},"_links":{"self":[{"href":"https:\/\/www.lautre-maison.com\/en\/wp-json\/wp\/v2\/pages\/17235","targetHints":{"allow":["GET"]}}],"collection":[{"href":"https:\/\/www.lautre-maison.com\/en\/wp-json\/wp\/v2\/pages"}],"about":[{"href":"https:\/\/www.lautre-maison.com\/en\/wp-json\/wp\/v2\/types\/page"}],"author":[{"embeddable":true,"href":"https:\/\/www.lautre-maison.com\/en\/wp-json\/wp\/v2\/users\/1"}],"replies":[{"embeddable":true,"href":"https:\/\/www.lautre-maison.com\/en\/wp-json\/wp\/v2\/comments?post=17235"}],"version-history":[{"count":36,"href":"https:\/\/www.lautre-maison.com\/en\/wp-json\/wp\/v2\/pages\/17235\/revisions"}],"predecessor-version":[{"id":21061,"href":"https:\/\/www.lautre-maison.com\/en\/wp-json\/wp\/v2\/pages\/17235\/revisions\/21061"}],"up":[{"embeddable":true,"href":"https:\/\/www.lautre-maison.com\/en\/wp-json\/wp\/v2\/pages\/17215"}],"wp:attachment":[{"href":"https:\/\/www.lautre-maison.com\/en\/wp-json\/wp\/v2\/media?parent=17235"}],"curies":[{"name":"wp","href":"https:\/\/api.w.org\/{rel}","templated":true}]}}