{"id":20324,"date":"2025-08-15T17:35:00","date_gmt":"2025-08-15T15:35:00","guid":{"rendered":"https:\/\/www.lautre-maison.com\/bleiben\/"},"modified":"2025-11-06T11:06:21","modified_gmt":"2025-11-06T10:06:21","slug":"bleiben","status":"publish","type":"page","link":"https:\/\/www.lautre-maison.com\/de\/bleiben\/","title":{"rendered":"Bleiben"},"content":{"rendered":"<div class=\"wpb-content-wrapper\"><p>[vc_row css_animation=&#8220;&#8220; row_type=&#8220;row&#8220; use_row_as_full_screen_section=&#8220;no&#8220; type=&#8220;full_width&#8220; angled_section=&#8220;no&#8220; text_align=&#8220;left&#8220; background_image_as_pattern=&#8220;without_pattern&#8220;][vc_column][vc_empty_space height=&#8220;30&#8243; css=&#8220;.vc_custom_1587596301646{background-color: #ffffff !important;}&#8220;][qode_elements_holder number_of_columns=&#8220;two_columns&#8220;][qode_elements_holder_item vertical_alignment=&#8220;middle&#8220; advanced_animations=&#8220;no&#8220; item_padding=&#8220;20px 9% 30px 9%&#8220;][vc_column_text]<\/p>\n<h3>Unsere G\u00e4stezimmer<\/h3>\n<p>[\/vc_column_text][vc_empty_space height=&#8220;20&#8243;][vc_column_text]Entdecken Sie unsere drei G\u00e4stezimmer, inspiriert von der wundersch\u00f6nen Region Gard. Jedes Zimmer verf\u00fcgt \u00fcber ein eigenes Bad und verschiedene Schlafm\u00f6glichkeiten. Unsere drei G\u00e4stezimmer tragen das Pr\u00e4dikat \u201e4 \u00e9pis\u201c von <a href=\"https:\/\/www.gites-de-france.com\/fr\/occitanie\/gard\/lautre-maison-30g20223\" target=\"_blank\" rel=\"noopener\">G\u00eetes de France<\/a>.<\/p>\n<p>Das Fr\u00fchst\u00fcck ist in unseren Bed &amp; Breakfast-Preisen inbegriffen.<\/p>\n<p>F\u00fcr Ihren Komfort stellen wir Ihnen Bettw\u00e4sche, Handt\u00fccher, nat\u00fcrliche und regionale Pflegeprodukte sowie einen t\u00e4glichen Zimmerreinigungsservice zur Verf\u00fcgung. Um in Verbindung zu bleiben, steht Ihnen im gesamten Haus WLAN zur Verf\u00fcgung.[\/vc_column_text][vc_empty_space height=&#8220;20&#8243;]<a  itemprop=\"url\" href=\"https:\/\/www.lautre-maison.com\/en\/stay\/the-guest-rooms\/\" target=\"_self\"  class=\"qbutton  default\" style=\"\">Zimmer ansehen<\/a>[\/qode_elements_holder_item][qode_elements_holder_item advanced_animations=&#8220;no&#8220;][vc_single_image image=&#8220;19283&#8243; img_size=&#8220;960&#215;800&#8243; css=&#8220;&#8220; qode_css_animation=&#8220;&#8220;][\/qode_elements_holder_item][\/qode_elements_holder][\/vc_column][\/vc_row][vc_row css_animation=&#8220;&#8220; row_type=&#8220;row&#8220; use_row_as_full_screen_section=&#8220;no&#8220; type=&#8220;full_width&#8220; angled_section=&#8220;no&#8220; text_align=&#8220;left&#8220; background_image_as_pattern=&#8220;without_pattern&#8220;][vc_column][vc_empty_space height=&#8220;20&#8243; css=&#8220;.vc_custom_1587592151820{background-color: #ffffff !important;}&#8220;][\/vc_column][\/vc_row][vc_row css_animation=&#8220;&#8220; row_type=&#8220;row&#8220; use_row_as_full_screen_section=&#8220;no&#8220; type=&#8220;full_width&#8220; angled_section=&#8220;no&#8220; text_align=&#8220;left&#8220; background_image_as_pattern=&#8220;without_pattern&#8220;][vc_column][qode_elements_holder number_of_columns=&#8220;two_columns&#8220;][qode_elements_holder_item advanced_animations=&#8220;no&#8220;][vc_single_image image=&#8220;19343&#8243; img_size=&#8220;960&#215;800&#8243; css=&#8220;&#8220; qode_css_animation=&#8220;&#8220;][\/qode_elements_holder_item][qode_elements_holder_item vertical_alignment=&#8220;middle&#8220; advanced_animations=&#8220;no&#8220; item_padding=&#8220;20px 9% 30px 9%&#8220;][vc_column_text]<\/p>\n<h3>La Vieille Ferme<\/h3>\n<p>\n[\/vc_column_text][vc_empty_space height=&#8220;20&#8243;][vc_column_text css=&#8220;&#8220;]Entdecken Sie das Apartment La Vieille Ferme, das sich ideal f\u00fcr Familien oder einen Aufenthalt mit Freunden eignet. Es befindet sich in einem Nebengeb\u00e4ude und bietet Platz f\u00fcr bis zu 7 Personen in 3 Schlafzimmern und 3 Badezimmern.<\/p>\n<p>Dieses Apartment verf\u00fcgt \u00fcber einen eigenen Eingang und eine sch\u00f6ne Terrasse mit Blick auf den Innenhof mit Pool. Der gem\u00fctliche Wohnbereich bietet einen Wohnbereich mit Sofa, Leseecke, Fernseher und einen Essbereich mit Tisch und Stuhl sowie eine gut ausgestattete K\u00fcchenzeile. WLAN-Zugang steht zur Verf\u00fcgung, um in Verbindung zu bleiben.<\/p>\n<p>Diese Unterkunft ist auf \u00dcbernachtungs- und Fr\u00fchst\u00fccksbasis verf\u00fcgbar.[\/vc_column_text][vc_empty_space height=&#8220;20&#8243;]<a  itemprop=\"url\" href=\"https:\/\/www.lautre-maison.com\/en\/stay\/la-vieille-ferme\/\" target=\"_self\"  class=\"qbutton  default\" style=\"\">La Vieille Ferme ansehen<\/a>[\/qode_elements_holder_item][\/qode_elements_holder][\/vc_column][\/vc_row][vc_row css_animation=&#8220;&#8220; row_type=&#8220;row&#8220; use_row_as_full_screen_section=&#8220;no&#8220; type=&#8220;full_width&#8220; angled_section=&#8220;no&#8220; text_align=&#8220;left&#8220; background_image_as_pattern=&#8220;without_pattern&#8220;][vc_column][vc_empty_space height=&#8220;20&#8243; css=&#8220;.vc_custom_1587592151820{background-color: #ffffff !important;}&#8220;][\/vc_column][\/vc_row][vc_row css_animation=&#8220;&#8220; row_type=&#8220;row&#8220; use_row_as_full_screen_section=&#8220;no&#8220; type=&#8220;full_width&#8220; angled_section=&#8220;no&#8220; text_align=&#8220;left&#8220; background_image_as_pattern=&#8220;without_pattern&#8220;][vc_column][qode_elements_holder number_of_columns=&#8220;two_columns&#8220;][qode_elements_holder_item vertical_alignment=&#8220;middle&#8220; advanced_animations=&#8220;no&#8220; item_padding=&#8220;20px 9% 30px 9%&#8220;][vc_column_text]<\/p>\n<h3>La Maison<\/h3>\n<p>\n[\/vc_column_text][vc_empty_space height=&#8220;20&#8243;][vc_column_text]Ideal for meeting with family or friends, book the entire house just for you for a stay in complete autonomy.<\/p>\n<p>[\/vc_column_text][vc_empty_space height=&#8220;20&#8243;]<a  itemprop=\"url\" href=\"https:\/\/www.lautre-maison.com\/en\/stay\/la-maison\/\" target=\"_self\"  class=\"qbutton  default\" style=\"\">La Maison ansehen<\/a>[\/qode_elements_holder_item][qode_elements_holder_item advanced_animations=&#8220;no&#8220;][vc_single_image image=&#8220;19348&#8243; img_size=&#8220;960&#215;800&#8243; css=&#8220;&#8220; qode_css_animation=&#8220;&#8220;][\/qode_elements_holder_item][\/qode_elements_holder][\/vc_column][\/vc_row]<\/p>\n<\/div>","protected":false},"excerpt":{"rendered":"<p>[vc_row css_animation=&#8220;&#8220; row_type=&#8220;row&#8220; use_row_as_full_screen_section=&#8220;no&#8220; type=&#8220;full_width&#8220; angled_section=&#8220;no&#8220; text_align=&#8220;left&#8220; background_image_as_pattern=&#8220;without_pattern&#8220;][vc_column][vc_empty_space height=&#8220;30&#8243; css=&#8220;.vc_custom_1587596301646{background-color: #ffffff !important;}&#8220;][qode_elements_holder&#8230;<\/p>\n","protected":false},"author":1,"featured_media":0,"parent":0,"menu_order":2,"comment_status":"closed","ping_status":"closed","template":"full_width.php","meta":{"_monsterinsights_skip_tracking":false,"_monsterinsights_sitenote_active":false,"_monsterinsights_sitenote_note":"","_monsterinsights_sitenote_category":0,"footnotes":""},"class_list":["post-20324","page","type-page","status-publish","hentry"],"yoast_head":"<!-- This site is optimized with the Yoast SEO plugin v27.4 - https:\/\/yoast.com\/product\/yoast-seo-wordpress\/ -->\n<title>Bleiben - L&#039;Autre Maison<\/title>\n<meta name=\"robots\" content=\"index, follow, max-snippet:-1, max-image-preview:large, max-video-preview:-1\" \/>\n<link rel=\"canonical\" href=\"https:\/\/www.lautre-maison.com\/de\/bleiben\/\" \/>\n<meta property=\"og:locale\" content=\"de_DE\" \/>\n<meta property=\"og:type\" content=\"article\" \/>\n<meta property=\"og:title\" content=\"Bleiben - L&#039;Autre Maison\" \/>\n<meta property=\"og:description\" content=\"[vc_row css_animation=&#8220;&#8220; row_type=&#8220;row&#8220; use_row_as_full_screen_section=&#8220;no&#8220; type=&#8220;full_width&#8220; angled_section=&#8220;no&#8220; text_align=&#8220;left&#8220; background_image_as_pattern=&#8220;without_pattern&#8220;][vc_column][vc_empty_space height=&#8220;30&#8243; css=&#8220;.vc_custom_1587596301646{background-color: #ffffff !important;}&#8220;][qode_elements_holder...\" \/>\n<meta property=\"og:url\" content=\"https:\/\/www.lautre-maison.com\/de\/bleiben\/\" \/>\n<meta property=\"og:site_name\" content=\"L&#039;Autre Maison\" \/>\n<meta property=\"article:publisher\" content=\"https:\/\/www.facebook.com\/lautremaison.StJean\/\" \/>\n<meta property=\"article:modified_time\" content=\"2025-11-06T10:06:21+00:00\" \/>\n<meta property=\"og:image\" content=\"https:\/\/www.lautre-maison.com\/wp-content\/uploads\/2025\/08\/IMG_4546.jpeg\" \/>\n\t<meta property=\"og:image:width\" content=\"1200\" \/>\n\t<meta property=\"og:image:height\" content=\"960\" \/>\n\t<meta property=\"og:image:type\" content=\"image\/jpeg\" \/>\n<meta name=\"twitter:card\" content=\"summary_large_image\" \/>\n<meta name=\"twitter:label1\" content=\"Gesch\u00e4tzte Lesezeit\" \/>\n\t<meta name=\"twitter:data1\" content=\"3\u00a0Minuten\" \/>\n<script type=\"application\/ld+json\" class=\"yoast-schema-graph\">{\"@context\":\"https:\\\/\\\/schema.org\",\"@graph\":[{\"@type\":\"WebPage\",\"@id\":\"https:\\\/\\\/www.lautre-maison.com\\\/de\\\/bleiben\\\/\",\"url\":\"https:\\\/\\\/www.lautre-maison.com\\\/de\\\/bleiben\\\/\",\"name\":\"Bleiben - L&#039;Autre Maison\",\"isPartOf\":{\"@id\":\"https:\\\/\\\/www.lautre-maison.com\\\/de\\\/#website\"},\"datePublished\":\"2025-08-15T15:35:00+00:00\",\"dateModified\":\"2025-11-06T10:06:21+00:00\",\"breadcrumb\":{\"@id\":\"https:\\\/\\\/www.lautre-maison.com\\\/de\\\/bleiben\\\/#breadcrumb\"},\"inLanguage\":\"de\",\"potentialAction\":[{\"@type\":\"ReadAction\",\"target\":[\"https:\\\/\\\/www.lautre-maison.com\\\/de\\\/bleiben\\\/\"]}]},{\"@type\":\"BreadcrumbList\",\"@id\":\"https:\\\/\\\/www.lautre-maison.com\\\/de\\\/bleiben\\\/#breadcrumb\",\"itemListElement\":[{\"@type\":\"ListItem\",\"position\":1,\"name\":\"Accueil\",\"item\":\"https:\\\/\\\/www.lautre-maison.com\\\/de\\\/\"},{\"@type\":\"ListItem\",\"position\":2,\"name\":\"Bleiben\"}]},{\"@type\":\"WebSite\",\"@id\":\"https:\\\/\\\/www.lautre-maison.com\\\/de\\\/#website\",\"url\":\"https:\\\/\\\/www.lautre-maison.com\\\/de\\\/\",\"name\":\"L'Autre Maison\",\"description\":\"G\u00eetes et Chambres d&#039;H\u00f4tes de Charme\",\"publisher\":{\"@id\":\"https:\\\/\\\/www.lautre-maison.com\\\/de\\\/#organization\"},\"potentialAction\":[{\"@type\":\"SearchAction\",\"target\":{\"@type\":\"EntryPoint\",\"urlTemplate\":\"https:\\\/\\\/www.lautre-maison.com\\\/de\\\/?s={search_term_string}\"},\"query-input\":{\"@type\":\"PropertyValueSpecification\",\"valueRequired\":true,\"valueName\":\"search_term_string\"}}],\"inLanguage\":\"de\"},{\"@type\":\"Organization\",\"@id\":\"https:\\\/\\\/www.lautre-maison.com\\\/de\\\/#organization\",\"name\":\"L'Autre Maison\",\"url\":\"https:\\\/\\\/www.lautre-maison.com\\\/de\\\/\",\"logo\":{\"@type\":\"ImageObject\",\"inLanguage\":\"de\",\"@id\":\"https:\\\/\\\/www.lautre-maison.com\\\/de\\\/#\\\/schema\\\/logo\\\/image\\\/\",\"url\":\"https:\\\/\\\/www.lautre-maison.com\\\/wp-content\\\/uploads\\\/2020\\\/01\\\/cropped-Logo-Simple.jpg\",\"contentUrl\":\"https:\\\/\\\/www.lautre-maison.com\\\/wp-content\\\/uploads\\\/2020\\\/01\\\/cropped-Logo-Simple.jpg\",\"width\":512,\"height\":512,\"caption\":\"L'Autre Maison\"},\"image\":{\"@id\":\"https:\\\/\\\/www.lautre-maison.com\\\/de\\\/#\\\/schema\\\/logo\\\/image\\\/\"},\"sameAs\":[\"https:\\\/\\\/www.facebook.com\\\/lautremaison.StJean\\\/\",\"https:\\\/\\\/www.instagram.com\\\/lautremaison\\\/\",\"https:\\\/\\\/www.pinterest.fr\\\/lautremaison\\\/\"]}]}<\/script>\n<!-- \/ Yoast SEO plugin. -->","yoast_head_json":{"title":"Bleiben - L&#039;Autre Maison","robots":{"index":"index","follow":"follow","max-snippet":"max-snippet:-1","max-image-preview":"max-image-preview:large","max-video-preview":"max-video-preview:-1"},"canonical":"https:\/\/www.lautre-maison.com\/de\/bleiben\/","og_locale":"de_DE","og_type":"article","og_title":"Bleiben - L&#039;Autre Maison","og_description":"[vc_row css_animation=&#8220;&#8220; row_type=&#8220;row&#8220; use_row_as_full_screen_section=&#8220;no&#8220; type=&#8220;full_width&#8220; angled_section=&#8220;no&#8220; text_align=&#8220;left&#8220; background_image_as_pattern=&#8220;without_pattern&#8220;][vc_column][vc_empty_space height=&#8220;30&#8243; css=&#8220;.vc_custom_1587596301646{background-color: #ffffff !important;}&#8220;][qode_elements_holder...","og_url":"https:\/\/www.lautre-maison.com\/de\/bleiben\/","og_site_name":"L&#039;Autre Maison","article_publisher":"https:\/\/www.facebook.com\/lautremaison.StJean\/","article_modified_time":"2025-11-06T10:06:21+00:00","og_image":[{"width":1200,"height":960,"url":"https:\/\/www.lautre-maison.com\/wp-content\/uploads\/2025\/08\/IMG_4546.jpeg","type":"image\/jpeg"}],"twitter_card":"summary_large_image","twitter_misc":{"Gesch\u00e4tzte Lesezeit":"3\u00a0Minuten"},"schema":{"@context":"https:\/\/schema.org","@graph":[{"@type":"WebPage","@id":"https:\/\/www.lautre-maison.com\/de\/bleiben\/","url":"https:\/\/www.lautre-maison.com\/de\/bleiben\/","name":"Bleiben - L&#039;Autre Maison","isPartOf":{"@id":"https:\/\/www.lautre-maison.com\/de\/#website"},"datePublished":"2025-08-15T15:35:00+00:00","dateModified":"2025-11-06T10:06:21+00:00","breadcrumb":{"@id":"https:\/\/www.lautre-maison.com\/de\/bleiben\/#breadcrumb"},"inLanguage":"de","potentialAction":[{"@type":"ReadAction","target":["https:\/\/www.lautre-maison.com\/de\/bleiben\/"]}]},{"@type":"BreadcrumbList","@id":"https:\/\/www.lautre-maison.com\/de\/bleiben\/#breadcrumb","itemListElement":[{"@type":"ListItem","position":1,"name":"Accueil","item":"https:\/\/www.lautre-maison.com\/de\/"},{"@type":"ListItem","position":2,"name":"Bleiben"}]},{"@type":"WebSite","@id":"https:\/\/www.lautre-maison.com\/de\/#website","url":"https:\/\/www.lautre-maison.com\/de\/","name":"L'Autre Maison","description":"G\u00eetes et Chambres d&#039;H\u00f4tes de Charme","publisher":{"@id":"https:\/\/www.lautre-maison.com\/de\/#organization"},"potentialAction":[{"@type":"SearchAction","target":{"@type":"EntryPoint","urlTemplate":"https:\/\/www.lautre-maison.com\/de\/?s={search_term_string}"},"query-input":{"@type":"PropertyValueSpecification","valueRequired":true,"valueName":"search_term_string"}}],"inLanguage":"de"},{"@type":"Organization","@id":"https:\/\/www.lautre-maison.com\/de\/#organization","name":"L'Autre Maison","url":"https:\/\/www.lautre-maison.com\/de\/","logo":{"@type":"ImageObject","inLanguage":"de","@id":"https:\/\/www.lautre-maison.com\/de\/#\/schema\/logo\/image\/","url":"https:\/\/www.lautre-maison.com\/wp-content\/uploads\/2020\/01\/cropped-Logo-Simple.jpg","contentUrl":"https:\/\/www.lautre-maison.com\/wp-content\/uploads\/2020\/01\/cropped-Logo-Simple.jpg","width":512,"height":512,"caption":"L'Autre Maison"},"image":{"@id":"https:\/\/www.lautre-maison.com\/de\/#\/schema\/logo\/image\/"},"sameAs":["https:\/\/www.facebook.com\/lautremaison.StJean\/","https:\/\/www.instagram.com\/lautremaison\/","https:\/\/www.pinterest.fr\/lautremaison\/"]}]}},"_links":{"self":[{"href":"https:\/\/www.lautre-maison.com\/de\/wp-json\/wp\/v2\/pages\/20324","targetHints":{"allow":["GET"]}}],"collection":[{"href":"https:\/\/www.lautre-maison.com\/de\/wp-json\/wp\/v2\/pages"}],"about":[{"href":"https:\/\/www.lautre-maison.com\/de\/wp-json\/wp\/v2\/types\/page"}],"author":[{"embeddable":true,"href":"https:\/\/www.lautre-maison.com\/de\/wp-json\/wp\/v2\/users\/1"}],"replies":[{"embeddable":true,"href":"https:\/\/www.lautre-maison.com\/de\/wp-json\/wp\/v2\/comments?post=20324"}],"version-history":[{"count":9,"href":"https:\/\/www.lautre-maison.com\/de\/wp-json\/wp\/v2\/pages\/20324\/revisions"}],"predecessor-version":[{"id":21035,"href":"https:\/\/www.lautre-maison.com\/de\/wp-json\/wp\/v2\/pages\/20324\/revisions\/21035"}],"wp:attachment":[{"href":"https:\/\/www.lautre-maison.com\/de\/wp-json\/wp\/v2\/media?parent=20324"}],"curies":[{"name":"wp","href":"https:\/\/api.w.org\/{rel}","templated":true}]}}